{"id":98,"date":"2025-12-09T15:30:07","date_gmt":"2025-12-09T14:30:07","guid":{"rendered":"https:\/\/valorimplant.com\/?page_id=98"},"modified":"2026-04-20T09:37:01","modified_gmt":"2026-04-20T07:37:01","slug":"implantes-especificos-para-el-paciente","status":"publish","type":"page","link":"https:\/\/valorimplant.com\/es\/implantes-especificos-para-el-paciente\/","title":{"rendered":"Pacientes"},"content":{"rendered":"<p>[et_pb_section fb_built=\u00bb1&#8243; theme_builder_area=\u00bbpost_content\u00bb _builder_version=\u00bb4.27.6&#8243; _module_preset=\u00bbdefault\u00bb][et_pb_row _builder_version=\u00bb4.27.6&#8243; _module_preset=\u00bbdefault\u00bb theme_builder_area=\u00bbpost_content\u00bb][et_pb_column _builder_version=\u00bb4.27.6&#8243; _module_preset=\u00bbdefault\u00bb type=\u00bb4_4&#8243; theme_builder_area=\u00bbpost_content\u00bb][et_pb_code _builder_version=\u00bb4.27.6&#8243; _module_preset=\u00bbdefault\u00bb theme_builder_area=\u00bbpost_content\u00bb custom_css_free_form=\u00bb.vi-page-hero-es {||  padding: 96px 0 72px;||}||||.vi-page-hero-es__inner {||  width: 100%;||  max-width: 1240px;||  margin: 0 auto;||  padding: 0 20px;||}||||.vi-page-hero-es__content {||  max-width: 980px;||  margin: 0 auto;||  text-align: center;||}||||.vi-page-hero-es__eyebrow {||  margin: 0 0 18px;||  font-size: 13px;||  line-height: 1.2;||  letter-spacing: 0.22em;||  text-transform: uppercase;||  font-weight: 600;||  color: #6f7f96;||}||||.vi-page-hero-es__title {||  margin: 0;||  max-width: 920px;||  margin-left: auto;||  margin-right: auto;||  font-size: clamp(40px, 5vw, 64px);||  line-height: 0.98;||  letter-spacing: -0.045em;||  font-weight: 700;||  color: #1f3447;||}||||.vi-page-hero-es__title span {||  display: block;||  color: #4e3583;||}||||@media (max-width: 980px) {||  .vi-page-hero-es {||    padding: 78px 0 58px;||  }||||  .vi-page-hero-es__title {||    font-size: 50px;||  }||}||||@media (max-width: 767px) {||  .vi-page-hero-es {||    padding: 56px 0 42px;||  }||||  .vi-page-hero-es__inner {||    padding: 0 16px;||  }||||  .vi-page-hero-es__title {||    font-size: 34px;||    line-height: 1.02;||  }||}\u00bb hover_enabled=\u00bb0&#8243; sticky_enabled=\u00bb0&#8243;]<\/p>\n<section class=\"vi-page-hero-es\"><!-- [et_pb_line_break_holder] -->  <\/p>\n<div class=\"vi-page-hero-es__inner\"><!-- [et_pb_line_break_holder] -->    <\/p>\n<div class=\"vi-page-hero-es__content\"><!-- [et_pb_line_break_holder] --><!-- [et_pb_line_break_holder] -->      <pee class=\"vi-page-hero-es__eyebrow\">EVIDENCIA CL\u00cdNICA<\/pee><!-- [et_pb_line_break_holder] --><!-- [et_pb_line_break_holder] -->      <\/p>\n<h1 class=\"vi-page-hero-es__title\"><!-- [et_pb_line_break_holder] -->        La planificaci\u00f3n personalizada puede mejorar<!-- [et_pb_line_break_holder] -->        <span>la precisi\u00f3n y la eficiencia quir\u00fargica.<\/span><!-- [et_pb_line_break_holder] -->      <\/h1>\n<p><!-- [et_pb_line_break_holder] --><!-- [et_pb_line_break_holder] -->    <\/div>\n<p><!-- [et_pb_line_break_holder] -->  <\/div>\n<p><!-- [et_pb_line_break_holder] --><\/section>\n<p>[\/et_pb_code][\/et_pb_column][\/et_pb_row][\/et_pb_section][et_pb_section fb_built=\u00bb1&#8243; theme_builder_area=\u00bbpost_content\u00bb _builder_version=\u00bb4.27.6&#8243; _module_preset=\u00bbdefault\u00bb][et_pb_row _builder_version=\u00bb4.27.6&#8243; _module_preset=\u00bbdefault\u00bb theme_builder_area=\u00bbpost_content\u00bb][et_pb_column _builder_version=\u00bb4.27.6&#8243; _module_preset=\u00bbdefault\u00bb type=\u00bb4_4&#8243; theme_builder_area=\u00bbpost_content\u00bb][et_pb_code _builder_version=\u00bb4.27.6&#8243; _module_preset=\u00bbdefault\u00bb theme_builder_area=\u00bbpost_content\u00bb custom_css_free_form=\u00bb.vi-metrics-stable {||  padding: 110px 20px;||  background: transparent;||}||||.vi-metrics-stable__inner {||  max-width: 1340px;||  margin: 0 auto;||}||||.vi-metrics-stable__title {||  font-size: 60px;||  line-height: 0.95;||  font-weight: 700;||  color: #3a3a3f;||  margin-bottom: 70px;||  max-width: 980px;||}||||.vi-metrics-stable__grid {||  display: grid;||  grid-template-columns: repeat(5, 1fr);||  gap: 26px;||}||||.vi-metrics-stable__card {||  background: transparent;||  border: 1px solid #d9d9df;||  border-radius: 24px;||  padding: 28px 22px 22px;||  min-height: 215px;||}||||.vi-metrics-stable__value {||  display: flex;||  align-items: flex-start;||  margin-bottom: 28px;||  color: #3a3a3f;||}||||.vi-metrics-stable__sign {||  font-size: 48px;||  font-weight: 700;||  line-height: 1;||}||||.vi-metrics-stable__num {||  font-size: 48px;||  font-weight: 700;||  line-height: 1;||}||||.vi-metrics-stable__pct {||  font-size: 30px;||  font-weight: 500;||  margin-left: 6px;||  color: #4e3583;||  line-height: 1.1;||  position: relative;||  top: 2px;||}||||.vi-metrics-stable__label {||  font-size: 16px;||  line-height: 1.35;||  font-weight: 400;||  color: #3a3a3f;||  margin-bottom: 34px;||}||||.vi-metrics-stable__bar {||  height: 6px;||  background: #e4e4ea;||  border-radius: 6px;||  overflow: hidden;||}||||.vi-metrics-stable__bar span {||  display: block;||  height: 100%;||  background: #4e3583;||  border-radius: 6px;||}||||.vi-metrics-stable__footnote {||  margin-top: 36px;||  font-size: 14px;||  line-height: 1.55;||  color: #6f7380;||  max-width: 1150px;||}||||.vi-metrics-stable__footnote p {||  margin-bottom: 14px;||}||||@media (max-width: 1200px) {||  .vi-metrics-stable__grid {||    grid-template-columns: repeat(3, 1fr);||  }||||  .vi-metrics-stable__title {||    font-size: 58px;||  }||}||||@media (max-width: 768px) {||  .vi-metrics-stable__grid {||    grid-template-columns: 1fr;||  }||||  .vi-metrics-stable__title {||    font-size: 40px;||    line-height: 1.05;||  }||}\u00bb hover_enabled=\u00bb0&#8243; sticky_enabled=\u00bb0&#8243;]<\/p>\n<div class=\"vi-metrics-stable__grid\"><!-- [et_pb_line_break_holder] --><!-- [et_pb_line_break_holder] -->      <\/p>\n<article class=\"vi-metrics-stable__card\"><!-- [et_pb_line_break_holder] -->        <\/p>\n<div class=\"vi-metrics-stable__value\"><!-- [et_pb_line_break_holder] -->          <span class=\"vi-metrics-stable__sign\">&#8211;<\/span><!-- [et_pb_line_break_holder] -->          <span class=\"vi-metrics-stable__num\">22.7<\/span><!-- [et_pb_line_break_holder] -->          <span class=\"vi-metrics-stable__pct\">%<\/span><!-- [et_pb_line_break_holder] -->        <\/div>\n<p><!-- [et_pb_line_break_holder] -->        <\/p>\n<h3 class=\"vi-metrics-stable__label\">Menos imprevistos en quir\u00f3fano<\/h3>\n<p><!-- [et_pb_line_break_holder] -->        <\/p>\n<div class=\"vi-metrics-stable__bar\"><!-- [et_pb_line_break_holder] -->          <span style=\"width:22.7%;\"><\/span><!-- [et_pb_line_break_holder] -->        <\/div>\n<p><!-- [et_pb_line_break_holder] -->      <\/article>\n<p><!-- [et_pb_line_break_holder] --><!-- [et_pb_line_break_holder] -->      <\/p>\n<article class=\"vi-metrics-stable__card\"><!-- [et_pb_line_break_holder] -->        <\/p>\n<div class=\"vi-metrics-stable__value\"><!-- [et_pb_line_break_holder] -->          <span class=\"vi-metrics-stable__sign\">&#8211;<\/span><!-- [et_pb_line_break_holder] -->          <span class=\"vi-metrics-stable__num\">42.1<\/span><!-- [et_pb_line_break_holder] -->          <span class=\"vi-metrics-stable__pct\">%<\/span><!-- [et_pb_line_break_holder] -->        <\/div>\n<p><!-- [et_pb_line_break_holder] -->        <\/p>\n<h3 class=\"vi-metrics-stable__label\">Reducci\u00f3n del tiempo quir\u00fargico<\/h3>\n<p><!-- [et_pb_line_break_holder] -->        <\/p>\n<div class=\"vi-metrics-stable__bar\"><!-- [et_pb_line_break_holder] -->          <span style=\"width:42.1%;\"><\/span><!-- [et_pb_line_break_holder] -->        <\/div>\n<p><!-- [et_pb_line_break_holder] -->      <\/article>\n<p><!-- [et_pb_line_break_holder] --><!-- [et_pb_line_break_holder] -->      <\/p>\n<article class=\"vi-metrics-stable__card\"><!-- [et_pb_line_break_holder] -->        <\/p>\n<div class=\"vi-metrics-stable__value\"><!-- [et_pb_line_break_holder] -->          <span class=\"vi-metrics-stable__sign\">&#8211;<\/span><!-- [et_pb_line_break_holder] -->          <span class=\"vi-metrics-stable__num\">93.3<\/span><!-- [et_pb_line_break_holder] -->          <span class=\"vi-metrics-stable__pct\">%<\/span><!-- [et_pb_line_break_holder] -->        <\/div>\n<p><!-- [et_pb_line_break_holder] -->        <\/p>\n<h3 class=\"vi-metrics-stable__label\">Menor exposici\u00f3n a rayos X<\/h3>\n<p><!-- [et_pb_line_break_holder] -->        <\/p>\n<div class=\"vi-metrics-stable__bar\"><!-- [et_pb_line_break_holder] -->          <span style=\"width:93.3%;\"><\/span><!-- [et_pb_line_break_holder] -->        <\/div>\n<p><!-- [et_pb_line_break_holder] -->      <\/article>\n<p><!-- [et_pb_line_break_holder] --><!-- [et_pb_line_break_holder] -->      <\/p>\n<article class=\"vi-metrics-stable__card\"><!-- [et_pb_line_break_holder] -->        <\/p>\n<div class=\"vi-metrics-stable__value\"><!-- [et_pb_line_break_holder] -->          <span class=\"vi-metrics-stable__sign\">+<\/span><!-- [et_pb_line_break_holder] -->          <span class=\"vi-metrics-stable__num\">69.8<\/span><!-- [et_pb_line_break_holder] -->          <span class=\"vi-metrics-stable__pct\">%<\/span><!-- [et_pb_line_break_holder] -->        <\/div>\n<p><!-- [et_pb_line_break_holder] -->        <\/p>\n<h3 class=\"vi-metrics-stable__label\">Mayor precisi\u00f3n quir\u00fargica<\/h3>\n<p><!-- [et_pb_line_break_holder] -->        <\/p>\n<div class=\"vi-metrics-stable__bar\"><!-- [et_pb_line_break_holder] -->          <span style=\"width:69.8%;\"><\/span><!-- [et_pb_line_break_holder] -->        <\/div>\n<p><!-- [et_pb_line_break_holder] -->      <\/article>\n<p><!-- [et_pb_line_break_holder] --><!-- [et_pb_line_break_holder] -->      <\/p>\n<article class=\"vi-metrics-stable__card\"><!-- [et_pb_line_break_holder] -->        <\/p>\n<div class=\"vi-metrics-stable__value\"><!-- [et_pb_line_break_holder] -->          <span class=\"vi-metrics-stable__sign\">&#8211;<\/span><!-- [et_pb_line_break_holder] -->          <span class=\"vi-metrics-stable__num\">46.7<\/span><!-- [et_pb_line_break_holder] -->          <span class=\"vi-metrics-stable__pct\">%<\/span><!-- [et_pb_line_break_holder] -->        <\/div>\n<p><!-- [et_pb_line_break_holder] -->        <\/p>\n<h3 class=\"vi-metrics-stable__label\">Reducci\u00f3n de p\u00e9rdida de sangre<\/h3>\n<p><!-- [et_pb_line_break_holder] -->        <\/p>\n<div class=\"vi-metrics-stable__bar\"><!-- [et_pb_line_break_holder] -->          <span style=\"width:46.7%;\"><\/span><!-- [et_pb_line_break_holder] -->        <\/div>\n<p><!-- [et_pb_line_break_holder] -->      <\/article>\n<p><!-- [et_pb_line_break_holder] --><!-- [et_pb_line_break_holder] -->    <\/div>\n<p><!-- [et_pb_line_break_holder] --><!-- [et_pb_line_break_holder] -->    <\/p>\n<div class=\"vi-metrics-stable__footnote\"><!-- [et_pb_line_break_holder] -->      <pee>Datos adaptados de Kampkuiper et al., 2025 (CC BY 4.0). Se han realizado adaptaciones.<\/pee><!-- [et_pb_line_break_holder] -->    <\/div>\n<p><!-- [et_pb_line_break_holder] --><!-- [et_pb_line_break_holder] -->  <\/div>\n<p><!-- [et_pb_line_break_holder] --><\/section>\n<p><!-- [et_pb_line_break_holder] --><!-- [et_pb_line_break_holder] -->[\/et_pb_code][\/et_pb_column][\/et_pb_row][\/et_pb_section][et_pb_section fb_built=\u00bb1&#8243; _builder_version=\u00bb4.27.4&#8243; _module_preset=\u00bbdefault\u00bb global_colors_info=\u00bb{}\u00bb][et_pb_row column_structure=\u00bb1_2,1_2&#8243; make_equal=\u00bbon\u00bb _builder_version=\u00bb4.27.4&#8243; _module_preset=\u00bbdefault\u00bb global_colors_info=\u00bb{}\u00bb][et_pb_column type=\u00bb1_2&#8243; _builder_version=\u00bb4.27.4&#8243; _module_preset=\u00bbdefault\u00bb custom_css_free_form=\u00bbselector{margin:auto}\u00bb global_colors_info=\u00bb{}\u00bb][et_pb_code _builder_version=\u00bb4.27.6&#8243; _module_preset=\u00bbdefault\u00bb custom_css_free_form=\u00bb.vi-patients-anatomy__content {||  max-width: 460px;||}||||.vi-patients-anatomy__eyebrow {||  margin: 0 0 20px;||  font-size: 13px;||  line-height: 1.2;||  letter-spacing: 0.22em;||  text-transform: uppercase;||  font-weight: 600;||  color: #6f7f96;||}||||.vi-patients-anatomy__title {||  margin: 0 0 28px;||  font-size: clamp(42px, 4.5vw, 3px);||  line-height: 0.98;||  letter-spacing: -0.045em;||  font-weight: 700;||  color: #1f3447;||}||||.vi-patients-anatomy__title span {||  display: block;||  color: #4e3583;||}||||.vi-patients-anatomy__text {||  margin: 0 0 24px;||  font-size: 18px;||  line-height: 1.7;||  color: #607089;||}||||.vi-patients-anatomy__button {||  display: inline-flex;||  align-items: center;||  justify-content: center;||  min-height: 56px;||  padding: 0 28px;||  border-radius: 999px;||  background: #4e3583;||  color: #ffffff !important;||  text-decoration: none !important;||  font-size: 16px;||  font-weight: 600;||  transition: all 0.25s ease;||  box-shadow: 0 10px 24px rgba(78, 53, 131, 0.18);||}||||.vi-patients-anatomy__button:hover {||  background: #3f2b6f;||  transform: translateY(-2px);||}\u00bb hover_enabled=\u00bb0&#8243; sticky_enabled=\u00bb0&#8243;]<\/p>\n<div class=\"vi-patients-anatomy__content\"><!-- [et_pb_line_break_holder] -->  <pee class=\"vi-patients-anatomy__eyebrow\">DISE\u00d1O PERSONALIZADO<\/pee><!-- [et_pb_line_break_holder] --><!-- [et_pb_line_break_holder] -->  <\/p>\n<h2 class=\"vi-patients-anatomy__title\"><!-- [et_pb_line_break_holder] -->    Tu anatom\u00eda es \u00fanica.<!-- [et_pb_line_break_holder] -->    <span>Tu implante tambi\u00e9n deber\u00eda serlo.<\/span><!-- [et_pb_line_break_holder] -->  <\/h2>\n<p><!-- [et_pb_line_break_holder] --><!-- [et_pb_line_break_holder] -->  <pee class=\"vi-patients-anatomy__text\"><!-- [et_pb_line_break_holder] -->    Los implantes personalizados se dise\u00f1an a partir de tus propias im\u00e1genes m\u00e9dicas, permitiendo un ajuste anat\u00f3mico m\u00e1s preciso y una mejor planificaci\u00f3n quir\u00fargica.<!-- [et_pb_line_break_holder] -->  <\/pee><!-- [et_pb_line_break_holder] --><!-- [et_pb_line_break_holder] -->  <pee class=\"vi-patients-anatomy__text\"><!-- [et_pb_line_break_holder] -->    Cada soluci\u00f3n se desarrolla espec\u00edficamente para tu caso, ayudando al equipo quir\u00fargico a adaptar el tratamiento a tu anatom\u00eda individual.<!-- [et_pb_line_break_holder] -->  <\/pee><!-- [et_pb_line_break_holder] --><!-- [et_pb_line_break_holder] -->  <a class=\"vi-patients-anatomy__button\" href=\"\/es\/como-funciona\/\" role=\"link\"><!-- [et_pb_line_break_holder] -->    Descubre c\u00f3mo funciona<!-- [et_pb_line_break_holder] -->  <\/a><!-- [et_pb_line_break_holder] --><\/div>\n<p>[\/et_pb_code][\/et_pb_column][et_pb_column type=\u00bb1_2&#8243; _builder_version=\u00bb4.27.4&#8243; _module_preset=\u00bbdefault\u00bb global_colors_info=\u00bb{}\u00bb][et_pb_image src=\u00bbhttps:\/\/valorimplant.com\/wp-content\/uploads\/2026\/02\/pacients-1.png\u00bb alt=\u00bbImplante \u00f3seo\u00bb title_text=\u00bbpacients 1&#8243; _builder_version=\u00bb4.27.4&#8243; _module_preset=\u00bbdefault\u00bb width=\u00bb55%\u00bb animation_style=\u00bbflip\u00bb global_colors_info=\u00bb{}\u00bb][\/et_pb_image][\/et_pb_column][\/et_pb_row][\/et_pb_section][et_pb_section fb_built=\u00bb1&#8243; _builder_version=\u00bb4.27.4&#8243; _module_preset=\u00bbdefault\u00bb background_image=\u00bbhttps:\/\/valorimplant.com\/wp-content\/uploads\/2025\/12\/valor_pattern_mix-simple-deg-2.png\u00bb background_size=\u00bbinitial\u00bb background_position=\u00bbbottom_center\u00bb background_repeat=\u00bbrepeat-x\u00bb global_colors_info=\u00bb{}\u00bb][et_pb_row column_structure=\u00bb1_2,1_2&#8243; make_equal=\u00bbon\u00bb _builder_version=\u00bb4.27.4&#8243; _module_preset=\u00bbdefault\u00bb global_colors_info=\u00bb{}\u00bb][et_pb_column type=\u00bb1_2&#8243; _builder_version=\u00bb4.27.4&#8243; _module_preset=\u00bbdefault\u00bb global_colors_info=\u00bb{}\u00bb][et_pb_image src=\u00bbhttps:\/\/valorimplant.com\/wp-content\/uploads\/2026\/01\/tratada-how-it-works-web-2.png\u00bb alt=\u00bbHow it works 2&#8243; title_text=\u00bbtratada-how it works web 2&#8243; _builder_version=\u00bb4.27.4&#8243; _module_preset=\u00bbdefault\u00bb animation_style=\u00bbflip\u00bb global_colors_info=\u00bb{}\u00bb][\/et_pb_image][\/et_pb_column][et_pb_column type=\u00bb1_2&#8243; _builder_version=\u00bb4.27.4&#8243; _module_preset=\u00bbdefault\u00bb custom_css_free_form=\u00bbselector{margin:auto}\u00bb global_colors_info=\u00bb{}\u00bb][et_pb_code _builder_version=\u00bb4.27.6&#8243; _module_preset=\u00bbdefault\u00bb custom_css_free_form=\u00bb.vi-patients-anatomy__text&#8211;strong {||  font-weight: 600;||  color: #4b5563;||}\u00bb hover_enabled=\u00bb0&#8243; sticky_enabled=\u00bb0&#8243;]<\/p>\n<div class=\"vi-patients-anatomy__content\"><!-- [et_pb_line_break_holder] -->  <pee class=\"vi-patients-anatomy__eyebrow\">DISE\u00d1O PERSONALIZADO<\/pee><!-- [et_pb_line_break_holder] --><!-- [et_pb_line_break_holder] -->  <\/p>\n<h2 class=\"vi-patients-anatomy__title\"><!-- [et_pb_line_break_holder] -->    Nuestros implantes se adaptan<!-- [et_pb_line_break_holder] -->    <span>a la anatom\u00eda del paciente.<\/span><!-- [et_pb_line_break_holder] -->  <\/h2>\n<p><!-- [et_pb_line_break_holder] --><!-- [et_pb_line_break_holder] -->  <pee class=\"vi-patients-anatomy__text\"><!-- [et_pb_line_break_holder] -->    La personalizaci\u00f3n implica dise\u00f1ar y fabricar un implante hecho espec\u00edficamente para tu cuerpo.<!-- [et_pb_line_break_holder] -->  <\/pee><!-- [et_pb_line_break_holder] --><!-- [et_pb_line_break_holder] -->  <pee class=\"vi-patients-anatomy__text\"><!-- [et_pb_line_break_holder] -->    Utilizando im\u00e1genes m\u00e9dicas como TAC o resonancias magn\u00e9ticas, nuestros ingenieros trabajan junto a tu cirujano para crear un implante que reproduce tu anatom\u00eda exacta.<!-- [et_pb_line_break_holder] -->  <\/pee><!-- [et_pb_line_break_holder] --><!-- [et_pb_line_break_holder] -->  <pee class=\"vi-patients-anatomy__text vi-patients-anatomy__text--strong\"><!-- [et_pb_line_break_holder] -->    No hay dos implantes iguales \u2014 porque no hay dos pacientes iguales.<!-- [et_pb_line_break_holder] -->  <\/pee><!-- [et_pb_line_break_holder] --><\/div>\n<p>[\/et_pb_code][\/et_pb_column][\/et_pb_row][\/et_pb_section]<\/p>\n","protected":false},"excerpt":{"rendered":"","protected":false},"author":1,"featured_media":0,"parent":0,"menu_order":0,"comment_status":"closed","ping_status":"closed","template":"","meta":{"_et_pb_use_builder":"on","_et_pb_old_content":"<!-- wp:divi\/placeholder \/-->","_et_gb_content_width":"","inline_featured_image":false,"footnotes":""},"dipi_cpt_category":[],"class_list":["post-98","page","type-page","status-publish","hentry"],"yoast_head":"<!-- This site is optimized with the Yoast SEO plugin v27.4 - https:\/\/yoast.com\/product\/yoast-seo-wordpress\/ -->\n<title>Qu\u00e9 son los implantes espec\u00edficos para el paciente - Valor Implant<\/title>\n<meta name=\"description\" content=\"Conoce qu\u00e9 son los implantes espec\u00edficos para el paciente de la mano de Valor Implant, expertos en planificaci\u00f3n 3D para cirug\u00eda ortop\u00e9dica\" \/>\n<meta name=\"robots\" content=\"index, follow, max-snippet:-1, max-image-preview:large, max-video-preview:-1\" \/>\n<link rel=\"canonical\" href=\"https:\/\/valorimplant.com\/es\/implantes-especificos-para-el-paciente\/\" \/>\n<meta property=\"og:locale\" content=\"es_ES\" \/>\n<meta property=\"og:type\" content=\"article\" \/>\n<meta property=\"og:title\" content=\"Qu\u00e9 son los implantes espec\u00edficos para el paciente - Valor Implant\" \/>\n<meta property=\"og:description\" content=\"Conoce qu\u00e9 son los implantes espec\u00edficos para el paciente de la mano de Valor Implant, expertos en planificaci\u00f3n 3D para cirug\u00eda ortop\u00e9dica\" \/>\n<meta property=\"og:url\" content=\"https:\/\/valorimplant.com\/es\/implantes-especificos-para-el-paciente\/\" \/>\n<meta property=\"og:site_name\" content=\"Valor Implant\" \/>\n<meta property=\"article:modified_time\" content=\"2026-04-20T07:37:01+00:00\" \/>\n<meta name=\"twitter:card\" content=\"summary_large_image\" \/>\n<meta name=\"twitter:label1\" content=\"Tiempo de lectura\" \/>\n\t<meta name=\"twitter:data1\" content=\"2 minutos\" \/>\n<script type=\"application\/ld+json\" class=\"yoast-schema-graph\">{\"@context\":\"https:\\\/\\\/schema.org\",\"@graph\":[{\"@type\":\"WebPage\",\"@id\":\"https:\\\/\\\/valorimplant.com\\\/es\\\/implantes-especificos-para-el-paciente\\\/\",\"url\":\"https:\\\/\\\/valorimplant.com\\\/es\\\/implantes-especificos-para-el-paciente\\\/\",\"name\":\"Qu\u00e9 son los implantes espec\u00edficos para el paciente - Valor Implant\",\"isPartOf\":{\"@id\":\"https:\\\/\\\/valorimplant.com\\\/es\\\/#website\"},\"datePublished\":\"2025-12-09T14:30:07+00:00\",\"dateModified\":\"2026-04-20T07:37:01+00:00\",\"description\":\"Conoce qu\u00e9 son los implantes espec\u00edficos para el paciente de la mano de Valor Implant, expertos en planificaci\u00f3n 3D para cirug\u00eda ortop\u00e9dica\",\"breadcrumb\":{\"@id\":\"https:\\\/\\\/valorimplant.com\\\/es\\\/implantes-especificos-para-el-paciente\\\/#breadcrumb\"},\"inLanguage\":\"es\",\"potentialAction\":[{\"@type\":\"ReadAction\",\"target\":[\"https:\\\/\\\/valorimplant.com\\\/es\\\/implantes-especificos-para-el-paciente\\\/\"]}]},{\"@type\":\"BreadcrumbList\",\"@id\":\"https:\\\/\\\/valorimplant.com\\\/es\\\/implantes-especificos-para-el-paciente\\\/#breadcrumb\",\"itemListElement\":[{\"@type\":\"ListItem\",\"position\":1,\"name\":\"Home\",\"item\":\"https:\\\/\\\/valorimplant.com\\\/es\\\/\"},{\"@type\":\"ListItem\",\"position\":2,\"name\":\"Pacientes\"}]},{\"@type\":\"WebSite\",\"@id\":\"https:\\\/\\\/valorimplant.com\\\/es\\\/#website\",\"url\":\"https:\\\/\\\/valorimplant.com\\\/es\\\/\",\"name\":\"Valor Implant\",\"description\":\"\",\"potentialAction\":[{\"@type\":\"SearchAction\",\"target\":{\"@type\":\"EntryPoint\",\"urlTemplate\":\"https:\\\/\\\/valorimplant.com\\\/es\\\/?s={search_term_string}\"},\"query-input\":{\"@type\":\"PropertyValueSpecification\",\"valueRequired\":true,\"valueName\":\"search_term_string\"}}],\"inLanguage\":\"es\"}]}<\/script>\n<!-- \/ Yoast SEO plugin. -->","yoast_head_json":{"title":"Qu\u00e9 son los implantes espec\u00edficos para el paciente - Valor Implant","description":"Conoce qu\u00e9 son los implantes espec\u00edficos para el paciente de la mano de Valor Implant, expertos en planificaci\u00f3n 3D para cirug\u00eda ortop\u00e9dica","robots":{"index":"index","follow":"follow","max-snippet":"max-snippet:-1","max-image-preview":"max-image-preview:large","max-video-preview":"max-video-preview:-1"},"canonical":"https:\/\/valorimplant.com\/es\/implantes-especificos-para-el-paciente\/","og_locale":"es_ES","og_type":"article","og_title":"Qu\u00e9 son los implantes espec\u00edficos para el paciente - Valor Implant","og_description":"Conoce qu\u00e9 son los implantes espec\u00edficos para el paciente de la mano de Valor Implant, expertos en planificaci\u00f3n 3D para cirug\u00eda ortop\u00e9dica","og_url":"https:\/\/valorimplant.com\/es\/implantes-especificos-para-el-paciente\/","og_site_name":"Valor Implant","article_modified_time":"2026-04-20T07:37:01+00:00","twitter_card":"summary_large_image","twitter_misc":{"Tiempo de lectura":"2 minutos"},"schema":{"@context":"https:\/\/schema.org","@graph":[{"@type":"WebPage","@id":"https:\/\/valorimplant.com\/es\/implantes-especificos-para-el-paciente\/","url":"https:\/\/valorimplant.com\/es\/implantes-especificos-para-el-paciente\/","name":"Qu\u00e9 son los implantes espec\u00edficos para el paciente - Valor Implant","isPartOf":{"@id":"https:\/\/valorimplant.com\/es\/#website"},"datePublished":"2025-12-09T14:30:07+00:00","dateModified":"2026-04-20T07:37:01+00:00","description":"Conoce qu\u00e9 son los implantes espec\u00edficos para el paciente de la mano de Valor Implant, expertos en planificaci\u00f3n 3D para cirug\u00eda ortop\u00e9dica","breadcrumb":{"@id":"https:\/\/valorimplant.com\/es\/implantes-especificos-para-el-paciente\/#breadcrumb"},"inLanguage":"es","potentialAction":[{"@type":"ReadAction","target":["https:\/\/valorimplant.com\/es\/implantes-especificos-para-el-paciente\/"]}]},{"@type":"BreadcrumbList","@id":"https:\/\/valorimplant.com\/es\/implantes-especificos-para-el-paciente\/#breadcrumb","itemListElement":[{"@type":"ListItem","position":1,"name":"Home","item":"https:\/\/valorimplant.com\/es\/"},{"@type":"ListItem","position":2,"name":"Pacientes"}]},{"@type":"WebSite","@id":"https:\/\/valorimplant.com\/es\/#website","url":"https:\/\/valorimplant.com\/es\/","name":"Valor Implant","description":"","potentialAction":[{"@type":"SearchAction","target":{"@type":"EntryPoint","urlTemplate":"https:\/\/valorimplant.com\/es\/?s={search_term_string}"},"query-input":{"@type":"PropertyValueSpecification","valueRequired":true,"valueName":"search_term_string"}}],"inLanguage":"es"}]}},"_links":{"self":[{"href":"https:\/\/valorimplant.com\/es\/wp-json\/wp\/v2\/pages\/98","targetHints":{"allow":["GET"]}}],"collection":[{"href":"https:\/\/valorimplant.com\/es\/wp-json\/wp\/v2\/pages"}],"about":[{"href":"https:\/\/valorimplant.com\/es\/wp-json\/wp\/v2\/types\/page"}],"author":[{"embeddable":true,"href":"https:\/\/valorimplant.com\/es\/wp-json\/wp\/v2\/users\/1"}],"replies":[{"embeddable":true,"href":"https:\/\/valorimplant.com\/es\/wp-json\/wp\/v2\/comments?post=98"}],"version-history":[{"count":30,"href":"https:\/\/valorimplant.com\/es\/wp-json\/wp\/v2\/pages\/98\/revisions"}],"predecessor-version":[{"id":1791,"href":"https:\/\/valorimplant.com\/es\/wp-json\/wp\/v2\/pages\/98\/revisions\/1791"}],"wp:attachment":[{"href":"https:\/\/valorimplant.com\/es\/wp-json\/wp\/v2\/media?parent=98"}],"wp:term":[{"taxonomy":"dipi_cpt_category","embeddable":true,"href":"https:\/\/valorimplant.com\/es\/wp-json\/wp\/v2\/dipi_cpt_category?post=98"}],"curies":[{"name":"wp","href":"https:\/\/api.w.org\/{rel}","templated":true}]}}