{"id":93,"date":"2025-12-09T15:29:52","date_gmt":"2025-12-09T14:29:52","guid":{"rendered":"https:\/\/valorimplant.com\/?page_id=93"},"modified":"2026-04-19T23:22:30","modified_gmt":"2026-04-19T21:22:30","slug":"sobre-valor-implant","status":"publish","type":"page","link":"https:\/\/valorimplant.com\/es\/sobre-valor-implant\/","title":{"rendered":"About us"},"content":{"rendered":"<p>[et_pb_section fb_built=\u00bb1&#8243; module_class=\u00bbtheTitle\u00bb _builder_version=\u00bb4.27.4&#8243; _module_preset=\u00bbdefault\u00bb global_colors_info=\u00bb{}\u00bb][et_pb_row _builder_version=\u00bb4.27.6&#8243; _module_preset=\u00bbdefault\u00bb global_colors_info=\u00bb{}\u00bb][et_pb_column type=\u00bb4_4&#8243; _builder_version=\u00bb4.27.6&#8243; _module_preset=\u00bbdefault\u00bb global_colors_info=\u00bb{}\u00bb][et_pb_code _builder_version=\u00bb4.27.6&#8243; _module_preset=\u00bbdefault\u00bb custom_css_free_form=\u00bb.vi-about-hero-es {||  padding: 110px 0 84px;||}||||.vi-about-hero-es__inner {||  width: 100%;||  max-width: 1240px;||  margin: 0 auto;||  padding: 0 20px;||}||||.vi-about-hero-es__content {||  max-width: 920px;||  margin: 0 auto;||  text-align: center;||}||||.vi-about-hero-es__eyebrow {||  margin: 0 0 18px;||  font-size: 13px;||  line-height: 1.2;||  letter-spacing: 0.22em;||  text-transform: uppercase;||  font-weight: 600;||  color: #6f7f96;||}||||.vi-about-hero-es__title {||  margin: 0 0 26px;||  font-size: clamp(52px, 6vw, 72px);||  line-height: 0.96;||  letter-spacing: -0.045em;||  font-weight: 700;||  color: #1f3447;||  max-width: 900px;||  margin-left: auto;||  margin-right: auto;||}||||.vi-about-hero-es__title span {||  display: block;||  color: #4e3583;||}||||.vi-about-hero-es__text {||  margin: 0 auto;||  max-width: 760px;||  font-size: 23px;||  line-height: 1.55;||  color: #607089;||}||||@media (max-width: 980px) {||  .vi-about-hero-es {||    padding: 82px 0 68px;||  }||||  .vi-about-hero-es__title {||    font-size: 50px;||  }||||  .vi-about-hero-es__text {||    font-size: 20px;||  }||}||||@media (max-width: 767px) {||  .vi-about-hero-es {||    padding: 58px 0 48px;||  }||||  .vi-about-hero-es__inner {||    padding: 0 16px;||  }||||  .vi-about-hero-es__title {||    font-size: 38px;||    line-height: 1.02;||  }||||  .vi-about-hero-es__text {||    font-size: 18px;||    line-height: 1.55;||  }||}\u00bb global_colors_info=\u00bb{}\u00bb]<\/p>\n<section class=\"vi-about-hero-es\"><!-- [et_pb_line_break_holder] -->  <\/p>\n<div class=\"vi-about-hero-es__inner\"><!-- [et_pb_line_break_holder] -->    <\/p>\n<div class=\"vi-about-hero-es__content\"><!-- [et_pb_line_break_holder] --><!-- [et_pb_line_break_holder] -->      <pee class=\"vi-about-hero-es__eyebrow\">SOBRE NOSOTROS<\/pee><!-- [et_pb_line_break_holder] --><!-- [et_pb_line_break_holder] -->      <\/p>\n<h1 class=\"vi-about-hero-es__title\"><!-- [et_pb_line_break_holder] -->        Precisi\u00f3n en ingenier\u00eda<!-- [et_pb_line_break_holder] -->        <span>para cada caso.<\/span><!-- [et_pb_line_break_holder] -->      <\/h1>\n<p><!-- [et_pb_line_break_holder] --><!-- [et_pb_line_break_holder] -->      <pee class=\"vi-about-hero-es__text\"><!-- [et_pb_line_break_holder] -->        Un equipo multidisciplinar que combina ingenier\u00eda biom\u00e9dica, conocimiento cl\u00ednico y experiencia en fabricaci\u00f3n para desarrollar soluciones ortop\u00e9dicas personalizadas.<!-- [et_pb_line_break_holder] -->      <\/pee><!-- [et_pb_line_break_holder] --><!-- [et_pb_line_break_holder] -->    <\/div>\n<p><!-- [et_pb_line_break_holder] -->  <\/div>\n<p><!-- [et_pb_line_break_holder] --><\/section>\n<p>[\/et_pb_code][\/et_pb_column][\/et_pb_row][\/et_pb_section][et_pb_section fb_built=\u00bb1&#8243; _builder_version=\u00bb4.27.4&#8243; _module_preset=\u00bbdefault\u00bb background_image=\u00bbhttps:\/\/valorimplant.com\/wp-content\/uploads\/2025\/12\/valor_pattern_mix-simple-deg-2.png\u00bb background_size=\u00bbinitial\u00bb background_position=\u00bbbottom_center\u00bb background_repeat=\u00bbrepeat-x\u00bb custom_padding=\u00bb0px||||false|false\u00bb global_colors_info=\u00bb{}\u00bb][et_pb_row column_structure=\u00bb1_2,1_2&#8243; make_equal=\u00bbon\u00bb _builder_version=\u00bb4.27.4&#8243; _module_preset=\u00bbdefault\u00bb global_colors_info=\u00bb{}\u00bb][et_pb_column type=\u00bb1_2&#8243; _builder_version=\u00bb4.27.4&#8243; _module_preset=\u00bbdefault\u00bb custom_css_free_form=\u00bbselector{margin:auto}\u00bb global_colors_info=\u00bb{}\u00bb][et_pb_code _builder_version=\u00bb4.27.6&#8243; _module_preset=\u00bbdefault\u00bb hover_enabled=\u00bb0&#8243; sticky_enabled=\u00bb0&#8243;]<\/p>\n<section class=\"vi-mission-es\"><!-- [et_pb_line_break_holder] -->  <\/p>\n<div class=\"vi-mission-es__inner\"><!-- [et_pb_line_break_holder] --><!-- [et_pb_line_break_holder] -->    <\/p>\n<div class=\"vi-mission-es__content\"><!-- [et_pb_line_break_holder] -->      <\/p>\n<h2 class=\"vi-mission-es__title\"><!-- [et_pb_line_break_holder] -->        Hitos y<!-- [et_pb_line_break_holder] -->        <strong>misi\u00f3n<\/strong><!-- [et_pb_line_break_holder] -->      <\/h2>\n<p><!-- [et_pb_line_break_holder] --><!-- [et_pb_line_break_holder] -->      <pee class=\"vi-mission-es__text\"><!-- [et_pb_line_break_holder] -->        En Valor Implant S.L. trabajamos para transformar la cirug\u00eda ortop\u00e9dica y traumatol\u00f3gica mediante implantes personalizados que se adaptan a las necesidades \u00fanicas de cada paciente.<!-- [et_pb_line_break_holder] -->      <\/pee><!-- [et_pb_line_break_holder] --><!-- [et_pb_line_break_holder] -->      <pee class=\"vi-mission-es__text\"><!-- [et_pb_line_break_holder] -->        Gracias a una planificaci\u00f3n quir\u00fargica 3D personalizada, convertimos las im\u00e1genes m\u00e9dicas de los pacientes en implantes dise\u00f1ados espec\u00edficamente para ellos, logrando cirug\u00edas m\u00e1s seguras, eficientes y con una recuperaci\u00f3n m\u00e1s r\u00e1pida.<!-- [et_pb_line_break_holder] -->      <\/pee><!-- [et_pb_line_break_holder] --><!-- [et_pb_line_break_holder] -->      <pee class=\"vi-mission-es__text vi-mission-es__text--strong\"><!-- [et_pb_line_break_holder] -->        Nuestro compromiso es acompa\u00f1ar a los profesionales m\u00e9dicos y a sus pacientes en cada paso, ofreciendo confianza, calidad y experiencia para conseguir resultados que marcan la diferencia.<!-- [et_pb_line_break_holder] -->      <\/pee><!-- [et_pb_line_break_holder] -->    <\/div>\n<p><!-- [et_pb_line_break_holder] --><!-- [et_pb_line_break_holder] -->  <\/div>\n<p><!-- [et_pb_line_break_holder] --><\/section>\n<p>[\/et_pb_code][\/et_pb_column][et_pb_column type=\u00bb1_2&#8243; _builder_version=\u00bb4.27.4&#8243; _module_preset=\u00bbdefault\u00bb global_colors_info=\u00bb{}\u00bb][et_pb_image src=\u00bbhttps:\/\/valorimplant.com\/wp-content\/uploads\/2026\/02\/DSCF1339-scaled.jpg\u00bb title_text=\u00bbDSCF1339&#8243; _builder_version=\u00bb4.27.4&#8243; _module_preset=\u00bbdefault\u00bb animation_style=\u00bbflip\u00bb global_colors_info=\u00bb{}\u00bb][\/et_pb_image][\/et_pb_column][\/et_pb_row][et_pb_row _builder_version=\u00bb4.27.6&#8243; _module_preset=\u00bbdefault\u00bb global_colors_info=\u00bb{}\u00bb][et_pb_column type=\u00bb4_4&#8243; _builder_version=\u00bb4.27.6&#8243; _module_preset=\u00bbdefault\u00bb global_colors_info=\u00bb{}\u00bb][et_pb_code _builder_version=\u00bb4.27.6&#8243; _module_preset=\u00bbdefault\u00bb custom_css_free_form=\u00bb.vi-metrics-mini-es {||  padding: 72px 0;||}||||.vi-metrics-mini-es__inner {||  max-width: 1180px;||  margin: 0 auto;||  padding: 0 20px;||}||||.vi-metrics-mini-es__subtitle {||  margin: 0 0 42px;||  text-align: center;||  font-size: 18px;||  line-height: 1.5;||  color: #607089;||}||||.vi-metrics-mini-es__grid {||  display: grid;||  grid-template-columns: repeat(4, minmax(0, 1fr));||  gap: 28px;||}||||.vi-metric-mini-es {||  text-align: center;||}||||.vi-metric-mini-es__value {||  margin-bottom: 12px;||  font-size: 58px;||  line-height: 1;||  font-weight: 700;||  letter-spacing: -0.045em;||  color: #4e3583;||}||||.vi-metric-mini-es__label {||  font-size: 16px;||  line-height: 1.45;||  color: #607089;||}||||@media (max-width: 980px) {||  .vi-metrics-mini-es__grid {||    grid-template-columns: repeat(2, minmax(0, 1fr));||    gap: 32px;||  }||}||||@media (max-width: 767px) {||  .vi-metrics-mini-es {||    padding: 56px 0;||  }||||  .vi-metrics-mini-es__inner {||    padding: 0 16px;||  }||||  .vi-metrics-mini-es__grid {||    grid-template-columns: 1fr;||  }||||  .vi-metric-mini-es__value {||    font-size: 46px;||  }||}\u00bb global_colors_info=\u00bb{}\u00bb]<\/p>\n<section class=\"vi-metrics-mini-es\"><!-- [et_pb_line_break_holder] -->  <\/p>\n<div class=\"vi-metrics-mini-es__inner\"><!-- [et_pb_line_break_holder] --><!-- [et_pb_line_break_holder] -->    <pee class=\"vi-metrics-mini-es__subtitle\"><!-- [et_pb_line_break_holder] -->      Mejoras observadas en cirug\u00eda ortop\u00e9dica personalizada<!-- [et_pb_line_break_holder] -->    <\/pee><!-- [et_pb_line_break_holder] --><!-- [et_pb_line_break_holder] -->    <\/p>\n<div class=\"vi-metrics-mini-es__grid\"><!-- [et_pb_line_break_holder] --><!-- [et_pb_line_break_holder] -->      <\/p>\n<div class=\"vi-metric-mini-es\"><!-- [et_pb_line_break_holder] -->        <\/p>\n<div class=\"vi-metric-mini-es__value\">69.8%<\/div>\n<p><!-- [et_pb_line_break_holder] -->        <\/p>\n<div class=\"vi-metric-mini-es__label\">Mejora en precisi\u00f3n quir\u00fargica<\/div>\n<p><!-- [et_pb_line_break_holder] -->      <\/div>\n<p><!-- [et_pb_line_break_holder] --><!-- [et_pb_line_break_holder] -->      <\/p>\n<div class=\"vi-metric-mini-es\"><!-- [et_pb_line_break_holder] -->        <\/p>\n<div class=\"vi-metric-mini-es__value\">42.1%<\/div>\n<p><!-- [et_pb_line_break_holder] -->        <\/p>\n<div class=\"vi-metric-mini-es__label\">Reducci\u00f3n del tiempo quir\u00fargico<\/div>\n<p><!-- [et_pb_line_break_holder] -->      <\/div>\n<p><!-- [et_pb_line_break_holder] --><!-- [et_pb_line_break_holder] -->      <\/p>\n<div class=\"vi-metric-mini-es\"><!-- [et_pb_line_break_holder] -->        <\/p>\n<div class=\"vi-metric-mini-es__value\">46.7%<\/div>\n<p><!-- [et_pb_line_break_holder] -->        <\/p>\n<div class=\"vi-metric-mini-es__label\">Reducci\u00f3n de p\u00e9rdida sangu\u00ednea<\/div>\n<p><!-- [et_pb_line_break_holder] -->      <\/div>\n<p><!-- [et_pb_line_break_holder] --><!-- [et_pb_line_break_holder] -->      <\/p>\n<div class=\"vi-metric-mini-es\"><!-- [et_pb_line_break_holder] -->        <\/p>\n<div class=\"vi-metric-mini-es__value\">93.3%<\/div>\n<p><!-- [et_pb_line_break_holder] -->        <\/p>\n<div class=\"vi-metric-mini-es__label\">Menor exposici\u00f3n a rayos X<\/div>\n<p><!-- [et_pb_line_break_holder] -->      <\/div>\n<p><!-- [et_pb_line_break_holder] --><!-- [et_pb_line_break_holder] -->    <\/div>\n<p><!-- [et_pb_line_break_holder] --><!-- [et_pb_line_break_holder] -->  <\/div>\n<p><!-- [et_pb_line_break_holder] --><\/section>\n<p>[\/et_pb_code][\/et_pb_column][\/et_pb_row][et_pb_row _builder_version=\u00bb4.27.6&#8243; _module_preset=\u00bbdefault\u00bb global_colors_info=\u00bb{}\u00bb][et_pb_column type=\u00bb4_4&#8243; _builder_version=\u00bb4.27.6&#8243; _module_preset=\u00bbdefault\u00bb global_colors_info=\u00bb{}\u00bb][et_pb_code _builder_version=\u00bb4.27.6&#8243; _module_preset=\u00bbdefault\u00bb custom_css_free_form=\u00bb.vi-quality-es {||  padding: 110px 0 90px;||}||||.vi-quality-es__inner {||  width: 100%;||  max-width: 1240px;||  margin: 0 auto;||  padding: 0 20px;||}||||.vi-quality-es__intro {||  max-width: 920px;||  margin: 0 auto 42px;||  text-align: center;||}||||.vi-quality-es__eyebrow {||  margin: 0 0 18px;||  font-size: 13px;||  line-height: 1.2;||  letter-spacing: 0.22em;||  text-transform: uppercase;||  font-weight: 600;||  color: #6f7f96;||}||||.vi-quality-es__title {||  margin: 0 0 26px;||  max-width: 900px;||  margin-left: auto;||  margin-right: auto;||  font-size: clamp(52px, 6vw, 72px);||  line-height: 0.96;||  letter-spacing: -0.045em;||  font-weight: 700;||  color: #1f3447;||}||||.vi-quality-es__title span {||  display: block;||  color: #4e3583;||}||||.vi-quality-es__text {||  margin: 0 auto;||  max-width: 760px;||  font-size: 23px;||  line-height: 1.55;||  color: #607089;||}||||.vi-quality-es__card {||  max-width: 980px;||  margin: 0 auto;||  padding: 42px 40px;||  border-radius: 28px;||  background: #f5f5f7;||  box-shadow: inset 0 0 0 1px rgba(29, 29, 31, 0.06);||}||||.vi-quality-es__card-text {||  margin: 0;||  font-size: 20px;||  line-height: 1.7;||  color: #3a3a3f;||}||||@media (max-width: 980px) {||  .vi-quality-es {||    padding: 82px 0 68px;||  }||||  .vi-quality-es__title {||    font-size: 50px;||  }||||  .vi-quality-es__text {||    font-size: 20px;||  }||||  .vi-quality-es__card {||    padding: 34px 30px;||  }||||  .vi-quality-es__card-text {||    font-size: 18px;||  }||}||||@media (max-width: 767px) {||  .vi-quality-es {||    padding: 58px 0 48px;||  }||||  .vi-quality-es__inner {||    padding: 0 16px;||  }||||  .vi-quality-es__title {||    font-size: 38px;||    line-height: 1.02;||  }||||  .vi-quality-es__text {||    font-size: 18px;||    line-height: 1.55;||  }||||  .vi-quality-es__card {||    padding: 26px 22px;||    border-radius: 22px;||  }||||  .vi-quality-es__card-text {||    font-size: 17px;||    line-height: 1.65;||  }||}\u00bb global_colors_info=\u00bb{}\u00bb]<\/p>\n<section class=\"vi-quality-es\"><!-- [et_pb_line_break_holder] -->  <\/p>\n<div class=\"vi-quality-es__inner\"><!-- [et_pb_line_break_holder] --><!-- [et_pb_line_break_holder] -->    <\/p>\n<div class=\"vi-quality-es__intro\"><!-- [et_pb_line_break_holder] -->      <pee class=\"vi-quality-es__eyebrow\">CALIDAD Y REGULACI\u00d3N<\/pee><!-- [et_pb_line_break_holder] --><!-- [et_pb_line_break_holder] -->      <\/p>\n<h2 class=\"vi-quality-es__title\"><!-- [et_pb_line_break_holder] -->        Calidad y cumplimiento<!-- [et_pb_line_break_holder] -->        <span>normativo.<\/span><!-- [et_pb_line_break_holder] -->      <\/h2>\n<p><!-- [et_pb_line_break_holder] --><!-- [et_pb_line_break_holder] -->      <pee class=\"vi-quality-es__text\"><!-- [et_pb_line_break_holder] -->        Creemos que la calidad no se implementa, sino que forma parte de cada etapa de nuestro trabajo.<!-- [et_pb_line_break_holder] -->      <\/pee><!-- [et_pb_line_break_holder] -->    <\/div>\n<p><!-- [et_pb_line_break_holder] --><!-- [et_pb_line_break_holder] -->    <\/p>\n<div class=\"vi-quality-es__card\"><!-- [et_pb_line_break_holder] -->      <pee class=\"vi-quality-es__card-text\"><!-- [et_pb_line_break_holder] -->        Por eso, todos los archivos de Valor Implant, cada aplicaci\u00f3n y cada plataforma t\u00e9cnica se suministran verificados conforme al MDR (UE) 2017\/745 y bajo est\u00e1ndares certificados ISO 13485, garantizando que nuestros productos cumplan los m\u00e1s altos requisitos de calidad y seguridad exigidos para su uso sanitario.<!-- [et_pb_line_break_holder] -->      <\/pee><!-- [et_pb_line_break_holder] -->    <\/div>\n<p><!-- [et_pb_line_break_holder] --><!-- [et_pb_line_break_holder] -->  <\/div>\n<p><!-- [et_pb_line_break_holder] --><\/section>\n<p>[\/et_pb_code][\/et_pb_column][\/et_pb_row][\/et_pb_section][et_pb_section fb_built=\u00bb1&#8243; _builder_version=\u00bb4.27.4&#8243; _module_preset=\u00bbdefault\u00bb global_colors_info=\u00bb{}\u00bb][et_pb_row column_structure=\u00bb1_2,1_2&#8243; make_equal=\u00bbon\u00bb _builder_version=\u00bb4.27.4&#8243; _module_preset=\u00bbdefault\u00bb background_color=\u00bbRGBA(255,255,255,0)\u00bb global_colors_info=\u00bb{}\u00bb][et_pb_column type=\u00bb1_2&#8243; _builder_version=\u00bb4.27.4&#8243; _module_preset=\u00bbdefault\u00bb custom_css_free_form=\u00bbselector{margin:auto}\u00bb global_colors_info=\u00bb{}\u00bb][et_pb_code _builder_version=\u00bb4.27.6&#8243; _module_preset=\u00bbdefault\u00bb custom_css_free_form=\u00bb.vi-quality-editorial-es {||  padding: 110px 0 90px;||  background: transparent;||}||||.vi-quality-editorial-es__inner {||  width: 100%;||  max-width: 1240px;||  margin: 0 auto;||  padding: 0 20px;||}||||.vi-quality-editorial-es__content {||  max-width: 760px;||}||||.vi-quality-editorial-es__title {||  margin: 0 0 34px;||  font-size: clamp(28px, 3vw, 40px);||  line-height: 1.18;||  letter-spacing: -0.03em;||  font-weight: 400;||  color: #4b5563;||}||||.vi-quality-editorial-es__title strong {||  display: block;||  font-size: clamp(34px, 4vw, 54px);||  line-height: 1.08;||  font-weight: 700;||  color: #3f4652;||}||||.vi-quality-editorial-es__text {||  margin: 0 0 20px;||  font-size: 18px;||  line-height: 1.75;||  color: #607089;||  max-width: 720px;||}||||.vi-quality-editorial-es__text&#8211;strong {||  font-weight: 700;||  color: #4b5563;||}||||@media (max-width: 980px) {||  .vi-quality-editorial-es {||    padding: 82px 0 68px;||  }||||  .vi-quality-editorial-es__title {||    font-size: 24px;||  }||||  .vi-quality-editorial-es__title strong {||    font-size: 40px;||  }||||  .vi-quality-editorial-es__text {||    font-size: 17px;||  }||}||||@media (max-width: 767px) {||  .vi-quality-editorial-es {||    padding: 58px 0 48px;||  }||||  .vi-quality-editorial-es__inner {||    padding: 0 16px;||  }||||  .vi-quality-editorial-es__title {||    font-size: 22px;||    line-height: 1.22;||  }||||  .vi-quality-editorial-es__title strong {||    font-size: 32px;||    line-height: 1.12;||  }||||  .vi-quality-editorial-es__text {||    font-size: 16px;||    line-height: 1.7;||  }||}\u00bb hover_enabled=\u00bb0&#8243; sticky_enabled=\u00bb0&#8243;]<\/p>\n<section class=\"vi-quality-editorial-es\"><!-- [et_pb_line_break_holder] -->  <\/p>\n<div class=\"vi-quality-editorial-es__inner\"><!-- [et_pb_line_break_holder] --><!-- [et_pb_line_break_holder] -->    <\/p>\n<div class=\"vi-quality-editorial-es__content\"><!-- [et_pb_line_break_holder] -->      <\/p>\n<h2 class=\"vi-quality-editorial-es__title\"><!-- [et_pb_line_break_holder] -->        De la imagen al implante,<!-- [et_pb_line_break_holder] -->        <strong>dise\u00f1ado para ti<\/strong><!-- [et_pb_line_break_holder] -->      <\/h2>\n<p><!-- [et_pb_line_break_holder] --><!-- [et_pb_line_break_holder] -->      <pee class=\"vi-quality-editorial-es__text\"><!-- [et_pb_line_break_holder] -->        Personalizar significa planificar, dise\u00f1ar y fabricar teniendo en cuenta tu anatom\u00eda. A partir de im\u00e1genes m\u00e9dicas, nuestros ingenieros trabajan junto al equipo quir\u00fargico para planificar la cirug\u00eda con precisi\u00f3n y desarrollar implantes y gu\u00edas quir\u00fargicas completamente adaptados a cada paciente.<!-- [et_pb_line_break_holder] -->      <\/pee><!-- [et_pb_line_break_holder] --><!-- [et_pb_line_break_holder] -->      <pee class=\"vi-quality-editorial-es__text vi-quality-editorial-es__text--strong\"><!-- [et_pb_line_break_holder] -->        No hay dos implantes iguales, porque no existen dos pacientes iguales.<!-- [et_pb_line_break_holder] -->      <\/pee><!-- [et_pb_line_break_holder] -->    <\/div>\n<p><!-- [et_pb_line_break_holder] --><!-- [et_pb_line_break_holder] -->  <\/div>\n<p><!-- [et_pb_line_break_holder] --><\/section>\n<p>[\/et_pb_code][\/et_pb_column][et_pb_column type=\u00bb1_2&#8243; _builder_version=\u00bb4.27.4&#8243; _module_preset=\u00bbdefault\u00bb global_colors_info=\u00bb{}\u00bb][et_pb_image src=\u00bbhttps:\/\/valorimplant.com\/wp-content\/uploads\/2026\/01\/imagenes-web-1.jpg\u00bb title_text=\u00bbimagenes web (1)\u00bb _builder_version=\u00bb4.27.4&#8243; _module_preset=\u00bbdefault\u00bb global_colors_info=\u00bb{}\u00bb custom_padding=\u00bb|||0px||\u00bb][\/et_pb_image][\/et_pb_column][\/et_pb_row][\/et_pb_section][et_pb_section fb_built=\u00bb1&#8243; _builder_version=\u00bb4.27.6&#8243; _module_preset=\u00bbdefault\u00bb global_colors_info=\u00bb{}\u00bb][\/et_pb_section]<\/p>\n","protected":false},"excerpt":{"rendered":"","protected":false},"author":1,"featured_media":0,"parent":0,"menu_order":0,"comment_status":"closed","ping_status":"closed","template":"","meta":{"_et_pb_use_builder":"on","_et_pb_old_content":"<!-- wp:divi\/placeholder \/-->","_et_gb_content_width":"","inline_featured_image":false,"footnotes":""},"dipi_cpt_category":[],"class_list":["post-93","page","type-page","status-publish","hentry"],"yoast_head":"<!-- This site is optimized with the Yoast SEO plugin v27.4 - https:\/\/yoast.com\/product\/yoast-seo-wordpress\/ -->\n<title>Conoce Valor Implant - Fabricante de implantes ortop\u00e9dicos<\/title>\n<meta name=\"description\" content=\"Valor Implant es un fabricante de implantes ortop\u00e9dicos. Una empresa de dise\u00f1o y fabriaci\u00f3n de implantes ortop\u00e9dicos personalizados\" \/>\n<meta name=\"robots\" content=\"index, follow, max-snippet:-1, max-image-preview:large, max-video-preview:-1\" \/>\n<link rel=\"canonical\" href=\"https:\/\/valorimplant.com\/es\/sobre-valor-implant\/\" \/>\n<meta property=\"og:locale\" content=\"es_ES\" \/>\n<meta property=\"og:type\" content=\"article\" \/>\n<meta property=\"og:title\" content=\"Conoce Valor Implant - Fabricante de implantes ortop\u00e9dicos\" \/>\n<meta property=\"og:description\" content=\"Valor Implant es un fabricante de implantes ortop\u00e9dicos. Una empresa de dise\u00f1o y fabriaci\u00f3n de implantes ortop\u00e9dicos personalizados\" \/>\n<meta property=\"og:url\" content=\"https:\/\/valorimplant.com\/es\/sobre-valor-implant\/\" \/>\n<meta property=\"og:site_name\" content=\"Valor Implant\" \/>\n<meta property=\"article:modified_time\" content=\"2026-04-19T21:22:30+00:00\" \/>\n<meta name=\"twitter:card\" content=\"summary_large_image\" \/>\n<meta name=\"twitter:label1\" content=\"Tiempo de lectura\" \/>\n\t<meta name=\"twitter:data1\" content=\"2 minutos\" \/>\n<script type=\"application\/ld+json\" class=\"yoast-schema-graph\">{\"@context\":\"https:\\\/\\\/schema.org\",\"@graph\":[{\"@type\":\"WebPage\",\"@id\":\"https:\\\/\\\/valorimplant.com\\\/es\\\/sobre-valor-implant\\\/\",\"url\":\"https:\\\/\\\/valorimplant.com\\\/es\\\/sobre-valor-implant\\\/\",\"name\":\"Conoce Valor Implant - Fabricante de implantes ortop\u00e9dicos\",\"isPartOf\":{\"@id\":\"https:\\\/\\\/valorimplant.com\\\/es\\\/#website\"},\"datePublished\":\"2025-12-09T14:29:52+00:00\",\"dateModified\":\"2026-04-19T21:22:30+00:00\",\"description\":\"Valor Implant es un fabricante de implantes ortop\u00e9dicos. Una empresa de dise\u00f1o y fabriaci\u00f3n de implantes ortop\u00e9dicos personalizados\",\"breadcrumb\":{\"@id\":\"https:\\\/\\\/valorimplant.com\\\/es\\\/sobre-valor-implant\\\/#breadcrumb\"},\"inLanguage\":\"es\",\"potentialAction\":[{\"@type\":\"ReadAction\",\"target\":[\"https:\\\/\\\/valorimplant.com\\\/es\\\/sobre-valor-implant\\\/\"]}]},{\"@type\":\"BreadcrumbList\",\"@id\":\"https:\\\/\\\/valorimplant.com\\\/es\\\/sobre-valor-implant\\\/#breadcrumb\",\"itemListElement\":[{\"@type\":\"ListItem\",\"position\":1,\"name\":\"Home\",\"item\":\"https:\\\/\\\/valorimplant.com\\\/es\\\/\"},{\"@type\":\"ListItem\",\"position\":2,\"name\":\"About us\"}]},{\"@type\":\"WebSite\",\"@id\":\"https:\\\/\\\/valorimplant.com\\\/es\\\/#website\",\"url\":\"https:\\\/\\\/valorimplant.com\\\/es\\\/\",\"name\":\"Valor Implant\",\"description\":\"\",\"potentialAction\":[{\"@type\":\"SearchAction\",\"target\":{\"@type\":\"EntryPoint\",\"urlTemplate\":\"https:\\\/\\\/valorimplant.com\\\/es\\\/?s={search_term_string}\"},\"query-input\":{\"@type\":\"PropertyValueSpecification\",\"valueRequired\":true,\"valueName\":\"search_term_string\"}}],\"inLanguage\":\"es\"}]}<\/script>\n<!-- \/ Yoast SEO plugin. -->","yoast_head_json":{"title":"Conoce Valor Implant - Fabricante de implantes ortop\u00e9dicos","description":"Valor Implant es un fabricante de implantes ortop\u00e9dicos. Una empresa de dise\u00f1o y fabriaci\u00f3n de implantes ortop\u00e9dicos personalizados","robots":{"index":"index","follow":"follow","max-snippet":"max-snippet:-1","max-image-preview":"max-image-preview:large","max-video-preview":"max-video-preview:-1"},"canonical":"https:\/\/valorimplant.com\/es\/sobre-valor-implant\/","og_locale":"es_ES","og_type":"article","og_title":"Conoce Valor Implant - Fabricante de implantes ortop\u00e9dicos","og_description":"Valor Implant es un fabricante de implantes ortop\u00e9dicos. Una empresa de dise\u00f1o y fabriaci\u00f3n de implantes ortop\u00e9dicos personalizados","og_url":"https:\/\/valorimplant.com\/es\/sobre-valor-implant\/","og_site_name":"Valor Implant","article_modified_time":"2026-04-19T21:22:30+00:00","twitter_card":"summary_large_image","twitter_misc":{"Tiempo de lectura":"2 minutos"},"schema":{"@context":"https:\/\/schema.org","@graph":[{"@type":"WebPage","@id":"https:\/\/valorimplant.com\/es\/sobre-valor-implant\/","url":"https:\/\/valorimplant.com\/es\/sobre-valor-implant\/","name":"Conoce Valor Implant - Fabricante de implantes ortop\u00e9dicos","isPartOf":{"@id":"https:\/\/valorimplant.com\/es\/#website"},"datePublished":"2025-12-09T14:29:52+00:00","dateModified":"2026-04-19T21:22:30+00:00","description":"Valor Implant es un fabricante de implantes ortop\u00e9dicos. Una empresa de dise\u00f1o y fabriaci\u00f3n de implantes ortop\u00e9dicos personalizados","breadcrumb":{"@id":"https:\/\/valorimplant.com\/es\/sobre-valor-implant\/#breadcrumb"},"inLanguage":"es","potentialAction":[{"@type":"ReadAction","target":["https:\/\/valorimplant.com\/es\/sobre-valor-implant\/"]}]},{"@type":"BreadcrumbList","@id":"https:\/\/valorimplant.com\/es\/sobre-valor-implant\/#breadcrumb","itemListElement":[{"@type":"ListItem","position":1,"name":"Home","item":"https:\/\/valorimplant.com\/es\/"},{"@type":"ListItem","position":2,"name":"About us"}]},{"@type":"WebSite","@id":"https:\/\/valorimplant.com\/es\/#website","url":"https:\/\/valorimplant.com\/es\/","name":"Valor Implant","description":"","potentialAction":[{"@type":"SearchAction","target":{"@type":"EntryPoint","urlTemplate":"https:\/\/valorimplant.com\/es\/?s={search_term_string}"},"query-input":{"@type":"PropertyValueSpecification","valueRequired":true,"valueName":"search_term_string"}}],"inLanguage":"es"}]}},"_links":{"self":[{"href":"https:\/\/valorimplant.com\/es\/wp-json\/wp\/v2\/pages\/93","targetHints":{"allow":["GET"]}}],"collection":[{"href":"https:\/\/valorimplant.com\/es\/wp-json\/wp\/v2\/pages"}],"about":[{"href":"https:\/\/valorimplant.com\/es\/wp-json\/wp\/v2\/types\/page"}],"author":[{"embeddable":true,"href":"https:\/\/valorimplant.com\/es\/wp-json\/wp\/v2\/users\/1"}],"replies":[{"embeddable":true,"href":"https:\/\/valorimplant.com\/es\/wp-json\/wp\/v2\/comments?post=93"}],"version-history":[{"count":41,"href":"https:\/\/valorimplant.com\/es\/wp-json\/wp\/v2\/pages\/93\/revisions"}],"predecessor-version":[{"id":1785,"href":"https:\/\/valorimplant.com\/es\/wp-json\/wp\/v2\/pages\/93\/revisions\/1785"}],"wp:attachment":[{"href":"https:\/\/valorimplant.com\/es\/wp-json\/wp\/v2\/media?parent=93"}],"wp:term":[{"taxonomy":"dipi_cpt_category","embeddable":true,"href":"https:\/\/valorimplant.com\/es\/wp-json\/wp\/v2\/dipi_cpt_category?post=93"}],"curies":[{"name":"wp","href":"https:\/\/api.w.org\/{rel}","templated":true}]}}