{"id":92,"date":"2025-12-09T15:29:44","date_gmt":"2025-12-09T14:29:44","guid":{"rendered":"https:\/\/valorimplant.com\/?page_id=92"},"modified":"2026-04-19T22:31:49","modified_gmt":"2026-04-19T20:31:49","slug":"contact","status":"publish","type":"page","link":"https:\/\/valorimplant.com\/es\/contact\/","title":{"rendered":"Contacto"},"content":{"rendered":"<p>[et_pb_section fb_built=\u00bb1&#8243; _builder_version=\u00bb4.27.6&#8243; _module_preset=\u00bbdefault\u00bb custom_padding=\u00bb0px||0px||false|false\u00bb hover_enabled=\u00bb0&#8243; global_colors_info=\u00bb{}\u00bb background_enable_video_mp4=\u00bboff\u00bb sticky_enabled=\u00bb0&#8243;][et_pb_row _builder_version=\u00bb4.27.4&#8243; _module_preset=\u00bbdefault\u00bb background_color=\u00bbRGBA(255,255,255,0)\u00bb background_enable_image=\u00bboff\u00bb background_size=\u00bbinitial\u00bb background_position=\u00bbtop_left\u00bb background_repeat=\u00bbrepeat-x\u00bb custom_padding=\u00bb2em|2em|2em|2em|false|false\u00bb global_colors_info=\u00bb{}\u00bb][et_pb_column type=\u00bb4_4&#8243; _builder_version=\u00bb4.27.4&#8243; _module_preset=\u00bbdefault\u00bb global_colors_info=\u00bb{}\u00bb][et_pb_code _builder_version=\u00bb4.27.6&#8243; _module_preset=\u00bbdefault\u00bb custom_css_free_form=\u00bb.vi-contact-hero-es {||  padding: 110px 0 84px;||}||||.vi-contact-hero-es__inner {||  width: 100%;||  max-width: 1240px;||  margin: 0 auto;||  padding: 0 20px;||}||||.vi-contact-hero-es__content {||  max-width: 920px;||  margin: 0 auto;||  text-align: center;||}||||.vi-contact-hero-es__eyebrow {||  margin: 0 0 18px;||  font-size: 13px;||  line-height: 1.2;||  letter-spacing: 0.22em;||  text-transform: uppercase;||  font-weight: 600;||  color: #6f7f96;||}||||.vi-contact-hero-es__title {||  margin: 0 0 26px;||  font-size: clamp(52px, 6vw, 72px);||  line-height: 0.96;||  letter-spacing: -0.045em;||  font-weight: 700;||  color: #1f3447;||  max-width: 900px;||  margin-left: auto;||  margin-right: auto;||}||||.vi-contact-hero-es__title span {||  display: block;||  color: #4e3583;||}||||.vi-contact-hero-es__text {||  margin: 0 auto;||  max-width: 760px;||  font-size: 23px;||  line-height: 1.55;||  color: #607089;||}||||@media (max-width: 980px) {||  .vi-contact-hero-es {||    padding: 82px 0 68px;||  }||||  .vi-contact-hero-es__title {||    font-size: 50px;||  }||||  .vi-contact-hero-es__text {||    font-size: 20px;||  }||}||||@media (max-width: 767px) {||  .vi-contact-hero-es {||    padding: 58px 0 48px;||  }||||  .vi-contact-hero-es__inner {||    padding: 0 16px;||  }||||  .vi-contact-hero-es__title {||    font-size: 38px;||    line-height: 1.02;||  }||||  .vi-contact-hero-es__text {||    font-size: 18px;||    line-height: 1.55;||  }||}\u00bb hover_enabled=\u00bb0&#8243; sticky_enabled=\u00bb0&#8243;]<\/p>\n<section class=\"vi-contact-hero-es\"><!-- [et_pb_line_break_holder] -->  <\/p>\n<div class=\"vi-contact-hero-es__inner\"><!-- [et_pb_line_break_holder] -->    <\/p>\n<div class=\"vi-contact-hero-es__content\"><!-- [et_pb_line_break_holder] --><!-- [et_pb_line_break_holder] -->      <pee class=\"vi-contact-hero-es__eyebrow\">CONTACTO<\/pee><!-- [et_pb_line_break_holder] --><!-- [et_pb_line_break_holder] -->      <\/p>\n<h1 class=\"vi-contact-hero-es__title\"><!-- [et_pb_line_break_holder] -->        \u00bfTienes un caso cl\u00ednico espec\u00edfico<!-- [et_pb_line_break_holder] -->        <span>o una consulta t\u00e9cnica?<\/span><!-- [et_pb_line_break_holder] -->      <\/h1>\n<p><!-- [et_pb_line_break_holder] --><!-- [et_pb_line_break_holder] -->      <pee class=\"vi-contact-hero-es__text\"><!-- [et_pb_line_break_holder] -->        Comp\u00e1rtelo con nosotros y te guiaremos en el proceso.<!-- [et_pb_line_break_holder] -->      <\/pee><!-- [et_pb_line_break_holder] --><!-- [et_pb_line_break_holder] -->    <\/div>\n<p><!-- [et_pb_line_break_holder] -->  <\/div>\n<p><!-- [et_pb_line_break_holder] --><\/section>\n<p>[\/et_pb_code][et_pb_text _builder_version=\u00bb4.27.4&#8243; _module_preset=\u00bbdefault\u00bb hover_enabled=\u00bb0&#8243; global_colors_info=\u00bb{}\u00bb sticky_enabled=\u00bb0&#8243;]<\/p>\n<p><div class=\"forminator-ui forminator-custom-form forminator-custom-form-170 forminator-design--material  forminator_ajax\" data-forminator-render=\"0\" data-form=\"forminator-module-170\" data-uid=\"69fa16f771a47\"><\/div>\n<form\n\t\t\t\tid=\"forminator-module-170\"\n\t\t\t\tclass=\"forminator-ui forminator-custom-form forminator-custom-form-170 forminator-design--material  forminator_ajax\"\n\t\t\t\tmethod=\"post\"\n\t\t\t\tdata-forminator-render=\"0\"\n\t\t\t\tdata-form-id=\"170\"\n\t\t\t\t data-color-option=\"theme\" data-design=\"material\" data-grid=\"open\" style=\"display: none;\"\n\t\t\t\tdata-uid=\"69fa16f771a47\"\n\t\t\t><\/p>\n<div role=\"alert\" aria-live=\"polite\" class=\"forminator-response-message forminator-error\" aria-hidden=\"true\"><\/div>\n<div class=\"forminator-row\">\n<div id=\"name-1\" class=\"forminator-field-name forminator-col forminator-col-12 \">\n<div class=\"forminator-field\"><label for=\"forminator-field-name-1_69fa16f771a47\" id=\"forminator-field-name-1_69fa16f771a47-label\" class=\"forminator-label\">Nombre <span class=\"forminator-required\">*<\/span><\/label><input type=\"text\" name=\"name-1\" value=\"\" placeholder=\"\" id=\"forminator-field-name-1_69fa16f771a47\" class=\"forminator-input forminator-name--field\" aria-required=\"true\" autocomplete=\"name\" \/><\/div>\n<\/div>\n<\/div>\n<div class=\"forminator-row\">\n<div id=\"select-1\" class=\"forminator-field-select forminator-col forminator-col-6 \">\n<div class=\"forminator-field\"><label for=\"forminator-form-170__field--select-1_69fa16f771a47\" id=\"forminator-form-170__field--select-1_69fa16f771a47-label\" class=\"forminator-label\">Perfil<\/label><select  id=\"forminator-form-170__field--select-1_69fa16f771a47\" class=\"forminator-select--field forminator-select2 forminator-select2-multiple\" data-required=\"\" name=\"select-1\" data-default-value=\"\" data-hidden-behavior=\"zero\" data-placeholder=\"\" data-search=\"false\" data-search-placeholder=\"\" data-checkbox=\"false\" data-allow-clear=\"false\" aria-labelledby=\"forminator-form-170__field--select-1_69fa16f771a47-label\"><option value=\"one\"  data-calculation=\"0\">Profesional sanitario<\/option><option value=\"two\"  data-calculation=\"0\">Industria m\u00e9dica<\/option><option value=\"Otro\"  data-calculation=\"0\">Otro<\/option><\/select><\/div>\n<\/div>\n<div id=\"text-1\" class=\"forminator-field-text forminator-col forminator-col-6 \">\n<div class=\"forminator-field\"><label for=\"forminator-field-text-1_69fa16f771a47\" id=\"forminator-field-text-1_69fa16f771a47-label\" class=\"forminator-label\">Pa\u00eds<\/label><input type=\"text\" name=\"text-1\" value=\"\" placeholder=\"\" id=\"forminator-field-text-1_69fa16f771a47\" class=\"forminator-input forminator-name--field\" data-required=\"\" \/><\/div>\n<\/div>\n<\/div>\n<div class=\"forminator-row\">\n<div id=\"phone-1\" class=\"forminator-field-phone forminator-col forminator-col-6 \">\n<div class=\"forminator-field\"><label for=\"forminator-field-phone-1_69fa16f771a47\" id=\"forminator-field-phone-1_69fa16f771a47-label\" class=\"forminator-label\">N\u00famero de tel\u00e9fono<\/label><input type=\"text\" name=\"phone-1\" value=\"\" placeholder=\"\" id=\"forminator-field-phone-1_69fa16f771a47\" class=\"forminator-input forminator-field--phone\" data-required=\"\" aria-required=\"false\" autocomplete=\"off\" data-national_mode=\"disabled\" data-country=\"US\" data-validation=\"international\" \/><\/div>\n<\/div>\n<div id=\"email-1\" class=\"forminator-field-email forminator-col forminator-col-6 \">\n<div class=\"forminator-field\"><label for=\"forminator-field-email-1_69fa16f771a47\" id=\"forminator-field-email-1_69fa16f771a47-label\" class=\"forminator-label\">Direcci\u00f3n de correo electr\u00f3nico <span class=\"forminator-required\">*<\/span><\/label><input type=\"email\" name=\"email-1\" value=\"\" placeholder=\"\" id=\"forminator-field-email-1_69fa16f771a47\" class=\"forminator-input forminator-email--field\" data-required=\"true\" aria-required=\"true\" autocomplete=\"email\" \/><\/div>\n<\/div>\n<\/div>\n<div class=\"forminator-row\">\n<div id=\"textarea-1\" class=\"forminator-field-textarea forminator-col forminator-col-12 \">\n<div class=\"forminator-field\"><label for=\"forminator-field-textarea-1_69fa16f771a47\" id=\"forminator-field-textarea-1_69fa16f771a47-label\" class=\"forminator-label\">Mensaje<\/label><span id=\"forminator-field-textarea-1_69fa16f771a47-description\" class=\"forminator-description\"><span data-limit=\"180\" data-type=\"characters\" data-editor=\"\">0 \/ 180<\/span><\/span><textarea name=\"textarea-1\" placeholder=\"\" id=\"forminator-field-textarea-1_69fa16f771a47\" class=\"forminator-textarea\" rows=\"6\" style=\"--forminator-textarea-min-height:140px;\" maxlength=\"180\" ><\/textarea><\/div>\n<\/div>\n<\/div>\n<div class=\"forminator-row\">\n<div id=\"consent-1\" class=\"forminator-field-consent forminator-col forminator-col-12 \">\n<div class=\"forminator-field\"><label for=\"forminator-field-consent-1_69fa16f771a47\" id=\"forminator-field-consent-1_69fa16f771a47-label\" class=\"forminator-label\">Consentimiento <span class=\"forminator-required\">*<\/span><\/label><\/p>\n<div class=\"forminator-checkbox__wrapper\"><label id=\"forminator-field-consent-1_69fa16f771a47__label\" class=\"forminator-checkbox forminator-consent\"><input type=\"checkbox\" name=\"consent-1\" id=\"forminator-field-consent-1_69fa16f771a47\" value=\"checked\" aria-labelledby=\"forminator-field-consent-1_69fa16f771a47-label\" aria-describedby=\"forminator-field-consent-1_69fa16f771a47__description\" data-required=\"true\" aria-required=\"true\" \/><span class=\"forminator-checkbox-box\" aria-hidden=\"true\"><\/span><\/label><\/p>\n<div id=\"forminator-field-consent-1_69fa16f771a47__description\" class=\"forminator-checkbox__label forminator-consent__label\">He le\u00eddo y acepto la <a rel=\"noopener\" target=\"_blank\" href=\"https:\/\/valorimplant.com\/politica-privacidad\/\">pol\u00edtica de privacidad.<\/a><\/div>\n<\/div>\n<\/div>\n<\/div>\n<\/div>\n<div class=\"forminator-row\">\n<div id=\"html-1\" class=\"forminator-field-html forminator-col forminator-col-12 \">\n<div class=\"forminator-field forminator-merge-tags\" data-field=\"html-1\"><label class=\"forminator-label\">&#8212;<\/label><\/p>\n<p>PROTECCI\u00d3N DE DATOS. VALOR IMPLANT, S.L. tratar\u00e1 los datos personales facilitados con la finalidad de atender sus solicitudes, consultas y enviarle la informaci\u00f3n solicitada, as\u00ed como realizar un seguimiento. Puede revocar su consentimiento, as\u00ed como ejercer sus derechos de protecci\u00f3n de datos en cualquier momento. M\u00e1s informaci\u00f3n en nuestra <a rel=\"noopener\" target=\"_blank\" href=\"https:\/\/valorimplant.com\/privacy-policy\/\">pol\u00edtica de privacidad<\/a>.<\/p>\n<\/div>\n<\/div>\n<\/div>\n<p><input type=\"hidden\" name=\"referer_url\" value=\"\" \/><\/p>\n<div class=\"forminator-row forminator-row-last\">\n<div class=\"forminator-col\">\n<div class=\"forminator-field\"><button class=\"forminator-button forminator-button-submit\"><span>Enviar<\/span><span aria-hidden=\"true\"><\/span><\/button><\/div>\n<\/div>\n<\/div>\n<p><input type=\"hidden\" id=\"forminator_nonce\" name=\"forminator_nonce\" value=\"2288c0d1be\" \/><input type=\"hidden\" name=\"_wp_http_referer\" value=\"\/es\/wp-json\/wp\/v2\/pages\/92\" \/><input type=\"hidden\" name=\"form_id\" value=\"170\"><input type=\"hidden\" name=\"page_id\" value=\"92\"><input type=\"hidden\" name=\"form_type\" value=\"default\"><input type=\"hidden\" name=\"current_url\" value=\"https:\/\/valorimplant.com\/es\/contact\/\"><input type=\"hidden\" name=\"render_id\" value=\"0\"><input type=\"hidden\" name=\"action\" value=\"forminator_submit_form_custom-forms\"><\/form>\n<\/p>\n<p>[\/et_pb_text][\/et_pb_column][\/et_pb_row][et_pb_row _builder_version=\u00bb4.27.6&#8243; _module_preset=\u00bbdefault\u00bb][et_pb_column _builder_version=\u00bb4.27.6&#8243; _module_preset=\u00bbdefault\u00bb type=\u00bb4_4&#8243;][\/et_pb_column][\/et_pb_row][\/et_pb_section]<\/p>\n","protected":false},"excerpt":{"rendered":"<div class=\"forminator-ui forminator-custom-form forminator-custom-form-170 forminator-design--material  forminator_ajax\" data-forminator-render=\"1\" data-form=\"forminator-module-170\" data-uid=\"69fa16f841c22\"><br\/><\/div><form\n\t\t\t\tid=\"forminator-module-170\"\n\t\t\t\tclass=\"forminator-ui forminator-custom-form forminator-custom-form-170 forminator-design--material  forminator_ajax\"\n\t\t\t\tmethod=\"post\"\n\t\t\t\tdata-forminator-render=\"1\"\n\t\t\t\tdata-form-id=\"170\"\n\t\t\t\t data-color-option=\"theme\" data-design=\"material\" data-grid=\"open\" style=\"display: none;\"\n\t\t\t\tdata-uid=\"69fa16f841c22\"\n\t\t\t><div role=\"alert\" aria-live=\"polite\" class=\"forminator-response-message forminator-error\" aria-hidden=\"true\"><\/div><div class=\"forminator-row\"><div id=\"name-1\" class=\"forminator-field-name forminator-col forminator-col-12 \"><div class=\"forminator-field\"><label for=\"forminator-field-name-1_69fa16f841c22\" id=\"forminator-field-name-1_69fa16f841c22-label\" class=\"forminator-label\">Nombre <span class=\"forminator-required\">*<\/span><\/label><input type=\"text\" name=\"name-1\" value=\"\" placeholder=\"\" id=\"forminator-field-name-1_69fa16f841c22\" class=\"forminator-input forminator-name--field\" aria-required=\"true\" autocomplete=\"name\" \/><\/div><\/div><\/div><div class=\"forminator-row\"><div id=\"select-1\" class=\"forminator-field-select forminator-col forminator-col-6 \"><div class=\"forminator-field\"><label for=\"forminator-form-170__field--select-1_69fa16f841c22\" id=\"forminator-form-170__field--select-1_69fa16f841c22-label\" class=\"forminator-label\">Perfil<\/label><select  id=\"forminator-form-170__field--select-1_69fa16f841c22\" class=\"forminator-select--field forminator-select2 forminator-select2-multiple\" data-required=\"\" name=\"select-1\" data-default-value=\"\" data-hidden-behavior=\"zero\" data-placeholder=\"\" data-search=\"false\" data-search-placeholder=\"\" data-checkbox=\"false\" data-allow-clear=\"false\" aria-labelledby=\"forminator-form-170__field--select-1_69fa16f841c22-label\"><option value=\"one\"  data-calculation=\"0\">Profesional sanitario<\/option><option value=\"two\"  data-calculation=\"0\">Industria m\u00e9dica<\/option><option value=\"Otro\"  data-calculation=\"0\">Otro<\/option><\/select><\/div><\/div><div id=\"text-1\" class=\"forminator-field-text forminator-col forminator-col-6 \"><div class=\"forminator-field\"><label for=\"forminator-field-text-1_69fa16f841c22\" id=\"forminator-field-text-1_69fa16f841c22-label\" class=\"forminator-label\">Pa\u00eds<\/label><input type=\"text\" name=\"text-1\" value=\"\" placeholder=\"\" id=\"forminator-field-text-1_69fa16f841c22\" class=\"forminator-input forminator-name--field\" data-required=\"\" \/><\/div><\/div><\/div><div class=\"forminator-row\"><div id=\"phone-1\" class=\"forminator-field-phone forminator-col forminator-col-6 \"><div class=\"forminator-field\"><label for=\"forminator-field-phone-1_69fa16f841c22\" id=\"forminator-field-phone-1_69fa16f841c22-label\" class=\"forminator-label\">N\u00famero de tel\u00e9fono<\/label><input type=\"text\" name=\"phone-1\" value=\"\" placeholder=\"\" id=\"forminator-field-phone-1_69fa16f841c22\" class=\"forminator-input forminator-field--phone\" data-required=\"\" aria-required=\"false\" autocomplete=\"off\" data-national_mode=\"disabled\" data-country=\"US\" data-validation=\"international\" \/><\/div><\/div><div id=\"email-1\" class=\"forminator-field-email forminator-col forminator-col-6 \"><div class=\"forminator-field\"><label for=\"forminator-field-email-1_69fa16f841c22\" id=\"forminator-field-email-1_69fa16f841c22-label\" class=\"forminator-label\">Direcci\u00f3n de correo electr\u00f3nico <span class=\"forminator-required\">*<\/span><\/label><input type=\"email\" name=\"email-1\" value=\"\" placeholder=\"\" id=\"forminator-field-email-1_69fa16f841c22\" class=\"forminator-input forminator-email--field\" data-required=\"true\" aria-required=\"true\" autocomplete=\"email\" \/><\/div><\/div><\/div><div class=\"forminator-row\"><div id=\"textarea-1\" class=\"forminator-field-textarea forminator-col forminator-col-12 \"><div class=\"forminator-field\"><label for=\"forminator-field-textarea-1_69fa16f841c22\" id=\"forminator-field-textarea-1_69fa16f841c22-label\" class=\"forminator-label\">Mensaje<\/label><span id=\"forminator-field-textarea-1_69fa16f841c22-description\" class=\"forminator-description\"><span data-limit=\"180\" data-type=\"characters\" data-editor=\"\">0 \/ 180<\/span><\/span><textarea name=\"textarea-1\" placeholder=\"\" id=\"forminator-field-textarea-1_69fa16f841c22\" class=\"forminator-textarea\" rows=\"6\" style=\"--forminator-textarea-min-height:140px;\" maxlength=\"180\" ><\/textarea><\/div><\/div><\/div><div class=\"forminator-row\"><div id=\"consent-1\" class=\"forminator-field-consent forminator-col forminator-col-12 \"><div class=\"forminator-field\"><label for=\"forminator-field-consent-1_69fa16f841c22\" id=\"forminator-field-consent-1_69fa16f841c22-label\" class=\"forminator-label\">Consentimiento <span class=\"forminator-required\">*<\/span><\/label><div class=\"forminator-checkbox__wrapper\"><label id=\"forminator-field-consent-1_69fa16f841c22__label\" class=\"forminator-checkbox forminator-consent\"><input type=\"checkbox\" name=\"consent-1\" id=\"forminator-field-consent-1_69fa16f841c22\" value=\"checked\" aria-labelledby=\"forminator-field-consent-1_69fa16f841c22-label\" aria-describedby=\"forminator-field-consent-1_69fa16f841c22__description\" data-required=\"true\" aria-required=\"true\" \/><span class=\"forminator-checkbox-box\" aria-hidden=\"true\"><\/span><\/label><div id=\"forminator-field-consent-1_69fa16f841c22__description\" class=\"forminator-checkbox__label forminator-consent__label\">He le\u00eddo y acepto la <a rel=\"noopener\" target=\"_blank\" href=\"https:\/\/valorimplant.com\/politica-privacidad\/\">pol\u00edtica de privacidad.<\/a><\/div><\/div><\/div><\/div><\/div><div class=\"forminator-row\"><div id=\"html-1\" class=\"forminator-field-html forminator-col forminator-col-12 \"><div class=\"forminator-field forminator-merge-tags\" data-field=\"html-1\"><label class=\"forminator-label\">---<\/label><p>PROTECCI\u00d3N DE DATOS. VALOR IMPLANT, S.L. tratar\u00e1 los datos personales facilitados con la finalidad de atender sus solicitudes, consultas y enviarle la informaci\u00f3n solicitada, as\u00ed como realizar un seguimiento. Puede revocar su consentimiento, as\u00ed como ejercer sus derechos de protecci\u00f3n de datos en cualquier momento. M\u00e1s informaci\u00f3n en nuestra <a rel=\"noopener\" target=\"_blank\" href=\"https:\/\/valorimplant.com\/privacy-policy\/\">pol\u00edtica de privacidad<\/a>.<\/p><\/div><\/div><\/div><input type=\"hidden\" name=\"referer_url\" value=\"\" \/><div class=\"forminator-row forminator-row-last\"><div class=\"forminator-col\"><div class=\"forminator-field\"><button class=\"forminator-button forminator-button-submit\"><span>Enviar<\/span><span aria-hidden=\"true\"><\/span><\/button><\/div><\/div><\/div><input type=\"hidden\" id=\"forminator_nonce\" name=\"forminator_nonce\" value=\"2288c0d1be\" \/><input type=\"hidden\" name=\"_wp_http_referer\" value=\"\/es\/wp-json\/wp\/v2\/pages\/92\" \/><input type=\"hidden\" name=\"form_id\" value=\"170\"><input type=\"hidden\" name=\"page_id\" value=\"92\"><input type=\"hidden\" name=\"form_type\" value=\"default\"><input type=\"hidden\" name=\"current_url\" value=\"https:\/\/valorimplant.com\/es\/contact\/\"><input type=\"hidden\" name=\"render_id\" value=\"1\"><input type=\"hidden\" name=\"action\" value=\"forminator_submit_form_custom-forms\"><\/form>\n","protected":false},"author":1,"featured_media":0,"parent":0,"menu_order":0,"comment_status":"closed","ping_status":"closed","template":"","meta":{"_et_pb_use_builder":"on","_et_pb_old_content":"","_et_gb_content_width":"","inline_featured_image":false,"footnotes":""},"dipi_cpt_category":[],"class_list":["post-92","page","type-page","status-publish","hentry"],"yoast_head":"<!-- This site is optimized with the Yoast SEO plugin v27.4 - https:\/\/yoast.com\/product\/yoast-seo-wordpress\/ -->\n<title>Valor Implant - Contacta con nosotros<\/title>\n<meta name=\"description\" content=\"Contacta con Valor Implant, fabricante de implantes ortop\u00e9dicos personalizados.\" \/>\n<meta name=\"robots\" content=\"index, follow, max-snippet:-1, max-image-preview:large, max-video-preview:-1\" \/>\n<link rel=\"canonical\" href=\"https:\/\/valorimplant.com\/es\/contact\/\" \/>\n<meta property=\"og:locale\" content=\"es_ES\" \/>\n<meta property=\"og:type\" content=\"article\" \/>\n<meta property=\"og:title\" content=\"Valor Implant - Contacta con nosotros\" \/>\n<meta property=\"og:description\" content=\"Contacta con Valor Implant, fabricante de implantes ortop\u00e9dicos personalizados.\" \/>\n<meta property=\"og:url\" content=\"https:\/\/valorimplant.com\/es\/contact\/\" \/>\n<meta property=\"og:site_name\" content=\"Valor Implant\" \/>\n<meta property=\"article:modified_time\" content=\"2026-04-19T20:31:49+00:00\" \/>\n<meta name=\"twitter:card\" content=\"summary_large_image\" \/>\n<meta name=\"twitter:label1\" content=\"Tiempo de lectura\" \/>\n\t<meta name=\"twitter:data1\" content=\"1 minuto\" \/>\n<script type=\"application\/ld+json\" class=\"yoast-schema-graph\">{\"@context\":\"https:\\\/\\\/schema.org\",\"@graph\":[{\"@type\":\"WebPage\",\"@id\":\"https:\\\/\\\/valorimplant.com\\\/es\\\/contact\\\/\",\"url\":\"https:\\\/\\\/valorimplant.com\\\/es\\\/contact\\\/\",\"name\":\"Valor Implant - Contacta con nosotros\",\"isPartOf\":{\"@id\":\"https:\\\/\\\/valorimplant.com\\\/es\\\/#website\"},\"datePublished\":\"2025-12-09T14:29:44+00:00\",\"dateModified\":\"2026-04-19T20:31:49+00:00\",\"description\":\"Contacta con Valor Implant, fabricante de implantes ortop\u00e9dicos personalizados.\",\"breadcrumb\":{\"@id\":\"https:\\\/\\\/valorimplant.com\\\/es\\\/contact\\\/#breadcrumb\"},\"inLanguage\":\"es\",\"potentialAction\":[{\"@type\":\"ReadAction\",\"target\":[\"https:\\\/\\\/valorimplant.com\\\/es\\\/contact\\\/\"]}]},{\"@type\":\"BreadcrumbList\",\"@id\":\"https:\\\/\\\/valorimplant.com\\\/es\\\/contact\\\/#breadcrumb\",\"itemListElement\":[{\"@type\":\"ListItem\",\"position\":1,\"name\":\"Home\",\"item\":\"https:\\\/\\\/valorimplant.com\\\/es\\\/\"},{\"@type\":\"ListItem\",\"position\":2,\"name\":\"Contacto\"}]},{\"@type\":\"WebSite\",\"@id\":\"https:\\\/\\\/valorimplant.com\\\/es\\\/#website\",\"url\":\"https:\\\/\\\/valorimplant.com\\\/es\\\/\",\"name\":\"Valor Implant\",\"description\":\"\",\"potentialAction\":[{\"@type\":\"SearchAction\",\"target\":{\"@type\":\"EntryPoint\",\"urlTemplate\":\"https:\\\/\\\/valorimplant.com\\\/es\\\/?s={search_term_string}\"},\"query-input\":{\"@type\":\"PropertyValueSpecification\",\"valueRequired\":true,\"valueName\":\"search_term_string\"}}],\"inLanguage\":\"es\"}]}<\/script>\n<!-- \/ Yoast SEO plugin. -->","yoast_head_json":{"title":"Valor Implant - Contacta con nosotros","description":"Contacta con Valor Implant, fabricante de implantes ortop\u00e9dicos personalizados.","robots":{"index":"index","follow":"follow","max-snippet":"max-snippet:-1","max-image-preview":"max-image-preview:large","max-video-preview":"max-video-preview:-1"},"canonical":"https:\/\/valorimplant.com\/es\/contact\/","og_locale":"es_ES","og_type":"article","og_title":"Valor Implant - Contacta con nosotros","og_description":"Contacta con Valor Implant, fabricante de implantes ortop\u00e9dicos personalizados.","og_url":"https:\/\/valorimplant.com\/es\/contact\/","og_site_name":"Valor Implant","article_modified_time":"2026-04-19T20:31:49+00:00","twitter_card":"summary_large_image","twitter_misc":{"Tiempo de lectura":"1 minuto"},"schema":{"@context":"https:\/\/schema.org","@graph":[{"@type":"WebPage","@id":"https:\/\/valorimplant.com\/es\/contact\/","url":"https:\/\/valorimplant.com\/es\/contact\/","name":"Valor Implant - Contacta con nosotros","isPartOf":{"@id":"https:\/\/valorimplant.com\/es\/#website"},"datePublished":"2025-12-09T14:29:44+00:00","dateModified":"2026-04-19T20:31:49+00:00","description":"Contacta con Valor Implant, fabricante de implantes ortop\u00e9dicos personalizados.","breadcrumb":{"@id":"https:\/\/valorimplant.com\/es\/contact\/#breadcrumb"},"inLanguage":"es","potentialAction":[{"@type":"ReadAction","target":["https:\/\/valorimplant.com\/es\/contact\/"]}]},{"@type":"BreadcrumbList","@id":"https:\/\/valorimplant.com\/es\/contact\/#breadcrumb","itemListElement":[{"@type":"ListItem","position":1,"name":"Home","item":"https:\/\/valorimplant.com\/es\/"},{"@type":"ListItem","position":2,"name":"Contacto"}]},{"@type":"WebSite","@id":"https:\/\/valorimplant.com\/es\/#website","url":"https:\/\/valorimplant.com\/es\/","name":"Valor Implant","description":"","potentialAction":[{"@type":"SearchAction","target":{"@type":"EntryPoint","urlTemplate":"https:\/\/valorimplant.com\/es\/?s={search_term_string}"},"query-input":{"@type":"PropertyValueSpecification","valueRequired":true,"valueName":"search_term_string"}}],"inLanguage":"es"}]}},"_links":{"self":[{"href":"https:\/\/valorimplant.com\/es\/wp-json\/wp\/v2\/pages\/92","targetHints":{"allow":["GET"]}}],"collection":[{"href":"https:\/\/valorimplant.com\/es\/wp-json\/wp\/v2\/pages"}],"about":[{"href":"https:\/\/valorimplant.com\/es\/wp-json\/wp\/v2\/types\/page"}],"author":[{"embeddable":true,"href":"https:\/\/valorimplant.com\/es\/wp-json\/wp\/v2\/users\/1"}],"replies":[{"embeddable":true,"href":"https:\/\/valorimplant.com\/es\/wp-json\/wp\/v2\/comments?post=92"}],"version-history":[{"count":12,"href":"https:\/\/valorimplant.com\/es\/wp-json\/wp\/v2\/pages\/92\/revisions"}],"predecessor-version":[{"id":1758,"href":"https:\/\/valorimplant.com\/es\/wp-json\/wp\/v2\/pages\/92\/revisions\/1758"}],"wp:attachment":[{"href":"https:\/\/valorimplant.com\/es\/wp-json\/wp\/v2\/media?parent=92"}],"wp:term":[{"taxonomy":"dipi_cpt_category","embeddable":true,"href":"https:\/\/valorimplant.com\/es\/wp-json\/wp\/v2\/dipi_cpt_category?post=92"}],"curies":[{"name":"wp","href":"https:\/\/api.w.org\/{rel}","templated":true}]}}