{"id":407,"date":"2025-12-18T11:31:01","date_gmt":"2025-12-18T10:31:01","guid":{"rendered":"https:\/\/valorimplant.com\/?page_id=407"},"modified":"2026-02-05T10:47:59","modified_gmt":"2026-02-05T09:47:59","slug":"bibliografia","status":"publish","type":"page","link":"https:\/\/valorimplant.com\/es\/sobre-valor-implant\/bibliografia\/","title":{"rendered":"Bibliograf\u00eda"},"content":{"rendered":"<p>[et_pb_section fb_built=\u00bb1&#8243; module_class=\u00bbtheTitle\u00bb _builder_version=\u00bb4.27.4&#8243; _module_preset=\u00bbdefault\u00bb global_colors_info=\u00bb{}\u00bb][et_pb_row _builder_version=\u00bb4.27.4&#8243; _module_preset=\u00bbdefault\u00bb global_colors_info=\u00bb{}\u00bb][et_pb_column type=\u00bb4_4&#8243; _builder_version=\u00bb4.27.4&#8243; _module_preset=\u00bbdefault\u00bb global_colors_info=\u00bb{}\u00bb][et_pb_text _builder_version=\u00bb4.27.4&#8243; _module_preset=\u00bbdefault\u00bb global_colors_info=\u00bb{}\u00bb]<\/p>\n<h1 style=\"text-align: center;\">Bibliograf\u00eda<\/h1>\n<p>[\/et_pb_text][\/et_pb_column][\/et_pb_row][\/et_pb_section][et_pb_section fb_built=\u00bb1&#8243; _builder_version=\u00bb4.27.4&#8243; _module_preset=\u00bbdefault\u00bb custom_padding=\u00bb0px||0px||false|false\u00bb global_colors_info=\u00bb{}\u00bb][et_pb_row column_structure=\u00bb1_2,1_2&#8243; _builder_version=\u00bb4.27.4&#8243; _module_preset=\u00bbdefault\u00bb global_colors_info=\u00bb{}\u00bb][et_pb_column type=\u00bb1_2&#8243; _builder_version=\u00bb4.27.4&#8243; _module_preset=\u00bbdefault\u00bb global_colors_info=\u00bb{}\u00bb][et_pb_text _builder_version=\u00bb4.27.4&#8243; _module_preset=\u00bbdefault\u00bb hover_enabled=\u00bb0&#8243; global_colors_info=\u00bb{}\u00bb sticky_enabled=\u00bb0&#8243;]<\/p>\n<h2>La evidencia cient\u00edfica es la base de nuestro trabajo.<\/h2>\n<p>[\/et_pb_text][et_pb_text _builder_version=\u00bb4.27.4&#8243; _module_preset=\u00bbdefault\u00bb global_colors_info=\u00bb{}\u00bb]<\/p>\n<p>En esta secci\u00f3n reunimos publicaciones, estudios cl\u00ednicos y referencias internacionales que respaldan el uso de tecnolog\u00edas personalizadas en cirug\u00eda, as\u00ed como investigaciones desarrolladas junto a cirujanos y centros hospitalarios de referencia.<\/p>\n<p>[\/et_pb_text][\/et_pb_column][et_pb_column type=\u00bb1_2&#8243; _builder_version=\u00bb4.27.4&#8243; _module_preset=\u00bbdefault\u00bb global_colors_info=\u00bb{}\u00bb][et_pb_image src=\u00bbhttps:\/\/valorimplant.com\/wp-content\/uploads\/2026\/02\/DSCF1339-scaled.jpg\u00bb title_text=\u00bbDSCF1339&#8243; _builder_version=\u00bb4.27.4&#8243; _module_preset=\u00bbdefault\u00bb hover_enabled=\u00bb0&#8243; global_colors_info=\u00bb{}\u00bb sticky_enabled=\u00bb0&#8243;][\/et_pb_image][\/et_pb_column][\/et_pb_row][\/et_pb_section][et_pb_section fb_built=\u00bb1&#8243; _builder_version=\u00bb4.27.4&#8243; _module_preset=\u00bbdefault\u00bb global_colors_info=\u00bb{}\u00bb][et_pb_row _builder_version=\u00bb4.27.4&#8243; _module_preset=\u00bbdefault\u00bb link_option_url=\u00bbhttps:\/\/valorimplant.com\/wp-content\/uploads\/2026\/02\/1-s2.0-S2212628725002415-main.pdf\u00bb global_colors_info=\u00bb{}\u00bb][et_pb_column type=\u00bb4_4&#8243; _builder_version=\u00bb4.27.4&#8243; _module_preset=\u00bbdefault\u00bb global_colors_info=\u00bb{}\u00bb][et_pb_text _builder_version=\u00bb4.27.4&#8243; _module_preset=\u00bbdefault\u00bb global_colors_info=\u00bb{}\u00bb]<\/p>\n<h3>Step-Cut Clavicle Osteotomy and T-Shaped Iliac Crest Graft for Clavicle Nonunion Using 3-Dimensionally Planned Custom-Made Surgical Guides and Plate Fixation<\/h3>\n<p>Antonio Arenas-Miquelez, M.D., F.E.B.O.T., and Alejandro Almoguera-Martinez, M.D.<\/p>\n<p>[\/et_pb_text][\/et_pb_column][\/et_pb_row][et_pb_row _builder_version=\u00bb4.27.4&#8243; _module_preset=\u00bbdefault\u00bb link_option_url=\u00bbhttps:\/\/valorimplant.com\/wp-content\/uploads\/2026\/02\/ProgramaCientifico3112025.pdf\u00bb link_option_url_new_window=\u00bbon\u00bb global_colors_info=\u00bb{}\u00bb][et_pb_column type=\u00bb4_4&#8243; _builder_version=\u00bb4.27.4&#8243; _module_preset=\u00bbdefault\u00bb global_colors_info=\u00bb{}\u00bb][et_pb_text _builder_version=\u00bb4.27.4&#8243; _module_preset=\u00bbdefault\u00bb global_colors_info=\u00bb{}\u00bb]<\/p>\n<h3><span class=\"a_GcMg font-feature-liga-off font-feature-clig-off font-feature-calt-off text-decoration-underline text-strikethrough-none\">Accuracy Of Custom-Made Baseplates In Reverse Total Shoulder Arthroplasty.<\/span><\/h3>\n<p><span class=\"a_GcMg font-feature-liga-off font-feature-clig-off font-feature-calt-off text-decoration-none text-strikethrough-none\">Miquel, Joan \/ Rodr\u00edguez Paz, Susana \/ Salom\u00f3-Dom\u00e8nech, M\u00f2nica \/ Monill-Raya, N\u00faria \/ Coderch-Navarro, Sergi \/ Torrens, Carlos<\/span><\/p>\n<p>[\/et_pb_text][\/et_pb_column][\/et_pb_row][et_pb_row _builder_version=\u00bb4.27.4&#8243; _module_preset=\u00bbdefault\u00bb link_option_url=\u00bbhttps:\/\/valorimplant.com\/wp-content\/uploads\/2026\/02\/2025.-The-expanding-role-of-additive-manufacturing-in-orthopaedic-traumatology.pdf\u00bb link_option_url_new_window=\u00bbon\u00bb global_colors_info=\u00bb{}\u00bb][et_pb_column type=\u00bb4_4&#8243; _builder_version=\u00bb4.27.4&#8243; _module_preset=\u00bbdefault\u00bb global_colors_info=\u00bb{}\u00bb][et_pb_text _builder_version=\u00bb4.27.4&#8243; _module_preset=\u00bbdefault\u00bb global_colors_info=\u00bb{}\u00bb]<\/p>\n<h3>The expanding role of additive manufacturing in orthopaedic traumatology<\/h3>\n<p>Vu Le, MD, FRCSCa, Malcolm DeBaun, MDb, Samir Mehta, MDc, Guha Manogharan, PhDd, Michael W. Hast, PhDe<\/p>\n<p>[\/et_pb_text][\/et_pb_column][\/et_pb_row][\/et_pb_section]<\/p>\n","protected":false},"excerpt":{"rendered":"<p>Bibliograf\u00edaLa evidencia cient\u00edfica es la base de nuestro trabajo.En esta secci\u00f3n reunimos publicaciones, estudios cl\u00ednicos y referencias internacionales que respaldan el uso de tecnolog\u00edas personalizadas en cirug\u00eda, as\u00ed como investigaciones desarrolladas junto a cirujanos y centros hospitalarios de referencia.Step-Cut Clavicle Osteotomy and T-Shaped Iliac Crest Graft for Clavicle Nonunion Using 3-Dimensionally Planned Custom-Made Surgical Guides [&hellip;]<\/p>\n","protected":false},"author":1,"featured_media":0,"parent":93,"menu_order":0,"comment_status":"closed","ping_status":"closed","template":"","meta":{"_et_pb_use_builder":"on","_et_pb_old_content":"","_et_gb_content_width":"","inline_featured_image":false,"footnotes":""},"dipi_cpt_category":[],"class_list":["post-407","page","type-page","status-publish","hentry"],"yoast_head":"<!-- This site is optimized with the Yoast SEO plugin v26.9 - https:\/\/yoast.com\/product\/yoast-seo-wordpress\/ -->\n<title>Bibliograf\u00eda - Valor Implant<\/title>\n<meta name=\"robots\" content=\"index, follow, max-snippet:-1, max-image-preview:large, max-video-preview:-1\" \/>\n<link rel=\"canonical\" href=\"https:\/\/valorimplant.com\/es\/sobre-valor-implant\/bibliografia\/\" \/>\n<meta property=\"og:locale\" content=\"es_ES\" \/>\n<meta property=\"og:type\" content=\"article\" \/>\n<meta property=\"og:title\" content=\"Bibliograf\u00eda - Valor Implant\" \/>\n<meta property=\"og:description\" content=\"Bibliograf\u00edaLa evidencia cient\u00edfica es la base de nuestro trabajo.En esta secci\u00f3n reunimos publicaciones, estudios cl\u00ednicos y referencias internacionales que respaldan el uso de tecnolog\u00edas personalizadas en cirug\u00eda, as\u00ed como investigaciones desarrolladas junto a cirujanos y centros hospitalarios de referencia.Step-Cut Clavicle Osteotomy and T-Shaped Iliac Crest Graft for Clavicle Nonunion Using 3-Dimensionally Planned Custom-Made Surgical Guides [&hellip;]\" \/>\n<meta property=\"og:url\" content=\"https:\/\/valorimplant.com\/es\/sobre-valor-implant\/bibliografia\/\" \/>\n<meta property=\"og:site_name\" content=\"Valor Implant\" \/>\n<meta property=\"article:modified_time\" content=\"2026-02-05T09:47:59+00:00\" \/>\n<meta name=\"twitter:card\" content=\"summary_large_image\" \/>\n<meta name=\"twitter:label1\" content=\"Tiempo de lectura\" \/>\n\t<meta name=\"twitter:data1\" content=\"1 minuto\" \/>\n<script type=\"application\/ld+json\" class=\"yoast-schema-graph\">{\"@context\":\"https:\/\/schema.org\",\"@graph\":[{\"@type\":\"WebPage\",\"@id\":\"https:\/\/valorimplant.com\/es\/sobre-valor-implant\/bibliografia\/\",\"url\":\"https:\/\/valorimplant.com\/es\/sobre-valor-implant\/bibliografia\/\",\"name\":\"Bibliograf\u00eda - Valor Implant\",\"isPartOf\":{\"@id\":\"https:\/\/valorimplant.com\/es\/#website\"},\"datePublished\":\"2025-12-18T10:31:01+00:00\",\"dateModified\":\"2026-02-05T09:47:59+00:00\",\"breadcrumb\":{\"@id\":\"https:\/\/valorimplant.com\/es\/sobre-valor-implant\/bibliografia\/#breadcrumb\"},\"inLanguage\":\"es\",\"potentialAction\":[{\"@type\":\"ReadAction\",\"target\":[\"https:\/\/valorimplant.com\/es\/sobre-valor-implant\/bibliografia\/\"]}]},{\"@type\":\"BreadcrumbList\",\"@id\":\"https:\/\/valorimplant.com\/es\/sobre-valor-implant\/bibliografia\/#breadcrumb\",\"itemListElement\":[{\"@type\":\"ListItem\",\"position\":1,\"name\":\"Home\",\"item\":\"https:\/\/valorimplant.com\/es\/\"},{\"@type\":\"ListItem\",\"position\":2,\"name\":\"About us\",\"item\":\"https:\/\/valorimplant.com\/es\/sobre-valor-implant\/\"},{\"@type\":\"ListItem\",\"position\":3,\"name\":\"Bibliograf\u00eda\"}]},{\"@type\":\"WebSite\",\"@id\":\"https:\/\/valorimplant.com\/es\/#website\",\"url\":\"https:\/\/valorimplant.com\/es\/\",\"name\":\"Valor Implant\",\"description\":\"\",\"potentialAction\":[{\"@type\":\"SearchAction\",\"target\":{\"@type\":\"EntryPoint\",\"urlTemplate\":\"https:\/\/valorimplant.com\/es\/?s={search_term_string}\"},\"query-input\":{\"@type\":\"PropertyValueSpecification\",\"valueRequired\":true,\"valueName\":\"search_term_string\"}}],\"inLanguage\":\"es\"}]}<\/script>\n<!-- \/ Yoast SEO plugin. -->","yoast_head_json":{"title":"Bibliograf\u00eda - Valor Implant","robots":{"index":"index","follow":"follow","max-snippet":"max-snippet:-1","max-image-preview":"max-image-preview:large","max-video-preview":"max-video-preview:-1"},"canonical":"https:\/\/valorimplant.com\/es\/sobre-valor-implant\/bibliografia\/","og_locale":"es_ES","og_type":"article","og_title":"Bibliograf\u00eda - Valor Implant","og_description":"Bibliograf\u00edaLa evidencia cient\u00edfica es la base de nuestro trabajo.En esta secci\u00f3n reunimos publicaciones, estudios cl\u00ednicos y referencias internacionales que respaldan el uso de tecnolog\u00edas personalizadas en cirug\u00eda, as\u00ed como investigaciones desarrolladas junto a cirujanos y centros hospitalarios de referencia.Step-Cut Clavicle Osteotomy and T-Shaped Iliac Crest Graft for Clavicle Nonunion Using 3-Dimensionally Planned Custom-Made Surgical Guides [&hellip;]","og_url":"https:\/\/valorimplant.com\/es\/sobre-valor-implant\/bibliografia\/","og_site_name":"Valor Implant","article_modified_time":"2026-02-05T09:47:59+00:00","twitter_card":"summary_large_image","twitter_misc":{"Tiempo de lectura":"1 minuto"},"schema":{"@context":"https:\/\/schema.org","@graph":[{"@type":"WebPage","@id":"https:\/\/valorimplant.com\/es\/sobre-valor-implant\/bibliografia\/","url":"https:\/\/valorimplant.com\/es\/sobre-valor-implant\/bibliografia\/","name":"Bibliograf\u00eda - Valor Implant","isPartOf":{"@id":"https:\/\/valorimplant.com\/es\/#website"},"datePublished":"2025-12-18T10:31:01+00:00","dateModified":"2026-02-05T09:47:59+00:00","breadcrumb":{"@id":"https:\/\/valorimplant.com\/es\/sobre-valor-implant\/bibliografia\/#breadcrumb"},"inLanguage":"es","potentialAction":[{"@type":"ReadAction","target":["https:\/\/valorimplant.com\/es\/sobre-valor-implant\/bibliografia\/"]}]},{"@type":"BreadcrumbList","@id":"https:\/\/valorimplant.com\/es\/sobre-valor-implant\/bibliografia\/#breadcrumb","itemListElement":[{"@type":"ListItem","position":1,"name":"Home","item":"https:\/\/valorimplant.com\/es\/"},{"@type":"ListItem","position":2,"name":"About us","item":"https:\/\/valorimplant.com\/es\/sobre-valor-implant\/"},{"@type":"ListItem","position":3,"name":"Bibliograf\u00eda"}]},{"@type":"WebSite","@id":"https:\/\/valorimplant.com\/es\/#website","url":"https:\/\/valorimplant.com\/es\/","name":"Valor Implant","description":"","potentialAction":[{"@type":"SearchAction","target":{"@type":"EntryPoint","urlTemplate":"https:\/\/valorimplant.com\/es\/?s={search_term_string}"},"query-input":{"@type":"PropertyValueSpecification","valueRequired":true,"valueName":"search_term_string"}}],"inLanguage":"es"}]}},"_links":{"self":[{"href":"https:\/\/valorimplant.com\/es\/wp-json\/wp\/v2\/pages\/407","targetHints":{"allow":["GET"]}}],"collection":[{"href":"https:\/\/valorimplant.com\/es\/wp-json\/wp\/v2\/pages"}],"about":[{"href":"https:\/\/valorimplant.com\/es\/wp-json\/wp\/v2\/types\/page"}],"author":[{"embeddable":true,"href":"https:\/\/valorimplant.com\/es\/wp-json\/wp\/v2\/users\/1"}],"replies":[{"embeddable":true,"href":"https:\/\/valorimplant.com\/es\/wp-json\/wp\/v2\/comments?post=407"}],"version-history":[{"count":16,"href":"https:\/\/valorimplant.com\/es\/wp-json\/wp\/v2\/pages\/407\/revisions"}],"predecessor-version":[{"id":1320,"href":"https:\/\/valorimplant.com\/es\/wp-json\/wp\/v2\/pages\/407\/revisions\/1320"}],"up":[{"embeddable":true,"href":"https:\/\/valorimplant.com\/es\/wp-json\/wp\/v2\/pages\/93"}],"wp:attachment":[{"href":"https:\/\/valorimplant.com\/es\/wp-json\/wp\/v2\/media?parent=407"}],"wp:term":[{"taxonomy":"dipi_cpt_category","embeddable":true,"href":"https:\/\/valorimplant.com\/es\/wp-json\/wp\/v2\/dipi_cpt_category?post=407"}],"curies":[{"name":"wp","href":"https:\/\/api.w.org\/{rel}","templated":true}]}}