{"id":406,"date":"2025-12-18T11:31:45","date_gmt":"2025-12-18T10:31:45","guid":{"rendered":"https:\/\/valorimplant.com\/?page_id=406"},"modified":"2026-03-27T10:08:54","modified_gmt":"2026-03-27T09:08:54","slug":"protocolos-quirurgicos","status":"publish","type":"page","link":"https:\/\/valorimplant.com\/es\/sobre-valor-implant\/protocolos-quirurgicos\/","title":{"rendered":"Protocolos Quir\u00fargicos"},"content":{"rendered":"<p>[et_pb_section fb_built=\u00bb1&#8243; module_class=\u00bbtheTitle\u00bb _builder_version=\u00bb4.27.4&#8243; _module_preset=\u00bbdefault\u00bb global_colors_info=\u00bb{}\u00bb][et_pb_row _builder_version=\u00bb4.27.4&#8243; _module_preset=\u00bbdefault\u00bb global_colors_info=\u00bb{}\u00bb][et_pb_column type=\u00bb4_4&#8243; _builder_version=\u00bb4.27.4&#8243; _module_preset=\u00bbdefault\u00bb global_colors_info=\u00bb{}\u00bb][et_pb_text _builder_version=\u00bb4.27.4&#8243; _module_preset=\u00bbdefault\u00bb global_colors_info=\u00bb{}\u00bb]<\/p>\n<h1 style=\"text-align: center;\">Protocolos quir\u00fargicos<\/h1>\n<p>[\/et_pb_text][\/et_pb_column][\/et_pb_row][\/et_pb_section][et_pb_section fb_built=\u00bb1&#8243; _builder_version=\u00bb4.27.4&#8243; _module_preset=\u00bbdefault\u00bb global_colors_info=\u00bb{}\u00bb][et_pb_row _builder_version=\u00bb4.27.4&#8243; _module_preset=\u00bbdefault\u00bb global_colors_info=\u00bb{}\u00bb][et_pb_column type=\u00bb4_4&#8243; _builder_version=\u00bb4.27.4&#8243; _module_preset=\u00bbdefault\u00bb global_colors_info=\u00bb{}\u00bb][et_pb_text _builder_version=\u00bb4.27.4&#8243; _module_preset=\u00bbdefault\u00bb global_colors_info=\u00bb{}\u00bb]<\/p>\n<h2>La planificaci\u00f3n 3D empieza por una imagen fiable<\/strong><\/h2>\n<p>[\/et_pb_text][et_pb_text _builder_version=\u00bb4.27.4&#8243; _module_preset=\u00bbdefault\u00bb global_colors_info=\u00bb{}\u00bb]<\/p>\n<p>La planificaci\u00f3n y el dise\u00f1o personalizado se basan en la imagen del paciente. Si la imagen es deficiente, el modelo 3D ser\u00e1 impreciso y el implante\/gu\u00eda podr\u00edan no ajustarse. Para evitarlo, hemos definido protocolos para Tomograf\u00eda Computarizada con par\u00e1metros y checklist aplicables en la mayor\u00eda de hospitales y garantizar unos est\u00e1ndares m\u00ednimos de calidad.<\/p>\n<p>[\/et_pb_text][\/et_pb_column][\/et_pb_row][\/et_pb_section][et_pb_section fb_built=\u00bb1&#8243; module_class=\u00bbprotocolos\u00bb _builder_version=\u00bb4.27.4&#8243; _module_preset=\u00bbdefault\u00bb custom_padding=\u00bb0px||||false|false\u00bb global_colors_info=\u00bb{}\u00bb][et_pb_row column_structure=\u00bb1_5,1_5,1_5,1_5,1_5&#8243; _builder_version=\u00bb4.27.4&#8243; _module_preset=\u00bbdefault\u00bb global_colors_info=\u00bb{}\u00bb][et_pb_column type=\u00bb1_5&#8243; _builder_version=\u00bb4.27.4&#8243; _module_preset=\u00bbdefault\u00bb global_colors_info=\u00bb{}\u00bb][et_pb_image src=\u00bbhttps:\/\/valorimplant.com\/wp-content\/uploads\/2026\/02\/Cadera-con-anexo-MAR-.jpg\u00bb title_text=\u00bbCadera (con anexo MAR)\u00bb url=\u00bbhttps:\/\/valorimplant.com\/wp-content\/uploads\/2026\/03\/Cadera-con-anexo-MAR-.pdf\u00bb align=\u00bbcenter\u00bb _builder_version=\u00bb4.27.5&#8243; _module_preset=\u00bbdefault\u00bb hover_enabled=\u00bb0&#8243; global_colors_info=\u00bb{}\u00bb sticky_enabled=\u00bb0&#8243;][\/et_pb_image][\/et_pb_column][et_pb_column type=\u00bb1_5&#8243; _builder_version=\u00bb4.27.4&#8243; _module_preset=\u00bbdefault\u00bb global_colors_info=\u00bb{}\u00bb][et_pb_image src=\u00bbhttps:\/\/valorimplant.com\/wp-content\/uploads\/2026\/02\/3-partes-con-anexo-MAR-.jpg\u00bb title_text=\u00bb3 partes (con anexo MAR)\u00bb url=\u00bbhttps:\/\/valorimplant.com\/wp-content\/uploads\/2026\/03\/3-partes-con-anexo-MAR-.pdf\u00bb _builder_version=\u00bb4.27.5&#8243; _module_preset=\u00bbdefault\u00bb hover_enabled=\u00bb0&#8243; global_colors_info=\u00bb{}\u00bb sticky_enabled=\u00bb0&#8243;][\/et_pb_image][\/et_pb_column][et_pb_column type=\u00bb1_5&#8243; _builder_version=\u00bb4.27.4&#8243; _module_preset=\u00bbdefault\u00bb global_colors_info=\u00bb{}\u00bb][et_pb_image src=\u00bbhttps:\/\/valorimplant.com\/wp-content\/uploads\/2026\/02\/Antebrazo-bilateral-con-anexo-MAR-1.jpg\u00bb title_text=\u00bbAntebrazo bilateral (con anexo MAR) (1)\u00bb url=\u00bbhttps:\/\/valorimplant.com\/wp-content\/uploads\/2026\/03\/Antebrazo-bilateral-con-anexo-MAR-.pdf\u00bb _builder_version=\u00bb4.27.5&#8243; _module_preset=\u00bbdefault\u00bb hover_enabled=\u00bb0&#8243; global_colors_info=\u00bb{}\u00bb sticky_enabled=\u00bb0&#8243;][\/et_pb_image][\/et_pb_column][et_pb_column type=\u00bb1_5&#8243; _builder_version=\u00bb4.27.4&#8243; _module_preset=\u00bbdefault\u00bb global_colors_info=\u00bb{}\u00bb][et_pb_image src=\u00bbhttps:\/\/valorimplant.com\/wp-content\/uploads\/2026\/02\/Humero-Bilateral-con-anexo-MAR-.jpg\u00bb title_text=\u00bbH\u00famero Bilateral (con anexo MAR)\u00bb url=\u00bbhttps:\/\/valorimplant.com\/wp-content\/uploads\/2026\/03\/Humero-Bilateral-con-anexo-MAR-.pdf\u00bb _builder_version=\u00bb4.27.5&#8243; _module_preset=\u00bbdefault\u00bb hover_enabled=\u00bb0&#8243; global_colors_info=\u00bb{}\u00bb sticky_enabled=\u00bb0&#8243;][\/et_pb_image][\/et_pb_column][et_pb_column type=\u00bb1_5&#8243; _builder_version=\u00bb4.27.4&#8243; _module_preset=\u00bbdefault\u00bb global_colors_info=\u00bb{}\u00bb][et_pb_image src=\u00bbhttps:\/\/valorimplant.com\/wp-content\/uploads\/2026\/02\/Columna-con-anexo-MAR-.jpg\u00bb title_text=\u00bbColumna (con anexo MAR)\u00bb url=\u00bbhttps:\/\/valorimplant.com\/wp-content\/uploads\/2026\/03\/Columna-con-anexo-MAR-.pdf\u00bb _builder_version=\u00bb4.27.5&#8243; _module_preset=\u00bbdefault\u00bb hover_enabled=\u00bb0&#8243; global_colors_info=\u00bb{}\u00bb sticky_enabled=\u00bb0&#8243;][\/et_pb_image][\/et_pb_column][\/et_pb_row][\/et_pb_section][et_pb_section fb_built=\u00bb1&#8243; module_class=\u00bbprotocolos\u00bb _builder_version=\u00bb4.27.4&#8243; _module_preset=\u00bbdefault\u00bb custom_padding=\u00bb0px||||false|false\u00bb global_colors_info=\u00bb{}\u00bb][et_pb_row column_structure=\u00bb1_5,1_5,1_5,1_5,1_5&#8243; _builder_version=\u00bb4.27.4&#8243; _module_preset=\u00bbdefault\u00bb global_colors_info=\u00bb{}\u00bb][et_pb_column type=\u00bb1_5&#8243; _builder_version=\u00bb4.27.4&#8243; _module_preset=\u00bbdefault\u00bb global_colors_info=\u00bb{}\u00bb][et_pb_image src=\u00bbhttps:\/\/valorimplant.com\/wp-content\/uploads\/2026\/02\/2-partes-con-anexo-MAR-.jpg\u00bb title_text=\u00bb2 partes (con anexo MAR)\u00bb url=\u00bbhttps:\/\/valorimplant.com\/wp-content\/uploads\/2026\/03\/2-partes-con-anexo-MAR-.pdf\u00bb _builder_version=\u00bb4.27.5&#8243; _module_preset=\u00bbdefault\u00bb hover_enabled=\u00bb0&#8243; global_colors_info=\u00bb{}\u00bb sticky_enabled=\u00bb0&#8243;][\/et_pb_image][\/et_pb_column][et_pb_column type=\u00bb1_5&#8243; _builder_version=\u00bb4.27.4&#8243; _module_preset=\u00bbdefault\u00bb global_colors_info=\u00bb{}\u00bb][et_pb_image src=\u00bbhttps:\/\/valorimplant.com\/wp-content\/uploads\/2026\/02\/Mano-bilateral-con-anexo-MAR-.jpg\u00bb title_text=\u00bbMano bilateral (con anexo MAR)\u00bb url=\u00bbhttps:\/\/valorimplant.com\/wp-content\/uploads\/2026\/03\/Mano-bilateral-con-anexo-MAR-.pdf\u00bb _builder_version=\u00bb4.27.5&#8243; _module_preset=\u00bbdefault\u00bb hover_enabled=\u00bb0&#8243; global_colors_info=\u00bb{}\u00bb sticky_enabled=\u00bb0&#8243;][\/et_pb_image][\/et_pb_column][et_pb_column type=\u00bb1_5&#8243; _builder_version=\u00bb4.27.4&#8243; _module_preset=\u00bbdefault\u00bb global_colors_info=\u00bb{}\u00bb][et_pb_image src=\u00bbhttps:\/\/valorimplant.com\/wp-content\/uploads\/2026\/02\/Clavicula-bilateral-con-anexo-MAR-.jpg\u00bb title_text=\u00bbClav\u00edcula bilateral (con anexo MAR)\u00bb url=\u00bbhttps:\/\/valorimplant.com\/wp-content\/uploads\/2026\/03\/Clavicula-bilateral-con-anexo-MAR-.pdf\u00bb _builder_version=\u00bb4.27.5&#8243; _module_preset=\u00bbdefault\u00bb hover_enabled=\u00bb0&#8243; global_colors_info=\u00bb{}\u00bb sticky_enabled=\u00bb0&#8243;][\/et_pb_image][\/et_pb_column][et_pb_column type=\u00bb1_5&#8243; _builder_version=\u00bb4.27.4&#8243; _module_preset=\u00bbdefault\u00bb global_colors_info=\u00bb{}\u00bb][et_pb_image src=\u00bbhttps:\/\/valorimplant.com\/wp-content\/uploads\/2026\/02\/Pie-con-anexo-MAR-.jpg\u00bb title_text=\u00bbPie (con anexo MAR)\u00bb url=\u00bbhttps:\/\/valorimplant.com\/wp-content\/uploads\/2026\/03\/Pie-con-anexo-MAR-.pdf\u00bb _builder_version=\u00bb4.27.5&#8243; _module_preset=\u00bbdefault\u00bb hover_enabled=\u00bb0&#8243; global_colors_info=\u00bb{}\u00bb sticky_enabled=\u00bb0&#8243;][\/et_pb_image][\/et_pb_column][et_pb_column type=\u00bb1_5&#8243; _builder_version=\u00bb4.27.4&#8243; _module_preset=\u00bbdefault\u00bb global_colors_info=\u00bb{}\u00bb][et_pb_image src=\u00bbhttps:\/\/valorimplant.com\/wp-content\/uploads\/2026\/02\/Hombro-con-anexo-MAR-.jpg\u00bb title_text=\u00bbHombro (con anexo MAR)\u00bb url=\u00bbhttps:\/\/valorimplant.com\/wp-content\/uploads\/2026\/03\/Hombro-con-anexo-MAR-.pdf\u00bb _builder_version=\u00bb4.27.5&#8243; _module_preset=\u00bbdefault\u00bb hover_enabled=\u00bb0&#8243; global_colors_info=\u00bb{}\u00bb sticky_enabled=\u00bb0&#8243;][\/et_pb_image][\/et_pb_column][\/et_pb_row][\/et_pb_section][et_pb_section fb_built=\u00bb1&#8243; _builder_version=\u00bb4.27.4&#8243; _module_preset=\u00bbdefault\u00bb custom_padding=\u00bb0px||||false|false\u00bb global_colors_info=\u00bb{}\u00bb][et_pb_row column_structure=\u00bb1_3,1_3,1_3&#8243; _builder_version=\u00bb4.27.4&#8243; _module_preset=\u00bbdefault\u00bb global_colors_info=\u00bb{}\u00bb][et_pb_column type=\u00bb1_3&#8243; _builder_version=\u00bb4.27.4&#8243; _module_preset=\u00bbdefault\u00bb global_colors_info=\u00bb{}\u00bb][\/et_pb_column][et_pb_column type=\u00bb1_3&#8243; _builder_version=\u00bb4.27.4&#8243; _module_preset=\u00bbdefault\u00bb global_colors_info=\u00bb{}\u00bb][\/et_pb_column][et_pb_column type=\u00bb1_3&#8243; _builder_version=\u00bb4.27.4&#8243; _module_preset=\u00bbdefault\u00bb global_colors_info=\u00bb{}\u00bb][\/et_pb_column][\/et_pb_row][\/et_pb_section]<\/p>\n","protected":false},"excerpt":{"rendered":"<p>Protocolos quir\u00fargicosLa planificaci\u00f3n 3D empieza por una imagen fiableLa planificaci\u00f3n y el dise\u00f1o personalizado se basan en la imagen del paciente. Si la imagen es deficiente, el modelo 3D ser\u00e1 impreciso y el implante\/gu\u00eda podr\u00edan no ajustarse. Para evitarlo, hemos definido protocolos para Tomograf\u00eda Computarizada con par\u00e1metros y checklist aplicables en la mayor\u00eda de hospitales [&hellip;]<\/p>\n","protected":false},"author":1,"featured_media":0,"parent":93,"menu_order":0,"comment_status":"closed","ping_status":"closed","template":"","meta":{"_et_pb_use_builder":"on","_et_pb_old_content":"","_et_gb_content_width":"","inline_featured_image":false,"footnotes":""},"dipi_cpt_category":[],"class_list":["post-406","page","type-page","status-publish","hentry"],"yoast_head":"<!-- This site is optimized with the Yoast SEO plugin v26.9 - https:\/\/yoast.com\/product\/yoast-seo-wordpress\/ -->\n<title>Protocolos Quir\u00fargicos - Valor Implant<\/title>\n<meta name=\"robots\" content=\"index, follow, max-snippet:-1, max-image-preview:large, max-video-preview:-1\" \/>\n<link rel=\"canonical\" href=\"https:\/\/valorimplant.com\/es\/sobre-valor-implant\/protocolos-quirurgicos\/\" \/>\n<meta property=\"og:locale\" content=\"es_ES\" \/>\n<meta property=\"og:type\" content=\"article\" \/>\n<meta property=\"og:title\" content=\"Protocolos Quir\u00fargicos - Valor Implant\" \/>\n<meta property=\"og:description\" content=\"Protocolos quir\u00fargicosLa planificaci\u00f3n 3D empieza por una imagen fiableLa planificaci\u00f3n y el dise\u00f1o personalizado se basan en la imagen del paciente. Si la imagen es deficiente, el modelo 3D ser\u00e1 impreciso y el implante\/gu\u00eda podr\u00edan no ajustarse. Para evitarlo, hemos definido protocolos para Tomograf\u00eda Computarizada con par\u00e1metros y checklist aplicables en la mayor\u00eda de hospitales [&hellip;]\" \/>\n<meta property=\"og:url\" content=\"https:\/\/valorimplant.com\/es\/sobre-valor-implant\/protocolos-quirurgicos\/\" \/>\n<meta property=\"og:site_name\" content=\"Valor Implant\" \/>\n<meta property=\"article:modified_time\" content=\"2026-03-27T09:08:54+00:00\" \/>\n<meta name=\"twitter:card\" content=\"summary_large_image\" \/>\n<meta name=\"twitter:label1\" content=\"Tiempo de lectura\" \/>\n\t<meta name=\"twitter:data1\" content=\"3 minutos\" \/>\n<script type=\"application\/ld+json\" class=\"yoast-schema-graph\">{\"@context\":\"https:\/\/schema.org\",\"@graph\":[{\"@type\":\"WebPage\",\"@id\":\"https:\/\/valorimplant.com\/es\/sobre-valor-implant\/protocolos-quirurgicos\/\",\"url\":\"https:\/\/valorimplant.com\/es\/sobre-valor-implant\/protocolos-quirurgicos\/\",\"name\":\"Protocolos Quir\u00fargicos - Valor Implant\",\"isPartOf\":{\"@id\":\"https:\/\/valorimplant.com\/es\/#website\"},\"datePublished\":\"2025-12-18T10:31:45+00:00\",\"dateModified\":\"2026-03-27T09:08:54+00:00\",\"breadcrumb\":{\"@id\":\"https:\/\/valorimplant.com\/es\/sobre-valor-implant\/protocolos-quirurgicos\/#breadcrumb\"},\"inLanguage\":\"es\",\"potentialAction\":[{\"@type\":\"ReadAction\",\"target\":[\"https:\/\/valorimplant.com\/es\/sobre-valor-implant\/protocolos-quirurgicos\/\"]}]},{\"@type\":\"BreadcrumbList\",\"@id\":\"https:\/\/valorimplant.com\/es\/sobre-valor-implant\/protocolos-quirurgicos\/#breadcrumb\",\"itemListElement\":[{\"@type\":\"ListItem\",\"position\":1,\"name\":\"Home\",\"item\":\"https:\/\/valorimplant.com\/es\/\"},{\"@type\":\"ListItem\",\"position\":2,\"name\":\"About us\",\"item\":\"https:\/\/valorimplant.com\/es\/sobre-valor-implant\/\"},{\"@type\":\"ListItem\",\"position\":3,\"name\":\"Protocolos Quir\u00fargicos\"}]},{\"@type\":\"WebSite\",\"@id\":\"https:\/\/valorimplant.com\/es\/#website\",\"url\":\"https:\/\/valorimplant.com\/es\/\",\"name\":\"Valor Implant\",\"description\":\"\",\"potentialAction\":[{\"@type\":\"SearchAction\",\"target\":{\"@type\":\"EntryPoint\",\"urlTemplate\":\"https:\/\/valorimplant.com\/es\/?s={search_term_string}\"},\"query-input\":{\"@type\":\"PropertyValueSpecification\",\"valueRequired\":true,\"valueName\":\"search_term_string\"}}],\"inLanguage\":\"es\"}]}<\/script>\n<!-- \/ Yoast SEO plugin. -->","yoast_head_json":{"title":"Protocolos Quir\u00fargicos - Valor Implant","robots":{"index":"index","follow":"follow","max-snippet":"max-snippet:-1","max-image-preview":"max-image-preview:large","max-video-preview":"max-video-preview:-1"},"canonical":"https:\/\/valorimplant.com\/es\/sobre-valor-implant\/protocolos-quirurgicos\/","og_locale":"es_ES","og_type":"article","og_title":"Protocolos Quir\u00fargicos - Valor Implant","og_description":"Protocolos quir\u00fargicosLa planificaci\u00f3n 3D empieza por una imagen fiableLa planificaci\u00f3n y el dise\u00f1o personalizado se basan en la imagen del paciente. Si la imagen es deficiente, el modelo 3D ser\u00e1 impreciso y el implante\/gu\u00eda podr\u00edan no ajustarse. Para evitarlo, hemos definido protocolos para Tomograf\u00eda Computarizada con par\u00e1metros y checklist aplicables en la mayor\u00eda de hospitales [&hellip;]","og_url":"https:\/\/valorimplant.com\/es\/sobre-valor-implant\/protocolos-quirurgicos\/","og_site_name":"Valor Implant","article_modified_time":"2026-03-27T09:08:54+00:00","twitter_card":"summary_large_image","twitter_misc":{"Tiempo de lectura":"3 minutos"},"schema":{"@context":"https:\/\/schema.org","@graph":[{"@type":"WebPage","@id":"https:\/\/valorimplant.com\/es\/sobre-valor-implant\/protocolos-quirurgicos\/","url":"https:\/\/valorimplant.com\/es\/sobre-valor-implant\/protocolos-quirurgicos\/","name":"Protocolos Quir\u00fargicos - Valor Implant","isPartOf":{"@id":"https:\/\/valorimplant.com\/es\/#website"},"datePublished":"2025-12-18T10:31:45+00:00","dateModified":"2026-03-27T09:08:54+00:00","breadcrumb":{"@id":"https:\/\/valorimplant.com\/es\/sobre-valor-implant\/protocolos-quirurgicos\/#breadcrumb"},"inLanguage":"es","potentialAction":[{"@type":"ReadAction","target":["https:\/\/valorimplant.com\/es\/sobre-valor-implant\/protocolos-quirurgicos\/"]}]},{"@type":"BreadcrumbList","@id":"https:\/\/valorimplant.com\/es\/sobre-valor-implant\/protocolos-quirurgicos\/#breadcrumb","itemListElement":[{"@type":"ListItem","position":1,"name":"Home","item":"https:\/\/valorimplant.com\/es\/"},{"@type":"ListItem","position":2,"name":"About us","item":"https:\/\/valorimplant.com\/es\/sobre-valor-implant\/"},{"@type":"ListItem","position":3,"name":"Protocolos Quir\u00fargicos"}]},{"@type":"WebSite","@id":"https:\/\/valorimplant.com\/es\/#website","url":"https:\/\/valorimplant.com\/es\/","name":"Valor Implant","description":"","potentialAction":[{"@type":"SearchAction","target":{"@type":"EntryPoint","urlTemplate":"https:\/\/valorimplant.com\/es\/?s={search_term_string}"},"query-input":{"@type":"PropertyValueSpecification","valueRequired":true,"valueName":"search_term_string"}}],"inLanguage":"es"}]}},"_links":{"self":[{"href":"https:\/\/valorimplant.com\/es\/wp-json\/wp\/v2\/pages\/406","targetHints":{"allow":["GET"]}}],"collection":[{"href":"https:\/\/valorimplant.com\/es\/wp-json\/wp\/v2\/pages"}],"about":[{"href":"https:\/\/valorimplant.com\/es\/wp-json\/wp\/v2\/types\/page"}],"author":[{"embeddable":true,"href":"https:\/\/valorimplant.com\/es\/wp-json\/wp\/v2\/users\/1"}],"replies":[{"embeddable":true,"href":"https:\/\/valorimplant.com\/es\/wp-json\/wp\/v2\/comments?post=406"}],"version-history":[{"count":19,"href":"https:\/\/valorimplant.com\/es\/wp-json\/wp\/v2\/pages\/406\/revisions"}],"predecessor-version":[{"id":1508,"href":"https:\/\/valorimplant.com\/es\/wp-json\/wp\/v2\/pages\/406\/revisions\/1508"}],"up":[{"embeddable":true,"href":"https:\/\/valorimplant.com\/es\/wp-json\/wp\/v2\/pages\/93"}],"wp:attachment":[{"href":"https:\/\/valorimplant.com\/es\/wp-json\/wp\/v2\/media?parent=406"}],"wp:term":[{"taxonomy":"dipi_cpt_category","embeddable":true,"href":"https:\/\/valorimplant.com\/es\/wp-json\/wp\/v2\/dipi_cpt_category?post=406"}],"curies":[{"name":"wp","href":"https:\/\/api.w.org\/{rel}","templated":true}]}}