{"id":376,"date":"2025-12-17T18:45:11","date_gmt":"2025-12-17T17:45:11","guid":{"rendered":"https:\/\/valorimplant.com\/?page_id=376"},"modified":"2026-02-05T10:07:41","modified_gmt":"2026-02-05T09:07:41","slug":"codo","status":"publish","type":"page","link":"https:\/\/valorimplant.com\/es\/catalogo-de-implantes-ortopedicos-a-medida\/codo\/","title":{"rendered":"Codo"},"content":{"rendered":"<p>[et_pb_section fb_built=\u00bb1&#8243; module_class=\u00bbtheTitle\u00bb _builder_version=\u00bb4.27.4&#8243; _module_preset=\u00bbdefault\u00bb global_colors_info=\u00bb{}\u00bb][et_pb_row _builder_version=\u00bb4.27.4&#8243; _module_preset=\u00bbdefault\u00bb global_colors_info=\u00bb{}\u00bb][et_pb_column type=\u00bb4_4&#8243; _builder_version=\u00bb4.27.4&#8243; _module_preset=\u00bbdefault\u00bb global_colors_info=\u00bb{}\u00bb][et_pb_text module_class=\u00bbbreadcrumbs\u00bb _builder_version=\u00bb4.27.4&#8243; _module_preset=\u00bbdefault\u00bb hover_enabled=\u00bb0&#8243; global_colors_info=\u00bb{}\u00bb sticky_enabled=\u00bb0&#8243;]<\/p>\n<span><span><a href=\"https:\/\/valorimplant.com\/es\/\">Home<\/a><\/span><\/span>\n<p>[\/et_pb_text][\/et_pb_column][\/et_pb_row][et_pb_row _builder_version=\u00bb4.27.4&#8243; _module_preset=\u00bbdefault\u00bb global_colors_info=\u00bb{}\u00bb][et_pb_column type=\u00bb4_4&#8243; _builder_version=\u00bb4.27.4&#8243; _module_preset=\u00bbdefault\u00bb global_colors_info=\u00bb{}\u00bb][et_pb_text _builder_version=\u00bb4.27.4&#8243; _module_preset=\u00bbdefault\u00bb hover_enabled=\u00bb0&#8243; global_colors_info=\u00bb{}\u00bb sticky_enabled=\u00bb0&#8243;]<\/p>\n<h1 style=\"text-align: center;\">Hombro<\/h1>\n<p>[\/et_pb_text][\/et_pb_column][\/et_pb_row][\/et_pb_section][et_pb_section fb_built=\u00bb1&#8243; module_class=\u00bbproduct\u00bb _builder_version=\u00bb4.27.4&#8243; _module_preset=\u00bbdefault\u00bb global_colors_info=\u00bb{}\u00bb][et_pb_row column_structure=\u00bb1_2,1_2&#8243; module_class=\u00bbproduct\u00bb _builder_version=\u00bb4.27.4&#8243; _module_preset=\u00bbdefault\u00bb hover_enabled=\u00bb0&#8243; global_colors_info=\u00bb{}\u00bb sticky_enabled=\u00bb0&#8243;][et_pb_column type=\u00bb1_2&#8243; _builder_version=\u00bb4.27.4&#8243; _module_preset=\u00bbdefault\u00bb global_colors_info=\u00bb{}\u00bb][et_pb_text _builder_version=\u00bb4.27.4&#8243; _module_preset=\u00bbdefault\u00bb hover_enabled=\u00bb0&#8243; global_colors_info=\u00bb{}\u00bb sticky_enabled=\u00bb0&#8243;]<\/p>\n<h2>Kit de reconstrucci\u00f3n glenoidea para artroplastia inversa<strong><\/strong><\/h2>\n<p>[\/et_pb_text][et_pb_image src=\u00bbhttps:\/\/valorimplant.com\/wp-content\/uploads\/2026\/01\/7.jpg\u00bb title_text=\u00bb7&#8243; _builder_version=\u00bb4.27.4&#8243; _module_preset=\u00bbdefault\u00bb hover_enabled=\u00bb0&#8243; global_colors_info=\u00bb{}\u00bb sticky_enabled=\u00bb0&#8243;][\/et_pb_image][\/et_pb_column][et_pb_column type=\u00bb1_2&#8243; _builder_version=\u00bb4.27.4&#8243; _module_preset=\u00bbdefault\u00bb global_colors_info=\u00bb{}\u00bb][et_pb_text _builder_version=\u00bb4.27.4&#8243; _module_preset=\u00bbdefault\u00bb hover_enabled=\u00bb0&#8243; global_colors_info=\u00bb{}\u00bb sticky_enabled=\u00bb0&#8243;]<\/p>\n<h1>Indicaciones<\/h1>\n<p>[\/et_pb_text][et_pb_text _builder_version=\u00bb4.27.4&#8243; _module_preset=\u00bbdefault\u00bb hover_enabled=\u00bb0&#8243; global_colors_info=\u00bb{}\u00bb sticky_enabled=\u00bb0&#8243;]<\/p>\n<ul>\n<li>Defectos severos de las glenoides por osteoartritis, fracturas o cirug\u00edas previas.<\/li>\n<li><span style=\"font-size: 14px;\">Revisi\u00f3n de artroplastias previas.<\/span><\/li>\n<li><span style=\"font-size: 14px;\">Deformidades cong\u00e9nitas o postraum\u00e1ticas de la esc\u00e1pula.<\/span><\/li>\n<li>P\u00e9rdida \u00f3sea debida a una infecci\u00f3n previa.<\/li>\n<\/ul>\n<p>[\/et_pb_text][et_pb_text _builder_version=\u00bb4.27.4&#8243; _module_preset=\u00bbdefault\u00bb hover_enabled=\u00bb0&#8243; global_colors_info=\u00bb{}\u00bb sticky_enabled=\u00bb0&#8243;]<\/p>\n<h2>Beneficios<\/h2>\n<ul>\n<li data-start=\"498\" data-end=\"598\">Evaluaci\u00f3n de la anatom\u00eda actual del paciente para determinar los grados de correcci\u00f3n requeridos.<\/li>\n<li>Perforaci\u00f3n guiada seg\u00fan el plan quir\u00fargico.<\/li>\n<li>Implante personalizado adaptado al defecto \u00f3seo.<\/li>\n<li>Configuraci\u00f3n de tornillos preplanificada con trayectorias y longitudes optimizadas para maximizar el stock \u00f3seo.<\/li>\n<li>Pre-planned screw configuration with optimized trajectories and lengths for maximum bone stock.<\/li>\n<li>Compatibilidad con pr\u00f3tesis est\u00e1ndar.<\/li>\n<li>Superficie porosa personalizada para mejorar la osteointegraci\u00f3n y la estabilidad primaria.<\/li>\n<\/ul>\n<p>[\/et_pb_text][\/et_pb_column][\/et_pb_row][et_pb_row _builder_version=\u00bb4.27.4&#8243; _module_preset=\u00bbdefault\u00bb custom_padding=\u00bb||0px||false|false\u00bb global_colors_info=\u00bb{}\u00bb][et_pb_column type=\u00bb4_4&#8243; _builder_version=\u00bb4.27.4&#8243; _module_preset=\u00bbdefault\u00bb global_colors_info=\u00bb{}\u00bb][et_pb_gallery gallery_ids=\u00bb237,238,239,240,241,242,243,244,245&#8243; show_title_and_caption=\u00bboff\u00bb _builder_version=\u00bb4.27.4&#8243; _module_preset=\u00bbdefault\u00bb hover_enabled=\u00bb0&#8243; global_colors_info=\u00bb{}\u00bb sticky_enabled=\u00bb0&#8243;][\/et_pb_gallery][\/et_pb_column][\/et_pb_row][et_pb_row _builder_version=\u00bb4.27.4&#8243; _module_preset=\u00bbdefault\u00bb custom_padding=\u00bb0px||||false|false\u00bb global_colors_info=\u00bb{}\u00bb][et_pb_column type=\u00bb4_4&#8243; _builder_version=\u00bb4.27.4&#8243; _module_preset=\u00bbdefault\u00bb global_colors_info=\u00bb{}\u00bb][et_pb_button button_text=\u00bbQuiero m\u00e1s informaci\u00f3n\u00bb button_alignment=\u00bbcenter\u00bb _builder_version=\u00bb4.27.4&#8243; _module_preset=\u00bbdefault\u00bb global_colors_info=\u00bb{}\u00bb][\/et_pb_button][\/et_pb_column][\/et_pb_row][\/et_pb_section][et_pb_section fb_built=\u00bb1&#8243; module_class=\u00bbproduct\u00bb _builder_version=\u00bb4.27.4&#8243; _module_preset=\u00bbdefault\u00bb global_colors_info=\u00bb{}\u00bb][et_pb_row column_structure=\u00bb1_2,1_2&#8243; module_class=\u00bbproduct\u00bb _builder_version=\u00bb4.27.4&#8243; _module_preset=\u00bbdefault\u00bb global_colors_info=\u00bb{}\u00bb][et_pb_column type=\u00bb1_2&#8243; _builder_version=\u00bb4.27.4&#8243; _module_preset=\u00bbdefault\u00bb global_colors_info=\u00bb{}\u00bb][et_pb_text _builder_version=\u00bb4.27.4&#8243; _module_preset=\u00bbdefault\u00bb hover_enabled=\u00bb0&#8243; global_colors_info=\u00bb{}\u00bb sticky_enabled=\u00bb0&#8243;]<\/p>\n<h2><span data-start=\"90\" data-end=\"124\">Kit de osteotom\u00eda de clav\u00edcula\u00a0<\/span><\/h2>\n<p>[\/et_pb_text][et_pb_image src=\u00bbhttps:\/\/valorimplant.com\/wp-content\/uploads\/2026\/01\/5-1.jpg\u00bb title_text=\u00bb5&#8243; _builder_version=\u00bb4.27.4&#8243; _module_preset=\u00bbdefault\u00bb hover_enabled=\u00bb0&#8243; global_colors_info=\u00bb{}\u00bb sticky_enabled=\u00bb0&#8243;][\/et_pb_image][\/et_pb_column][et_pb_column type=\u00bb1_2&#8243; _builder_version=\u00bb4.27.4&#8243; _module_preset=\u00bbdefault\u00bb global_colors_info=\u00bb{}\u00bb][et_pb_text _builder_version=\u00bb4.27.4&#8243; _module_preset=\u00bbdefault\u00bb global_colors_info=\u00bb{}\u00bb]<\/p>\n<h1>Indicaciones<\/h1>\n<p>[\/et_pb_text][et_pb_text _builder_version=\u00bb4.27.4&#8243; _module_preset=\u00bbdefault\u00bb hover_enabled=\u00bb0&#8243; global_colors_info=\u00bb{}\u00bb sticky_enabled=\u00bb0&#8243;]<\/p>\n<ul>\n<li>Defectos glenoideos severos debidos a osteoartritis, fracturas o cirug\u00edas previas.<\/li>\n<li>Revisi\u00f3n de artroplastias previas.<\/li>\n<li>Deformidades cong\u00e9nitas o postraum\u00e1ticas de la esc\u00e1pula.<\/li>\n<li>P\u00e9rdida \u00f3sea debida a una infecci\u00f3n previa.<\/li>\n<\/ul>\n<p>[\/et_pb_text][et_pb_text _builder_version=\u00bb4.27.4&#8243; _module_preset=\u00bbdefault\u00bb hover_enabled=\u00bb0&#8243; global_colors_info=\u00bb{}\u00bb sticky_enabled=\u00bb0&#8243;]<\/p>\n<h2>Beneficios<\/h2>\n<ul>\n<li>Evaluaci\u00f3n de la anatom\u00eda actual del paciente para determinar los grados de correcci\u00f3n necesarios.<\/li>\n<li>Perforaci\u00f3n guiada seg\u00fan el plan quir\u00fargico.<\/li>\n<li>Implante personalizado adaptado al defecto \u00f3seo.<\/li>\n<li>Configuraci\u00f3n de tornillos preplanificada con trayectorias y longitudes optimizadas para maximizar el stock \u00f3seo.<\/li>\n<li>Compatibilidad con pr\u00f3tesis est\u00e1ndar.<\/li>\n<li>Superficie porosa personalizada para mejorar la osteointegraci\u00f3n y la estabilidad primaria.<\/li>\n<\/ul>\n<p>[\/et_pb_text][\/et_pb_column][\/et_pb_row][et_pb_row _builder_version=\u00bb4.27.4&#8243; _module_preset=\u00bbdefault\u00bb custom_padding=\u00bb||0px||false|false\u00bb hover_enabled=\u00bb0&#8243; global_colors_info=\u00bb{}\u00bb sticky_enabled=\u00bb0&#8243;][et_pb_column type=\u00bb4_4&#8243; _builder_version=\u00bb4.27.4&#8243; _module_preset=\u00bbdefault\u00bb global_colors_info=\u00bb{}\u00bb][et_pb_gallery gallery_ids=\u00bb231,232,233,234,235,236&#8243; show_title_and_caption=\u00bboff\u00bb _builder_version=\u00bb4.27.4&#8243; _module_preset=\u00bbdefault\u00bb hover_enabled=\u00bb0&#8243; global_colors_info=\u00bb{}\u00bb sticky_enabled=\u00bb0&#8243;][\/et_pb_gallery][\/et_pb_column][\/et_pb_row][et_pb_row _builder_version=\u00bb4.27.4&#8243; _module_preset=\u00bbdefault\u00bb custom_padding=\u00bb0px||||false|false\u00bb global_colors_info=\u00bb{}\u00bb][et_pb_column type=\u00bb4_4&#8243; _builder_version=\u00bb4.27.4&#8243; _module_preset=\u00bbdefault\u00bb global_colors_info=\u00bb{}\u00bb][et_pb_button button_text=\u00bbQuiero m\u00e1s informaci\u00f3n\u00bb button_alignment=\u00bbcenter\u00bb _builder_version=\u00bb4.27.4&#8243; _module_preset=\u00bbdefault\u00bb global_colors_info=\u00bb{}\u00bb][\/et_pb_button][\/et_pb_column][\/et_pb_row][\/et_pb_section]<\/p>\n","protected":false},"excerpt":{"rendered":"<p><span><span><a href=\"https:\/\/valorimplant.com\/es\/\">Home<\/a><\/span><\/span>HombroKit de reconstrucci\u00f3n glenoidea para artroplastia inversaIndicaciones Defectos severos de las glenoides por osteoartritis, fracturas o cirug\u00edas previas. Revisi\u00f3n de artroplastias previas. Deformidades cong\u00e9nitas o postraum\u00e1ticas de la esc\u00e1pula. P\u00e9rdida \u00f3sea debida a una infecci\u00f3n previa. Beneficios Evaluaci\u00f3n de la anatom\u00eda actual del paciente para determinar los grados de correcci\u00f3n requeridos. Perforaci\u00f3n guiada seg\u00fan el [&hellip;]<\/p>\n","protected":false},"author":1,"featured_media":43,"parent":90,"menu_order":0,"comment_status":"closed","ping_status":"closed","template":"","meta":{"_et_pb_use_builder":"on","_et_pb_old_content":"","_et_gb_content_width":"","inline_featured_image":false,"footnotes":""},"dipi_cpt_category":[],"class_list":["post-376","page","type-page","status-publish","has-post-thumbnail","hentry"],"yoast_head":"<!-- This site is optimized with the Yoast SEO plugin v26.9 - https:\/\/yoast.com\/product\/yoast-seo-wordpress\/ -->\n<title>Codo - Valor Implant<\/title>\n<meta name=\"robots\" content=\"index, follow, max-snippet:-1, max-image-preview:large, max-video-preview:-1\" \/>\n<link rel=\"canonical\" href=\"https:\/\/valorimplant.com\/es\/catalogo-de-implantes-ortopedicos-a-medida\/codo\/\" \/>\n<meta property=\"og:locale\" content=\"es_ES\" \/>\n<meta property=\"og:type\" content=\"article\" \/>\n<meta property=\"og:title\" content=\"Codo - Valor Implant\" \/>\n<meta property=\"og:description\" content=\"HombroKit de reconstrucci\u00f3n glenoidea para artroplastia inversaIndicaciones Defectos severos de las glenoides por osteoartritis, fracturas o cirug\u00edas previas. Revisi\u00f3n de artroplastias previas. Deformidades cong\u00e9nitas o postraum\u00e1ticas de la esc\u00e1pula. P\u00e9rdida \u00f3sea debida a una infecci\u00f3n previa. Beneficios Evaluaci\u00f3n de la anatom\u00eda actual del paciente para determinar los grados de correcci\u00f3n requeridos. Perforaci\u00f3n guiada seg\u00fan el [&hellip;]\" \/>\n<meta property=\"og:url\" content=\"https:\/\/valorimplant.com\/es\/catalogo-de-implantes-ortopedicos-a-medida\/codo\/\" \/>\n<meta property=\"og:site_name\" content=\"Valor Implant\" \/>\n<meta property=\"article:modified_time\" content=\"2026-02-05T09:07:41+00:00\" \/>\n<meta name=\"twitter:card\" content=\"summary_large_image\" \/>\n<meta name=\"twitter:label1\" content=\"Tiempo de lectura\" \/>\n\t<meta name=\"twitter:data1\" content=\"5 minutos\" \/>\n<script type=\"application\/ld+json\" class=\"yoast-schema-graph\">{\"@context\":\"https:\/\/schema.org\",\"@graph\":[{\"@type\":\"WebPage\",\"@id\":\"https:\/\/valorimplant.com\/es\/catalogo-de-implantes-ortopedicos-a-medida\/codo\/\",\"url\":\"https:\/\/valorimplant.com\/es\/catalogo-de-implantes-ortopedicos-a-medida\/codo\/\",\"name\":\"Codo - Valor Implant\",\"isPartOf\":{\"@id\":\"https:\/\/valorimplant.com\/es\/#website\"},\"primaryImageOfPage\":{\"@id\":\"https:\/\/valorimplant.com\/es\/catalogo-de-implantes-ortopedicos-a-medida\/codo\/#primaryimage\"},\"image\":{\"@id\":\"https:\/\/valorimplant.com\/es\/catalogo-de-implantes-ortopedicos-a-medida\/codo\/#primaryimage\"},\"thumbnailUrl\":\"https:\/\/valorimplant.com\/wp-content\/uploads\/2025\/12\/valor-implant-logo.svg\",\"datePublished\":\"2025-12-17T17:45:11+00:00\",\"dateModified\":\"2026-02-05T09:07:41+00:00\",\"breadcrumb\":{\"@id\":\"https:\/\/valorimplant.com\/es\/catalogo-de-implantes-ortopedicos-a-medida\/codo\/#breadcrumb\"},\"inLanguage\":\"es\",\"potentialAction\":[{\"@type\":\"ReadAction\",\"target\":[\"https:\/\/valorimplant.com\/es\/catalogo-de-implantes-ortopedicos-a-medida\/codo\/\"]}]},{\"@type\":\"ImageObject\",\"inLanguage\":\"es\",\"@id\":\"https:\/\/valorimplant.com\/es\/catalogo-de-implantes-ortopedicos-a-medida\/codo\/#primaryimage\",\"url\":\"https:\/\/valorimplant.com\/wp-content\/uploads\/2025\/12\/valor-implant-logo.svg\",\"contentUrl\":\"https:\/\/valorimplant.com\/wp-content\/uploads\/2025\/12\/valor-implant-logo.svg\",\"caption\":\"Valor Implant\"},{\"@type\":\"BreadcrumbList\",\"@id\":\"https:\/\/valorimplant.com\/es\/catalogo-de-implantes-ortopedicos-a-medida\/codo\/#breadcrumb\",\"itemListElement\":[{\"@type\":\"ListItem\",\"position\":1,\"name\":\"Home\",\"item\":\"https:\/\/valorimplant.com\/es\/\"},{\"@type\":\"ListItem\",\"position\":2,\"name\":\"Productos\",\"item\":\"https:\/\/valorimplant.com\/es\/catalogo-de-implantes-ortopedicos-a-medida\/\"},{\"@type\":\"ListItem\",\"position\":3,\"name\":\"Codo\"}]},{\"@type\":\"WebSite\",\"@id\":\"https:\/\/valorimplant.com\/es\/#website\",\"url\":\"https:\/\/valorimplant.com\/es\/\",\"name\":\"Valor Implant\",\"description\":\"\",\"potentialAction\":[{\"@type\":\"SearchAction\",\"target\":{\"@type\":\"EntryPoint\",\"urlTemplate\":\"https:\/\/valorimplant.com\/es\/?s={search_term_string}\"},\"query-input\":{\"@type\":\"PropertyValueSpecification\",\"valueRequired\":true,\"valueName\":\"search_term_string\"}}],\"inLanguage\":\"es\"}]}<\/script>\n<!-- \/ Yoast SEO plugin. -->","yoast_head_json":{"title":"Codo - Valor Implant","robots":{"index":"index","follow":"follow","max-snippet":"max-snippet:-1","max-image-preview":"max-image-preview:large","max-video-preview":"max-video-preview:-1"},"canonical":"https:\/\/valorimplant.com\/es\/catalogo-de-implantes-ortopedicos-a-medida\/codo\/","og_locale":"es_ES","og_type":"article","og_title":"Codo - Valor Implant","og_description":"HombroKit de reconstrucci\u00f3n glenoidea para artroplastia inversaIndicaciones Defectos severos de las glenoides por osteoartritis, fracturas o cirug\u00edas previas. Revisi\u00f3n de artroplastias previas. Deformidades cong\u00e9nitas o postraum\u00e1ticas de la esc\u00e1pula. P\u00e9rdida \u00f3sea debida a una infecci\u00f3n previa. Beneficios Evaluaci\u00f3n de la anatom\u00eda actual del paciente para determinar los grados de correcci\u00f3n requeridos. Perforaci\u00f3n guiada seg\u00fan el [&hellip;]","og_url":"https:\/\/valorimplant.com\/es\/catalogo-de-implantes-ortopedicos-a-medida\/codo\/","og_site_name":"Valor Implant","article_modified_time":"2026-02-05T09:07:41+00:00","twitter_card":"summary_large_image","twitter_misc":{"Tiempo de lectura":"5 minutos"},"schema":{"@context":"https:\/\/schema.org","@graph":[{"@type":"WebPage","@id":"https:\/\/valorimplant.com\/es\/catalogo-de-implantes-ortopedicos-a-medida\/codo\/","url":"https:\/\/valorimplant.com\/es\/catalogo-de-implantes-ortopedicos-a-medida\/codo\/","name":"Codo - Valor Implant","isPartOf":{"@id":"https:\/\/valorimplant.com\/es\/#website"},"primaryImageOfPage":{"@id":"https:\/\/valorimplant.com\/es\/catalogo-de-implantes-ortopedicos-a-medida\/codo\/#primaryimage"},"image":{"@id":"https:\/\/valorimplant.com\/es\/catalogo-de-implantes-ortopedicos-a-medida\/codo\/#primaryimage"},"thumbnailUrl":"https:\/\/valorimplant.com\/wp-content\/uploads\/2025\/12\/valor-implant-logo.svg","datePublished":"2025-12-17T17:45:11+00:00","dateModified":"2026-02-05T09:07:41+00:00","breadcrumb":{"@id":"https:\/\/valorimplant.com\/es\/catalogo-de-implantes-ortopedicos-a-medida\/codo\/#breadcrumb"},"inLanguage":"es","potentialAction":[{"@type":"ReadAction","target":["https:\/\/valorimplant.com\/es\/catalogo-de-implantes-ortopedicos-a-medida\/codo\/"]}]},{"@type":"ImageObject","inLanguage":"es","@id":"https:\/\/valorimplant.com\/es\/catalogo-de-implantes-ortopedicos-a-medida\/codo\/#primaryimage","url":"https:\/\/valorimplant.com\/wp-content\/uploads\/2025\/12\/valor-implant-logo.svg","contentUrl":"https:\/\/valorimplant.com\/wp-content\/uploads\/2025\/12\/valor-implant-logo.svg","caption":"Valor Implant"},{"@type":"BreadcrumbList","@id":"https:\/\/valorimplant.com\/es\/catalogo-de-implantes-ortopedicos-a-medida\/codo\/#breadcrumb","itemListElement":[{"@type":"ListItem","position":1,"name":"Home","item":"https:\/\/valorimplant.com\/es\/"},{"@type":"ListItem","position":2,"name":"Productos","item":"https:\/\/valorimplant.com\/es\/catalogo-de-implantes-ortopedicos-a-medida\/"},{"@type":"ListItem","position":3,"name":"Codo"}]},{"@type":"WebSite","@id":"https:\/\/valorimplant.com\/es\/#website","url":"https:\/\/valorimplant.com\/es\/","name":"Valor Implant","description":"","potentialAction":[{"@type":"SearchAction","target":{"@type":"EntryPoint","urlTemplate":"https:\/\/valorimplant.com\/es\/?s={search_term_string}"},"query-input":{"@type":"PropertyValueSpecification","valueRequired":true,"valueName":"search_term_string"}}],"inLanguage":"es"}]}},"_links":{"self":[{"href":"https:\/\/valorimplant.com\/es\/wp-json\/wp\/v2\/pages\/376","targetHints":{"allow":["GET"]}}],"collection":[{"href":"https:\/\/valorimplant.com\/es\/wp-json\/wp\/v2\/pages"}],"about":[{"href":"https:\/\/valorimplant.com\/es\/wp-json\/wp\/v2\/types\/page"}],"author":[{"embeddable":true,"href":"https:\/\/valorimplant.com\/es\/wp-json\/wp\/v2\/users\/1"}],"replies":[{"embeddable":true,"href":"https:\/\/valorimplant.com\/es\/wp-json\/wp\/v2\/comments?post=376"}],"version-history":[{"count":4,"href":"https:\/\/valorimplant.com\/es\/wp-json\/wp\/v2\/pages\/376\/revisions"}],"predecessor-version":[{"id":1299,"href":"https:\/\/valorimplant.com\/es\/wp-json\/wp\/v2\/pages\/376\/revisions\/1299"}],"up":[{"embeddable":true,"href":"https:\/\/valorimplant.com\/es\/wp-json\/wp\/v2\/pages\/90"}],"wp:featuredmedia":[{"embeddable":true,"href":"https:\/\/valorimplant.com\/es\/wp-json\/wp\/v2\/media\/43"}],"wp:attachment":[{"href":"https:\/\/valorimplant.com\/es\/wp-json\/wp\/v2\/media?parent=376"}],"wp:term":[{"taxonomy":"dipi_cpt_category","embeddable":true,"href":"https:\/\/valorimplant.com\/es\/wp-json\/wp\/v2\/dipi_cpt_category?post=376"}],"curies":[{"name":"wp","href":"https:\/\/api.w.org\/{rel}","templated":true}]}}