{"id":365,"date":"2025-12-17T17:29:03","date_gmt":"2025-12-17T16:29:03","guid":{"rendered":"https:\/\/valorimplant.com\/?page_id=365"},"modified":"2026-02-05T12:24:14","modified_gmt":"2026-02-05T11:24:14","slug":"hombro","status":"publish","type":"page","link":"https:\/\/valorimplant.com\/es\/catalogo-de-implantes-ortopedicos-a-medida\/hombro\/","title":{"rendered":"Hombro"},"content":{"rendered":"<p>[et_pb_section fb_built=\u00bb1&#8243; module_class=\u00bbtheTitle\u00bb _builder_version=\u00bb4.27.4&#8243; _module_preset=\u00bbdefault\u00bb global_colors_info=\u00bb{}\u00bb][et_pb_row _builder_version=\u00bb4.27.4&#8243; _module_preset=\u00bbdefault\u00bb global_colors_info=\u00bb{}\u00bb][et_pb_column type=\u00bb4_4&#8243; _builder_version=\u00bb4.27.4&#8243; _module_preset=\u00bbdefault\u00bb global_colors_info=\u00bb{}\u00bb][et_pb_text module_class=\u00bbbreadcrumbs\u00bb _builder_version=\u00bb4.27.4&#8243; _module_preset=\u00bbdefault\u00bb global_colors_info=\u00bb{}\u00bb]<\/p>\n<span><span><a href=\"https:\/\/valorimplant.com\/es\/\">Home<\/a><\/span><\/span>\n<p>[\/et_pb_text][\/et_pb_column][\/et_pb_row][et_pb_row _builder_version=\u00bb4.27.4&#8243; _module_preset=\u00bbdefault\u00bb global_colors_info=\u00bb{}\u00bb][et_pb_column type=\u00bb4_4&#8243; _builder_version=\u00bb4.27.4&#8243; _module_preset=\u00bbdefault\u00bb global_colors_info=\u00bb{}\u00bb][et_pb_text _builder_version=\u00bb4.27.4&#8243; _module_preset=\u00bbdefault\u00bb global_colors_info=\u00bb{}\u00bb]<\/p>\n<h1 style=\"text-align: center;\">Hombro<\/h1>\n<p>&nbsp;<\/p>\n<p>&nbsp;<\/p>\n<p>[\/et_pb_text][\/et_pb_column][\/et_pb_row][\/et_pb_section][et_pb_section fb_built=\u00bb1&#8243; module_class=\u00bbproduct\u00bb _builder_version=\u00bb4.27.4&#8243; _module_preset=\u00bbdefault\u00bb global_colors_info=\u00bb{}\u00bb][et_pb_row column_structure=\u00bb1_2,1_2&#8243; module_class=\u00bbproduct\u00bb _builder_version=\u00bb4.27.4&#8243; _module_preset=\u00bbdefault\u00bb global_colors_info=\u00bb{}\u00bb][et_pb_column type=\u00bb1_2&#8243; _builder_version=\u00bb4.27.4&#8243; _module_preset=\u00bbdefault\u00bb global_colors_info=\u00bb{}\u00bb][et_pb_text _builder_version=\u00bb4.27.4&#8243; _module_preset=\u00bbdefault\u00bb global_colors_info=\u00bb{}\u00bb]<\/p>\n<h2><span class=\"a_GcMg font-feature-liga-off font-feature-clig-off font-feature-calt-off text-decoration-none text-strikethrough-none\">Kit de Reconstrucci\u00f3n Glenoidea para Artroplastia Inversa de Hombro<\/span><\/h2>\n<p>[\/et_pb_text][et_pb_image src=\u00bbhttps:\/\/valorimplant.com\/wp-content\/uploads\/2026\/01\/7.jpg\u00bb title_text=\u00bb7&#8243; _builder_version=\u00bb4.27.4&#8243; _module_preset=\u00bbdefault\u00bb global_colors_info=\u00bb{}\u00bb][\/et_pb_image][\/et_pb_column][et_pb_column type=\u00bb1_2&#8243; _builder_version=\u00bb4.27.4&#8243; _module_preset=\u00bbdefault\u00bb global_colors_info=\u00bb{}\u00bb][et_pb_text _builder_version=\u00bb4.27.4&#8243; _module_preset=\u00bbdefault\u00bb global_colors_info=\u00bb{}\u00bb]<\/p>\n<h1>Indicaciones<\/h1>\n<p>[\/et_pb_text][et_pb_text _builder_version=\u00bb4.27.4&#8243; _module_preset=\u00bbdefault\u00bb global_colors_info=\u00bb{}\u00bb]<\/p>\n<ul>\n<li data-start=\"28\" data-end=\"109\">Defectos glenoideos severos debido a artrosis, fracturas o cirug\u00edas previas.<\/li>\n<li data-start=\"28\" data-end=\"109\">Revisi\u00f3n de artroplastias previas.<\/li>\n<li data-start=\"28\" data-end=\"109\">Deformidades cong\u00e9nitas o postraum\u00e1ticas de la esc\u00e1pula.<\/li>\n<li data-start=\"28\" data-end=\"109\">P\u00e9rdida \u00f3sea debida a una infecci\u00f3n previa.<\/li>\n<\/ul>\n<p>[\/et_pb_text][et_pb_text _builder_version=\u00bb4.27.4&#8243; _module_preset=\u00bbdefault\u00bb global_colors_info=\u00bb{}\u00bb]<\/p>\n<h2>Beneficios<\/h2>\n<ul>\n<li><span class=\"a_GcMg font-feature-liga-off font-feature-clig-off font-feature-calt-off text-decoration-none text-strikethrough-none\">Evaluaci\u00f3n de la anatom\u00eda actual del paciente para determinar los grados de correcci\u00f3n necesarios.\u00a0<\/span><\/li>\n<li>Perforaci\u00f3n guiada seg\u00fan la planificaci\u00f3n quir\u00fargica.<span class=\"a_GcMg font-feature-liga-off font-feature-clig-off font-feature-calt-off text-decoration-none text-strikethrough-none\"><\/span><\/li>\n<li><span class=\"a_GcMg font-feature-liga-off font-feature-clig-off font-feature-calt-off text-decoration-none text-strikethrough-none\">Implante personalizado adaptado al defecto \u00f3seo.<\/span><\/li>\n<li>Configuraci\u00f3n de tornillos planificada, con trayectorias y longitudes optimizadas para maximizar el stock \u00f3seo.\u00a0<span class=\"a_GcMg font-feature-liga-off font-feature-clig-off font-feature-calt-off text-decoration-none text-strikethrough-none\"><\/span><\/li>\n<li>Compatibilidad con pr\u00f3tesis est\u00e1ndar.<\/li>\n<li>Superficie porosa personalizada para mejorar la osteointegraci\u00f3n y la estabilidad primaria.<\/li>\n<\/ul>\n<p>[\/et_pb_text][\/et_pb_column][\/et_pb_row][et_pb_row _builder_version=\u00bb4.27.4&#8243; _module_preset=\u00bbdefault\u00bb custom_padding=\u00bb||0px||false|false\u00bb global_colors_info=\u00bb{}\u00bb][et_pb_column type=\u00bb4_4&#8243; _builder_version=\u00bb4.27.4&#8243; _module_preset=\u00bbdefault\u00bb global_colors_info=\u00bb{}\u00bb][et_pb_gallery gallery_ids=\u00bb602,596,595,601,600,599,598,597&#8243; show_title_and_caption=\u00bboff\u00bb _builder_version=\u00bb4.27.4&#8243; _module_preset=\u00bbdefault\u00bb global_colors_info=\u00bb{}\u00bb][\/et_pb_gallery][\/et_pb_column][\/et_pb_row][et_pb_row _builder_version=\u00bb4.27.4&#8243; _module_preset=\u00bbdefault\u00bb custom_padding=\u00bb0px||||false|false\u00bb global_colors_info=\u00bb{}\u00bb][et_pb_column type=\u00bb4_4&#8243; _builder_version=\u00bb4.27.4&#8243; _module_preset=\u00bbdefault\u00bb global_colors_info=\u00bb{}\u00bb][et_pb_button button_text=\u00bbQuiero m\u00e1s informaci\u00f3n\u00bb button_alignment=\u00bbcenter\u00bb _builder_version=\u00bb4.27.4&#8243; _module_preset=\u00bbdefault\u00bb global_colors_info=\u00bb{}\u00bb][\/et_pb_button][\/et_pb_column][\/et_pb_row][\/et_pb_section][et_pb_section fb_built=\u00bb1&#8243; module_class=\u00bbproduct\u00bb _builder_version=\u00bb4.27.4&#8243; _module_preset=\u00bbdefault\u00bb global_colors_info=\u00bb{}\u00bb][et_pb_row column_structure=\u00bb1_2,1_2&#8243; module_class=\u00bbproduct\u00bb _builder_version=\u00bb4.27.4&#8243; _module_preset=\u00bbdefault\u00bb global_colors_info=\u00bb{}\u00bb][et_pb_column type=\u00bb1_2&#8243; _builder_version=\u00bb4.27.4&#8243; _module_preset=\u00bbdefault\u00bb global_colors_info=\u00bb{}\u00bb][et_pb_text _builder_version=\u00bb4.27.4&#8243; _module_preset=\u00bbdefault\u00bb global_colors_info=\u00bb{}\u00bb]<\/p>\n<h2>Kit de Osteotom\u00eda de clav\u00edcula<\/h2>\n<p>[\/et_pb_text][et_pb_image src=\u00bbhttps:\/\/valorimplant.com\/wp-content\/uploads\/2026\/01\/1-3.jpg\u00bb title_text=\u00bb1&#8243; _builder_version=\u00bb4.27.4&#8243; _module_preset=\u00bbdefault\u00bb global_colors_info=\u00bb{}\u00bb][\/et_pb_image][\/et_pb_column][et_pb_column type=\u00bb1_2&#8243; _builder_version=\u00bb4.27.4&#8243; _module_preset=\u00bbdefault\u00bb global_colors_info=\u00bb{}\u00bb][et_pb_text _builder_version=\u00bb4.27.4&#8243; _module_preset=\u00bbdefault\u00bb global_colors_info=\u00bb{}\u00bb]<\/p>\n<h1>Indicaciones<\/h1>\n<p>[\/et_pb_text][et_pb_text _builder_version=\u00bb4.27.4&#8243; _module_preset=\u00bbdefault\u00bb global_colors_info=\u00bb{}\u00bb]<\/p>\n<ul>\n<li><span style=\"font-size: 14px;\">Mala consolidaci\u00f3n de una fractura de clav\u00edcula.<\/span><\/li>\n<li>Acortamiento clavicular sintom\u00e1tico.<span style=\"font-size: 14px;\"><\/span><\/li>\n<li>No uni\u00f3n de clav\u00edcula o pseudoartrosis.<\/li>\n<\/ul>\n<p>[\/et_pb_text][et_pb_text _builder_version=\u00bb4.27.4&#8243; _module_preset=\u00bbdefault\u00bb global_colors_info=\u00bb{}\u00bb]<\/p>\n<h2>Beneficios<\/h2>\n<ul>\n<li>Cuantificaci\u00f3n de la correcci\u00f3n (acortamiento o alargamiento).<\/li>\n<li>Perforaci\u00f3n de alta precisi\u00f3n y osteotom\u00eda mediante gu\u00edas espec\u00edficas para el paciente.<\/li>\n<li>Implante personalizado adaptado a la anatom\u00eda corregida.<\/li>\n<li>Planificaci\u00f3n de las trayectorias, di\u00e1metros y longitudes de los tornillos seg\u00fan la anatom\u00eda.<\/li>\n<li>Reconstrucci\u00f3n planificada con aloinjerto de peron\u00e9 o cresta il\u00edaca.<\/li>\n<\/ul>\n<p>[\/et_pb_text][\/et_pb_column][\/et_pb_row][et_pb_row _builder_version=\u00bb4.27.4&#8243; _module_preset=\u00bbdefault\u00bb custom_padding=\u00bb||0px||false|false\u00bb global_colors_info=\u00bb{}\u00bb][et_pb_column type=\u00bb4_4&#8243; _builder_version=\u00bb4.27.4&#8243; _module_preset=\u00bbdefault\u00bb global_colors_info=\u00bb{}\u00bb][et_pb_gallery gallery_ids=\u00bb603,605,607,606,608,609&#8243; show_title_and_caption=\u00bboff\u00bb _builder_version=\u00bb4.27.4&#8243; _module_preset=\u00bbdefault\u00bb global_colors_info=\u00bb{}\u00bb][\/et_pb_gallery][\/et_pb_column][\/et_pb_row][et_pb_row _builder_version=\u00bb4.27.4&#8243; _module_preset=\u00bbdefault\u00bb custom_padding=\u00bb0px||||false|false\u00bb global_colors_info=\u00bb{}\u00bb][et_pb_column type=\u00bb4_4&#8243; _builder_version=\u00bb4.27.4&#8243; _module_preset=\u00bbdefault\u00bb global_colors_info=\u00bb{}\u00bb][et_pb_button button_text=\u00bbQuiero m\u00e1s informaci\u00f3n\u00bb button_alignment=\u00bbcenter\u00bb _builder_version=\u00bb4.27.4&#8243; _module_preset=\u00bbdefault\u00bb global_colors_info=\u00bb{}\u00bb][\/et_pb_button][\/et_pb_column][\/et_pb_row][\/et_pb_section][et_pb_section fb_built=\u00bb1&#8243; _builder_version=\u00bb4.27.4&#8243; _module_preset=\u00bbdefault\u00bb hover_enabled=\u00bb0&#8243; global_colors_info=\u00bb{}\u00bb sticky_enabled=\u00bb0&#8243;][et_pb_row _builder_version=\u00bb4.27.4&#8243; _module_preset=\u00bbdefault\u00bb hover_enabled=\u00bb0&#8243; sticky_enabled=\u00bb0&#8243; column_structure=\u00bb1_6,1_6,1_6,1_6,1_6,1_6&#8243; min_height=\u00bb287.9px\u00bb][et_pb_column _builder_version=\u00bb4.27.4&#8243; _module_preset=\u00bbdefault\u00bb type=\u00bb1_6&#8243;][et_pb_image src=\u00bbhttps:\/\/valorimplant.com\/wp-content\/uploads\/2026\/02\/antebrazo.jpg\u00bb title_text=\u00bbantebrazo\u00bb _builder_version=\u00bb4.27.4&#8243; _module_preset=\u00bbdefault\u00bb animation_style=\u00bbflip\u00bb hover_enabled=\u00bb0&#8243; global_colors_info=\u00bb{}\u00bb url=\u00bbhttps:\/\/valorimplant.com\/es\/catalogo-de-implantes-ortopedicos-a-medida\/antebrazo-y-muneca\/\u00bb sticky_enabled=\u00bb0&#8243;][\/et_pb_image][et_pb_text _builder_version=\u00bb4.27.4&#8243; _module_preset=\u00bbdefault\u00bb hover_enabled=\u00bb0&#8243; global_colors_info=\u00bb{}\u00bb link_option_url=\u00bbhttps:\/\/valorimplant.com\/es\/catalogo-de-implantes-ortopedicos-a-medida\/antebrazo-y-muneca\/\u00bb sticky_enabled=\u00bb0&#8243;]<\/p>\n<h2 style=\"text-align: center;\">Antebrazo y mano<\/h2>\n<p>[\/et_pb_text][\/et_pb_column][et_pb_column _builder_version=\u00bb4.27.4&#8243; _module_preset=\u00bbdefault\u00bb type=\u00bb1_6&#8243;][et_pb_image src=\u00bbhttps:\/\/valorimplant.com\/wp-content\/uploads\/2026\/02\/cadera.jpg\u00bb alt=\u00bbCadera\u00bb title_text=\u00bbcadera\u00bb _builder_version=\u00bb4.27.4&#8243; _module_preset=\u00bbdefault\u00bb background_color=\u00bb#d8d8d8&#8243; animation_style=\u00bbflip\u00bb animation_delay=\u00bb250ms\u00bb hover_enabled=\u00bb0&#8243; global_colors_info=\u00bb{}\u00bb url=\u00bbhttps:\/\/valorimplant.com\/es\/catalogo-de-implantes-ortopedicos-a-medida\/cadera\/\u00bb sticky_enabled=\u00bb0&#8243;][\/et_pb_image][et_pb_text _builder_version=\u00bb4.27.4&#8243; _module_preset=\u00bbdefault\u00bb hover_enabled=\u00bb0&#8243; global_colors_info=\u00bb{}\u00bb link_option_url=\u00bbhttps:\/\/valorimplant.com\/es\/catalogo-de-implantes-ortopedicos-a-medida\/cadera\/\u00bb sticky_enabled=\u00bb0&#8243;]<\/p>\n<h2 style=\"text-align: center;\">Cadera<\/h2>\n<p>[\/et_pb_text][\/et_pb_column][et_pb_column _builder_version=\u00bb4.27.4&#8243; _module_preset=\u00bbdefault\u00bb type=\u00bb1_6&#8243;][et_pb_image src=\u00bbhttps:\/\/valorimplant.com\/wp-content\/uploads\/2026\/02\/columna.jpg\u00bb alt=\u00bbColumna\u00bb title_text=\u00bbcolumna\u00bb _builder_version=\u00bb4.27.4&#8243; _module_preset=\u00bbdefault\u00bb animation_style=\u00bbflip\u00bb animation_delay=\u00bb500ms\u00bb hover_enabled=\u00bb0&#8243; global_colors_info=\u00bb{}\u00bb url=\u00bbhttps:\/\/valorimplant.com\/es\/catalogo-de-implantes-ortopedicos-a-medida\/columna\/\u00bb sticky_enabled=\u00bb0&#8243;][\/et_pb_image][et_pb_text _builder_version=\u00bb4.27.4&#8243; _module_preset=\u00bbdefault\u00bb hover_enabled=\u00bb0&#8243; global_colors_info=\u00bb{}\u00bb link_option_url=\u00bbhttps:\/\/valorimplant.com\/es\/catalogo-de-implantes-ortopedicos-a-medida\/columna\/\u00bb sticky_enabled=\u00bb0&#8243;]<\/p>\n<h2 style=\"text-align: center;\">Columna<\/h2>\n<p>[\/et_pb_text][\/et_pb_column][et_pb_column _builder_version=\u00bb4.27.4&#8243; _module_preset=\u00bbdefault\u00bb type=\u00bb1_6&#8243;][et_pb_image src=\u00bbhttps:\/\/valorimplant.com\/wp-content\/uploads\/2026\/02\/rodilla.jpg\u00bb alt=\u00bbRodilla\u00bb title_text=\u00bbrodilla\u00bb _builder_version=\u00bb4.27.4&#8243; _module_preset=\u00bbdefault\u00bb animation_style=\u00bbflip\u00bb animation_delay=\u00bb750ms\u00bb hover_enabled=\u00bb0&#8243; global_colors_info=\u00bb{}\u00bb url=\u00bb@ET-DC@eyJkeW5hbWljIjp0cnVlLCJjb250ZW50IjoicG9zdF9saW5rX3VybF9wYWdlIiwic2V0dGluZ3MiOnsicG9zdF9pZCI6IjM3MiJ9fQ==@\u00bb _dynamic_attributes=\u00bburl\u00bb sticky_enabled=\u00bb0&#8243;][\/et_pb_image][et_pb_text _builder_version=\u00bb4.27.4&#8243; _module_preset=\u00bbdefault\u00bb hover_enabled=\u00bb0&#8243; global_colors_info=\u00bb{}\u00bb link_option_url=\u00bb@ET-DC@eyJkeW5hbWljIjp0cnVlLCJjb250ZW50IjoicG9zdF9saW5rX3VybF9wYWdlIiwic2V0dGluZ3MiOnsicG9zdF9pZCI6IjM3MiJ9fQ==@\u00bb _dynamic_attributes=\u00bblink_option_url\u00bb sticky_enabled=\u00bb0&#8243;]<\/p>\n<h2 style=\"text-align: center;\">Rodilla<\/h2>\n<p>[\/et_pb_text][\/et_pb_column][et_pb_column _builder_version=\u00bb4.27.4&#8243; _module_preset=\u00bbdefault\u00bb type=\u00bb1_6&#8243;][et_pb_image src=\u00bbhttps:\/\/valorimplant.com\/wp-content\/uploads\/2026\/02\/pie-2.jpg\u00bb alt=\u00bbRodilla\u00bb title_text=\u00bbpie\u00bb _builder_version=\u00bb4.27.4&#8243; _module_preset=\u00bbdefault\u00bb animation_style=\u00bbflip\u00bb animation_delay=\u00bb750ms\u00bb hover_enabled=\u00bb0&#8243; global_colors_info=\u00bb{}\u00bb sticky_enabled=\u00bb0&#8243; url=\u00bb@ET-DC@eyJkeW5hbWljIjp0cnVlLCJjb250ZW50IjoicG9zdF9saW5rX3VybF9wYWdlIiwic2V0dGluZ3MiOnsicG9zdF9pZCI6IjM4MSJ9fQ==@\u00bb _dynamic_attributes=\u00bburl\u00bb][\/et_pb_image][et_pb_text _builder_version=\u00bb4.27.4&#8243; _module_preset=\u00bbdefault\u00bb hover_enabled=\u00bb0&#8243; global_colors_info=\u00bb{}\u00bb link_option_url=\u00bb@ET-DC@eyJkeW5hbWljIjp0cnVlLCJjb250ZW50IjoicG9zdF9saW5rX3VybF9wYWdlIiwic2V0dGluZ3MiOnsicG9zdF9pZCI6IjM4MSJ9fQ==@\u00bb _dynamic_attributes=\u00bblink_option_url\u00bb sticky_enabled=\u00bb0&#8243;]<\/p>\n<h2 style=\"text-align: center;\">Pie<\/h2>\n<p>[\/et_pb_text][\/et_pb_column][et_pb_column _builder_version=\u00bb4.27.4&#8243; _module_preset=\u00bbdefault\u00bb type=\u00bb1_6&#8243; link_option_url=\u00bb@ET-DC@eyJkeW5hbWljIjp0cnVlLCJjb250ZW50IjoicG9zdF9saW5rX3VybF9wYWdlIiwic2V0dGluZ3MiOnsicG9zdF9pZCI6IjkyIn19@\u00bb _dynamic_attributes=\u00bblink_option_url\u00bb hover_enabled=\u00bb0&#8243; sticky_enabled=\u00bb0&#8243;][et_pb_text _builder_version=\u00bb4.27.4&#8243; _module_preset=\u00bbdefault\u00bb text_font=\u00bbInter||||||||\u00bb text_font_size=\u00bb28px\u00bb hover_enabled=\u00bb0&#8243; sticky_enabled=\u00bb0&#8243; header_font=\u00bb|300|||||||\u00bb]<\/p>\n<p style=\"text-align: center;\"><strong>\u00bfNo encuentras el producto que buscas?<\/strong><\/p>\n<p style=\"text-align: center;\">\n<p>[\/et_pb_text][et_pb_button button_text=\u00bbCont\u00e1ctanos\u00bb _builder_version=\u00bb4.27.4&#8243; _module_preset=\u00bbdefault\u00bb hover_enabled=\u00bb0&#8243; sticky_enabled=\u00bb0&#8243; button_url=\u00bb@ET-DC@eyJkeW5hbWljIjp0cnVlLCJjb250ZW50IjoicG9zdF9saW5rX3VybF9wYWdlIiwic2V0dGluZ3MiOnsicG9zdF9pZCI6IjkyIn19@\u00bb _dynamic_attributes=\u00bbbutton_url\u00bb][\/et_pb_button][\/et_pb_column][\/et_pb_row][\/et_pb_section][et_pb_section fb_built=\u00bb1&#8243; theme_builder_area=\u00bbpost_content\u00bb _builder_version=\u00bb4.27.4&#8243; _module_preset=\u00bbdefault\u00bb][\/et_pb_section]<\/p>\n","protected":false},"excerpt":{"rendered":"<p><span><span><a href=\"https:\/\/valorimplant.com\/es\/\">Home<\/a><\/span><\/span>Hombro &nbsp; &nbsp;Kit de Reconstrucci\u00f3n Glenoidea para Artroplastia Inversa de HombroIndicaciones Defectos glenoideos severos debido a artrosis, fracturas o cirug\u00edas previas. Revisi\u00f3n de artroplastias previas. Deformidades cong\u00e9nitas o postraum\u00e1ticas de la esc\u00e1pula. P\u00e9rdida \u00f3sea debida a una infecci\u00f3n previa. Beneficios Evaluaci\u00f3n de la anatom\u00eda actual del paciente para determinar los grados de correcci\u00f3n necesarios.\u00a0 Perforaci\u00f3n [&hellip;]<\/p>\n","protected":false},"author":1,"featured_media":43,"parent":90,"menu_order":0,"comment_status":"closed","ping_status":"closed","template":"","meta":{"_et_pb_use_builder":"on","_et_pb_old_content":"","_et_gb_content_width":"","inline_featured_image":false,"footnotes":""},"dipi_cpt_category":[],"class_list":["post-365","page","type-page","status-publish","has-post-thumbnail","hentry"],"yoast_head":"<!-- This site is optimized with the Yoast SEO plugin v26.9 - https:\/\/yoast.com\/product\/yoast-seo-wordpress\/ -->\n<title>Hombro - Valor Implant<\/title>\n<meta name=\"robots\" content=\"index, follow, max-snippet:-1, max-image-preview:large, max-video-preview:-1\" \/>\n<link rel=\"canonical\" href=\"https:\/\/valorimplant.com\/es\/catalogo-de-implantes-ortopedicos-a-medida\/hombro\/\" \/>\n<meta property=\"og:locale\" content=\"es_ES\" \/>\n<meta property=\"og:type\" content=\"article\" \/>\n<meta property=\"og:title\" content=\"Hombro - Valor Implant\" \/>\n<meta property=\"og:description\" content=\"Hombro &nbsp; &nbsp;Kit de Reconstrucci\u00f3n Glenoidea para Artroplastia Inversa de HombroIndicaciones Defectos glenoideos severos debido a artrosis, fracturas o cirug\u00edas previas. Revisi\u00f3n de artroplastias previas. Deformidades cong\u00e9nitas o postraum\u00e1ticas de la esc\u00e1pula. P\u00e9rdida \u00f3sea debida a una infecci\u00f3n previa. Beneficios Evaluaci\u00f3n de la anatom\u00eda actual del paciente para determinar los grados de correcci\u00f3n necesarios.\u00a0 Perforaci\u00f3n [&hellip;]\" \/>\n<meta property=\"og:url\" content=\"https:\/\/valorimplant.com\/es\/catalogo-de-implantes-ortopedicos-a-medida\/hombro\/\" \/>\n<meta property=\"og:site_name\" content=\"Valor Implant\" \/>\n<meta property=\"article:modified_time\" content=\"2026-02-05T11:24:14+00:00\" \/>\n<meta name=\"twitter:card\" content=\"summary_large_image\" \/>\n<meta name=\"twitter:label1\" content=\"Tiempo de lectura\" \/>\n\t<meta name=\"twitter:data1\" content=\"6 minutos\" \/>\n<script type=\"application\/ld+json\" class=\"yoast-schema-graph\">{\"@context\":\"https:\/\/schema.org\",\"@graph\":[{\"@type\":\"WebPage\",\"@id\":\"https:\/\/valorimplant.com\/es\/catalogo-de-implantes-ortopedicos-a-medida\/hombro\/\",\"url\":\"https:\/\/valorimplant.com\/es\/catalogo-de-implantes-ortopedicos-a-medida\/hombro\/\",\"name\":\"Hombro - Valor Implant\",\"isPartOf\":{\"@id\":\"https:\/\/valorimplant.com\/es\/#website\"},\"primaryImageOfPage\":{\"@id\":\"https:\/\/valorimplant.com\/es\/catalogo-de-implantes-ortopedicos-a-medida\/hombro\/#primaryimage\"},\"image\":{\"@id\":\"https:\/\/valorimplant.com\/es\/catalogo-de-implantes-ortopedicos-a-medida\/hombro\/#primaryimage\"},\"thumbnailUrl\":\"https:\/\/valorimplant.com\/wp-content\/uploads\/2025\/12\/valor-implant-logo.svg\",\"datePublished\":\"2025-12-17T16:29:03+00:00\",\"dateModified\":\"2026-02-05T11:24:14+00:00\",\"breadcrumb\":{\"@id\":\"https:\/\/valorimplant.com\/es\/catalogo-de-implantes-ortopedicos-a-medida\/hombro\/#breadcrumb\"},\"inLanguage\":\"es\",\"potentialAction\":[{\"@type\":\"ReadAction\",\"target\":[\"https:\/\/valorimplant.com\/es\/catalogo-de-implantes-ortopedicos-a-medida\/hombro\/\"]}]},{\"@type\":\"ImageObject\",\"inLanguage\":\"es\",\"@id\":\"https:\/\/valorimplant.com\/es\/catalogo-de-implantes-ortopedicos-a-medida\/hombro\/#primaryimage\",\"url\":\"https:\/\/valorimplant.com\/wp-content\/uploads\/2025\/12\/valor-implant-logo.svg\",\"contentUrl\":\"https:\/\/valorimplant.com\/wp-content\/uploads\/2025\/12\/valor-implant-logo.svg\",\"caption\":\"Valor Implant\"},{\"@type\":\"BreadcrumbList\",\"@id\":\"https:\/\/valorimplant.com\/es\/catalogo-de-implantes-ortopedicos-a-medida\/hombro\/#breadcrumb\",\"itemListElement\":[{\"@type\":\"ListItem\",\"position\":1,\"name\":\"Home\",\"item\":\"https:\/\/valorimplant.com\/es\/\"},{\"@type\":\"ListItem\",\"position\":2,\"name\":\"Productos\",\"item\":\"https:\/\/valorimplant.com\/es\/catalogo-de-implantes-ortopedicos-a-medida\/\"},{\"@type\":\"ListItem\",\"position\":3,\"name\":\"Hombro\"}]},{\"@type\":\"WebSite\",\"@id\":\"https:\/\/valorimplant.com\/es\/#website\",\"url\":\"https:\/\/valorimplant.com\/es\/\",\"name\":\"Valor Implant\",\"description\":\"\",\"potentialAction\":[{\"@type\":\"SearchAction\",\"target\":{\"@type\":\"EntryPoint\",\"urlTemplate\":\"https:\/\/valorimplant.com\/es\/?s={search_term_string}\"},\"query-input\":{\"@type\":\"PropertyValueSpecification\",\"valueRequired\":true,\"valueName\":\"search_term_string\"}}],\"inLanguage\":\"es\"}]}<\/script>\n<!-- \/ Yoast SEO plugin. -->","yoast_head_json":{"title":"Hombro - Valor Implant","robots":{"index":"index","follow":"follow","max-snippet":"max-snippet:-1","max-image-preview":"max-image-preview:large","max-video-preview":"max-video-preview:-1"},"canonical":"https:\/\/valorimplant.com\/es\/catalogo-de-implantes-ortopedicos-a-medida\/hombro\/","og_locale":"es_ES","og_type":"article","og_title":"Hombro - Valor Implant","og_description":"Hombro &nbsp; &nbsp;Kit de Reconstrucci\u00f3n Glenoidea para Artroplastia Inversa de HombroIndicaciones Defectos glenoideos severos debido a artrosis, fracturas o cirug\u00edas previas. Revisi\u00f3n de artroplastias previas. Deformidades cong\u00e9nitas o postraum\u00e1ticas de la esc\u00e1pula. P\u00e9rdida \u00f3sea debida a una infecci\u00f3n previa. Beneficios Evaluaci\u00f3n de la anatom\u00eda actual del paciente para determinar los grados de correcci\u00f3n necesarios.\u00a0 Perforaci\u00f3n [&hellip;]","og_url":"https:\/\/valorimplant.com\/es\/catalogo-de-implantes-ortopedicos-a-medida\/hombro\/","og_site_name":"Valor Implant","article_modified_time":"2026-02-05T11:24:14+00:00","twitter_card":"summary_large_image","twitter_misc":{"Tiempo de lectura":"6 minutos"},"schema":{"@context":"https:\/\/schema.org","@graph":[{"@type":"WebPage","@id":"https:\/\/valorimplant.com\/es\/catalogo-de-implantes-ortopedicos-a-medida\/hombro\/","url":"https:\/\/valorimplant.com\/es\/catalogo-de-implantes-ortopedicos-a-medida\/hombro\/","name":"Hombro - Valor Implant","isPartOf":{"@id":"https:\/\/valorimplant.com\/es\/#website"},"primaryImageOfPage":{"@id":"https:\/\/valorimplant.com\/es\/catalogo-de-implantes-ortopedicos-a-medida\/hombro\/#primaryimage"},"image":{"@id":"https:\/\/valorimplant.com\/es\/catalogo-de-implantes-ortopedicos-a-medida\/hombro\/#primaryimage"},"thumbnailUrl":"https:\/\/valorimplant.com\/wp-content\/uploads\/2025\/12\/valor-implant-logo.svg","datePublished":"2025-12-17T16:29:03+00:00","dateModified":"2026-02-05T11:24:14+00:00","breadcrumb":{"@id":"https:\/\/valorimplant.com\/es\/catalogo-de-implantes-ortopedicos-a-medida\/hombro\/#breadcrumb"},"inLanguage":"es","potentialAction":[{"@type":"ReadAction","target":["https:\/\/valorimplant.com\/es\/catalogo-de-implantes-ortopedicos-a-medida\/hombro\/"]}]},{"@type":"ImageObject","inLanguage":"es","@id":"https:\/\/valorimplant.com\/es\/catalogo-de-implantes-ortopedicos-a-medida\/hombro\/#primaryimage","url":"https:\/\/valorimplant.com\/wp-content\/uploads\/2025\/12\/valor-implant-logo.svg","contentUrl":"https:\/\/valorimplant.com\/wp-content\/uploads\/2025\/12\/valor-implant-logo.svg","caption":"Valor Implant"},{"@type":"BreadcrumbList","@id":"https:\/\/valorimplant.com\/es\/catalogo-de-implantes-ortopedicos-a-medida\/hombro\/#breadcrumb","itemListElement":[{"@type":"ListItem","position":1,"name":"Home","item":"https:\/\/valorimplant.com\/es\/"},{"@type":"ListItem","position":2,"name":"Productos","item":"https:\/\/valorimplant.com\/es\/catalogo-de-implantes-ortopedicos-a-medida\/"},{"@type":"ListItem","position":3,"name":"Hombro"}]},{"@type":"WebSite","@id":"https:\/\/valorimplant.com\/es\/#website","url":"https:\/\/valorimplant.com\/es\/","name":"Valor Implant","description":"","potentialAction":[{"@type":"SearchAction","target":{"@type":"EntryPoint","urlTemplate":"https:\/\/valorimplant.com\/es\/?s={search_term_string}"},"query-input":{"@type":"PropertyValueSpecification","valueRequired":true,"valueName":"search_term_string"}}],"inLanguage":"es"}]}},"_links":{"self":[{"href":"https:\/\/valorimplant.com\/es\/wp-json\/wp\/v2\/pages\/365","targetHints":{"allow":["GET"]}}],"collection":[{"href":"https:\/\/valorimplant.com\/es\/wp-json\/wp\/v2\/pages"}],"about":[{"href":"https:\/\/valorimplant.com\/es\/wp-json\/wp\/v2\/types\/page"}],"author":[{"embeddable":true,"href":"https:\/\/valorimplant.com\/es\/wp-json\/wp\/v2\/users\/1"}],"replies":[{"embeddable":true,"href":"https:\/\/valorimplant.com\/es\/wp-json\/wp\/v2\/comments?post=365"}],"version-history":[{"count":10,"href":"https:\/\/valorimplant.com\/es\/wp-json\/wp\/v2\/pages\/365\/revisions"}],"predecessor-version":[{"id":1384,"href":"https:\/\/valorimplant.com\/es\/wp-json\/wp\/v2\/pages\/365\/revisions\/1384"}],"up":[{"embeddable":true,"href":"https:\/\/valorimplant.com\/es\/wp-json\/wp\/v2\/pages\/90"}],"wp:featuredmedia":[{"embeddable":true,"href":"https:\/\/valorimplant.com\/es\/wp-json\/wp\/v2\/media\/43"}],"wp:attachment":[{"href":"https:\/\/valorimplant.com\/es\/wp-json\/wp\/v2\/media?parent=365"}],"wp:term":[{"taxonomy":"dipi_cpt_category","embeddable":true,"href":"https:\/\/valorimplant.com\/es\/wp-json\/wp\/v2\/dipi_cpt_category?post=365"}],"curies":[{"name":"wp","href":"https:\/\/api.w.org\/{rel}","templated":true}]}}