{"id":3,"date":"2025-11-12T11:00:53","date_gmt":"2025-11-12T10:00:53","guid":{"rendered":"https:\/\/valorimplant.com\/?page_id=3"},"modified":"2025-12-16T11:47:45","modified_gmt":"2025-12-16T10:47:45","slug":"politica-privacidad","status":"publish","type":"page","link":"https:\/\/valorimplant.com\/es\/politica-privacidad\/","title":{"rendered":"Pol\u00edtica de privacidad"},"content":{"rendered":"\n<p>La utilizaci\u00f3n de esta web, de las redes sociales de la empresa y de sus formularios requiere la aceptaci\u00f3n del tratamiento de los datos del usuario conforme a esta pol\u00edtica de privacidad, incluyendo la recopilaci\u00f3n de datos de acceso y el env\u00edo de informaci\u00f3n comercial por v\u00eda electr\u00f3nica.<\/p>\n\n\n\n<h3 class=\"wp-block-heading\">Responsable del tratamiento de los datos e informaci\u00f3n de contacto<\/h3>\n\n\n\n<p>El responsable es: VALOR IMPLANT SL<\/p>\n\n\n\n<p>Direcci\u00f3n: Calle M\u00e9ndez N\u00fa\u00f1ez, 5-3 B 17600, Figueres (Girona)<\/p>\n\n\n\n<p>Datos de contacto del responsable:\u00a0<a href=\"mailto:medcomtech@medcomtech.es\">info@valorimplant.es<\/a><\/p>\n\n\n\n<p>Datos de contacto del delegado de protecci\u00f3n de datos: dpo@valorimplant.com<\/p>\n\n\n\n<h3 class=\"wp-block-heading\">Finalidad del tratamiento de los datos<\/h3>\n\n\n\n<p>Los datos se tratan con el objetivo de proporcionar acceso a los contenidos en l\u00ednea de la web, as\u00ed como atender las solicitudes de los usuarios de la web, llevar un registro de visitas (direcciones IP, datos del navegador, pa\u00eds, p\u00e1gina accedida, etc.) a efectos estad\u00edsticos, aplicar medidas encaminadas a la seguridad de la web, as\u00ed como en su caso enviarle por medios electr\u00f3nicos informaci\u00f3n comercial sobre nuestros productos y servicios.<\/p>\n\n\n\n<p>En caso de cumplimentar alguno de los formularios ser\u00e1 necesario facilitar determinados datos personales, los cuales se tratar\u00e1n para la finalidad para la que se solicitan.<\/p>\n\n\n\n<h3 class=\"wp-block-heading\">Legitimaci\u00f3n<\/h3>\n\n\n\n<p>Los datos se tratan en base al consentimiento del usuario, cumplimiento de obligaciones legales, en su caso para la ejecuci\u00f3n de un contrato o precontrato.<\/p>\n\n\n\n<h3 class=\"wp-block-heading\">Destinatarios y transferencias<\/h3>\n\n\n\n<p>Destinatarios: VALOR IMPLANT SL<\/p>\n\n\n\n<p>No se prev\u00e9 la transferencia internacional (fuera del Espacio Econ\u00f3mico Europeo), salvo con fines de almacenamiento, y en todo caso en base a la existencia de una decisi\u00f3n de adecuaci\u00f3n o en base a la existencia de garant\u00edas adecuadas.<\/p>\n\n\n\n<h3 class=\"wp-block-heading\">Plazo de conservaci\u00f3n de los datos<\/h3>\n\n\n\n<p>Al menos durante los plazos establecidos por la legislaci\u00f3n aplicable y en todo caso mientras se mantenga la vigencia del consentimiento.<\/p>\n\n\n\n<p>Los datos personales y aquella informaci\u00f3n que Valor Implant, S.L. pueda tratar con motivo de la prestaci\u00f3n de los servicios de dise\u00f1o y fabricaci\u00f3n personalizada de implantes y productos prot\u00e9sicos se conservar\u00e1n<\/p>\n\n\n\n<h3 class=\"wp-block-heading\">Derechos de las personas<\/h3>\n\n\n\n<p>Los afectados tienen derecho a: acceder, rectificar y suprimir sus datos; solicitar la portabilidad de sus datos; oponerse al tratamiento o solicitar su limitaci\u00f3n; retirar el consentimiento prestado, en su caso.<\/p>\n\n\n\n<p>Para ello pueden enviar su solicitud por escrito o correo electr\u00f3nico a la direcci\u00f3n de contacto del delegado de protecci\u00f3n de datos (DPD), incluyendo la referencia \u00abProtecci\u00f3n de datos\u00bb.<\/p>\n\n\n\n<p>Para facilitar la identificaci\u00f3n recomendamos que el titular de los datos adjunte a la solicitud copia de su DNI o pasaporte.<\/p>\n\n\n\n<p>Los afectados tambi\u00e9n pueden realizar una reclamaci\u00f3n ante la Autoridad de Control de protecci\u00f3n de datos.<\/p>\n\n\n\n<h3 class=\"wp-block-heading\">Veracidad y actualizaci\u00f3n de los datos<\/h3>\n\n\n\n<p>El usuario debe rellenar los formularios con datos verdaderos, exactos, completos y actuales. El usuario no introducir\u00e1 datos correspondientes a otra persona; VALOR IMPLANT SL presumir\u00e1 que los datos han sido facilitados por el titular de los mismos. El usuario ser\u00e1 el \u00fanico responsable de cualquier da\u00f1o o perjuicio, directo o indirecto que pudiera ocasionar a cualquier persona a causa de la cumplimentaci\u00f3n del formulario con datos falsos, inexactos, incompletos o no actualizados o relativos a otra persona.<\/p>\n\n\n\n<p>El usuario debe comunicar cualquier modificaci\u00f3n en los datos proporcionados con el fin de mantener sus datos debidamente actualizados.<\/p>\n\n\n\n<h3 class=\"wp-block-heading\">Seguridad de la informaci\u00f3n<\/h3>\n\n\n\n<p>Valor Implant, S.L. ha tomado todas las medidas legalmente requeridas para la protecci\u00f3n de datos personales; asimismo, ha adoptado todos los dispositivos t\u00e9cnicos a su alcance para evitar la p\u00e9rdida, el mal uso, la alteraci\u00f3n, el acceso o el robo de los datos personales facilitados por los usuarios de la web.<\/p>\n\n\n\n<p>El usuario tendr\u00e1 en cuenta, sin embargo, que las medidas de seguridad en Internet no son absolutamente inviolables.<\/p>\n\n\n\n<h3 class=\"wp-block-heading\">Menores de edad<\/h3>\n\n\n\n<p>Valor Implant, S.L. proh\u00edbe el uso de sus servicios web a los usuarios menores de catorce a\u00f1os, salvo consentimiento expreso de sus padres o tutores.<\/p>\n\n\n\n<p>En ning\u00fan caso el menor podr\u00e1 facilitar a datos que permitan obtener informaci\u00f3n sobre los dem\u00e1s miembros del grupo familiar, o sobre las caracter\u00edsticas del mismo, como los datos relativos a la actividad profesional de los progenitores, informaci\u00f3n econ\u00f3mica, datos sociol\u00f3gicos o cualesquiera otros, sin el<br>consentimiento de los titulares de tales datos.<\/p>\n\n\n\n<h3 class=\"wp-block-heading\">Anal\u00edticas Web<\/h3>\n\n\n\n<p>Esta web emplea diversas anal\u00edticas para conocer la manera en que es buscada, accedida y utilizada por el p\u00fablico. Estas anal\u00edticas pueden implicar la recopilaci\u00f3n de datos de car\u00e1cter personal como por ejemplo la direcci\u00f3n IP, la localizaci\u00f3n de la conexi\u00f3n, la informaci\u00f3n sobre el software o hardware de navegaci\u00f3n, etc. Esta informaci\u00f3n no se asocia a los usuarios y se utiliza con la finalidad exclusiva de obtener informaci\u00f3n estad\u00edstica sobre el uso de la web de la empresa.<\/p>\n\n\n\n<h3 class=\"wp-block-heading\">Utilizaci\u00f3n de funciones y complementos de terceros<\/h3>\n\n\n\n<p>Esta web puede incorporar funciones y complementos proporcionados por terceros para diversas finalidades como, por ejemplo: anal\u00edticas web de terceros; mapas de terceros; v\u00eddeos de terceros; compartici\u00f3n en redes sociales, etc.<\/p>\n\n\n\n<p>Una funci\u00f3n o complemento de un tercero establece una conexi\u00f3n directa entre el navegador del usuario y los dominios de Internet controlados por el tercero, permitiendo la descarga y ejecuci\u00f3n de la funci\u00f3n.<\/p>\n\n\n\n<p>Asimismo, la mayor\u00eda de complementos de terceros recopilan qu\u00e9 p\u00e1ginas visitan los usuarios para conocer sus intereses y poder ofrecerle posteriormente publicidad adaptada a los mismos.<\/p>\n\n\n\n<p><\/p>\n\n\n\n<h2 class=\"wp-block-heading\">Plataforma Materialise<\/h2>\n\n\n\n<p>Valor Implant dispone de la plataforma Materialise (Materialise Mimics Flow) con la finalidad de poder comunicarnos con nuestros clientes informaci\u00f3n sobre los casos cl\u00ednicos y proceder al dise\u00f1o del implante o pr\u00f3tesis personalizado.<\/p>\n\n\n\n<p>Los datos personales de los usuarios de la plataforma ser\u00e1n tratados a efectos de registro en la plataforma y su posterior comunicaci\u00f3n de los casos cl\u00ednicos, as\u00ed como para recoger toda la informaci\u00f3n necesaria para poder desarrollar la pr\u00f3tesis adecuada.<\/p>\n\n\n\n<p>Valor Implant, S.L., como responsable del tratamiento de los datos, proceder\u00e1 a anonimizar toda aquella informaci\u00f3n que haya sido comunicada por los distintos agentes econ\u00f3micos que participen del proceso y que no sea necesaria para el dise\u00f1o y posterior fabricaci\u00f3n de los productos.<\/p>\n\n\n\n<p>La gesti\u00f3n de la plataforma ser\u00e1 realizada exclusivamente por Valor Implant, si bien la plataforma es propiedad de MATERIALISE NV, entidad con la que tiene suscrito un contrato de encargado del tratamiento de acuerdo con el art\u00edculo 28 del Reglamento General de Protecci\u00f3n de Datos (RGPD).<\/p>\n\n\n\n<p>MATERIALISE NV est\u00e1 registrada en B\u00e9lgica con el n\u00famero fiscal BE 0441.131.254. Sus instalaciones principales est\u00e1n localizadas en Technologielaan 15, 3001 Leuven, B\u00e9lgica. Puede encontrar m\u00e1s informaci\u00f3n visitando este enlace https:\/\/www.materialise.com\/es.<\/p>\n\n\n\n<h3 class=\"wp-block-heading\">Google Recaptcha<\/h3>\n\n\n\n<p>Utilizamos \u201cGoogle reCAPTCHA\u201d (en lo sucesivo \u201creCAPTCHA\u201d) en nuestro sitio web. Con reCAPTCHA comprobamos si es una persona o un ordenador quien hace ciertas entradas en nuestros formularios de contacto o de boletines. Con reCAPTCHA contrarrestaremos el aumento de registros mediante m\u00e1quinas en cuentas de usuarios y boletines de noticias. En la actualidad, reCAPTCHA es la mejor protecci\u00f3n frente a esa clase de ataques (ataques procedentes de robots).<\/p>\n\n\n\n<p>En cuanto usted accede al sitio web, reCAPTCHA analiza sus interacciones mediante las siguientes caracter\u00edsticas:<\/p>\n\n\n\n<ul class=\"wp-block-list\">\n<li>Direcci\u00f3n IP del dispositivo terminal utilizado.<\/li>\n\n\n\n<li>Fecha y tiempo pasado en el sitio web.<\/li>\n\n\n\n<li>Movimientos con el rat\u00f3n en las superficies de reCAPTCHA y tareas que exigen la identificaci\u00f3n de im\u00e1genes.<\/li>\n\n\n\n<li>Datos de identificaci\u00f3n del navegador y del tipo de sistema operativo utilizado.<\/li>\n\n\n\n<li>Cuenta de Google, si ha iniciado sesi\u00f3n en Google.<\/li>\n<\/ul>\n\n\n\n<p>Los datos recabados durante el an\u00e1lisis se env\u00edan a Google. Seg\u00fan las indicaciones de Google, Google no utiliza la informaci\u00f3n recabada por reCAPTCHA para publicidad personalizada.<\/p>\n\n\n\n<h3 class=\"wp-block-heading\">Utilizaci\u00f3n de la funci\u00f3n Google Analytics proporcionada por Google, Inc.<\/h3>\n\n\n\n<p>Esta web integra funciones anal\u00edticas de Google Inc (1600 AMPHITHEATRE PARKWAY, MOUNTAIN VIEW, CALIFORNIA, USA) para conocer la manera en que es buscada, accedida y utilizada por los usuarios. Para ello, al usar esta web el navegador del usuario establece una conexi\u00f3n directa con los servidores del dominio de Internet google.com y otros dominios de Google. Esto permite a Google registrar la actividad del usuario, as\u00ed como informaci\u00f3n relativa a su direcci\u00f3n IP. Google Analytics hace uso de cookies persistentes para elaborar estad\u00edsticas an\u00f3nimas sobre el uso de esta web, conforme a la siguiente pol\u00edtica de privacidad: <a href=\"https:\/\/www.google.com\/analytics\/learn\/privacy.html?hl=es\">https:\/\/www.google.com\/analytics\/learn\/privacy.html?hl=es<\/a>. Al utilizar este la web el usuario consiente el tratamiento de sus datos por Google en la forma y para los fines indicados.<\/p>\n\n\n\n<h3 class=\"wp-block-heading\">Utilizaci\u00f3n de funciones proporcionadas por Google, Inc.<\/h3>\n\n\n\n<p>Esta web integra funciones de Google Inc (1600 AMPHITHEATRE PARKWAY, MOUNTAIN VIEW, CALIFORNIA, USA), como por ejemplo v\u00eddeos de Youtube, mapas y botones \u00ab+1\u00bb. Para ello, al usar la web el navegador del usuario establece una conexi\u00f3n directa con los servidores del dominio de Internet google.com y otros dominios de Google. Esto permite a Google conocer que el usuario ha visitado la web desde su direcci\u00f3n IP. Google hace uso de cookies persistentes, almacenamiento local y almacenamiento local de Flash en el dispositivo del usuario, para varias finalidades incluyendo la recopilaci\u00f3n de la actividad del usuario en Internet para ofrecerle publicidad adaptada a sus intereses, conforme a sus pol\u00edticas de privacidad: <a href=\"http:\/\/www.google.es\/intl\/es\/policies\/privacy\/\" target=\"_blank\" rel=\"noreferrer noopener nofollow\">http:\/\/www.google.es\/intl\/es\/policies\/privacy\/<\/a>. Al utilizar este la web el usuario consiente el tratamiento de sus datos por Google en la forma y para los fines indicados.<\/p>\n","protected":false},"excerpt":{"rendered":"<p>La utilizaci\u00f3n de esta web, de las redes sociales de la empresa y de sus formularios requiere la aceptaci\u00f3n del tratamiento de los datos del usuario conforme a esta pol\u00edtica de privacidad, incluyendo la recopilaci\u00f3n de datos de acceso y el env\u00edo de informaci\u00f3n comercial por v\u00eda electr\u00f3nica. Responsable del tratamiento de los datos e [&hellip;]<\/p>\n","protected":false},"author":1,"featured_media":0,"parent":0,"menu_order":0,"comment_status":"closed","ping_status":"open","template":"","meta":{"_et_pb_use_builder":"","_et_pb_old_content":"","_et_gb_content_width":"","inline_featured_image":false,"footnotes":""},"dipi_cpt_category":[],"class_list":["post-3","page","type-page","status-publish","hentry"],"yoast_head":"<!-- This site is optimized with the Yoast SEO plugin v26.9 - https:\/\/yoast.com\/product\/yoast-seo-wordpress\/ -->\n<title>Pol\u00edtica de privacidad - Valor Implant<\/title>\n<meta name=\"robots\" content=\"index, follow, max-snippet:-1, max-image-preview:large, max-video-preview:-1\" \/>\n<link rel=\"canonical\" href=\"https:\/\/valorimplant.com\/es\/politica-privacidad\/\" \/>\n<meta property=\"og:locale\" content=\"es_ES\" \/>\n<meta property=\"og:type\" content=\"article\" \/>\n<meta property=\"og:title\" content=\"Pol\u00edtica de privacidad - Valor Implant\" \/>\n<meta property=\"og:description\" content=\"La utilizaci\u00f3n de esta web, de las redes sociales de la empresa y de sus formularios requiere la aceptaci\u00f3n del tratamiento de los datos del usuario conforme a esta pol\u00edtica de privacidad, incluyendo la recopilaci\u00f3n de datos de acceso y el env\u00edo de informaci\u00f3n comercial por v\u00eda electr\u00f3nica. Responsable del tratamiento de los datos e [&hellip;]\" \/>\n<meta property=\"og:url\" content=\"https:\/\/valorimplant.com\/es\/politica-privacidad\/\" \/>\n<meta property=\"og:site_name\" content=\"Valor Implant\" \/>\n<meta property=\"article:modified_time\" content=\"2025-12-16T10:47:45+00:00\" \/>\n<meta name=\"twitter:card\" content=\"summary_large_image\" \/>\n<meta name=\"twitter:label1\" content=\"Tiempo de lectura\" \/>\n\t<meta name=\"twitter:data1\" content=\"10 minutos\" \/>\n<script type=\"application\/ld+json\" class=\"yoast-schema-graph\">{\"@context\":\"https:\/\/schema.org\",\"@graph\":[{\"@type\":\"WebPage\",\"@id\":\"https:\/\/valorimplant.com\/es\/politica-privacidad\/\",\"url\":\"https:\/\/valorimplant.com\/es\/politica-privacidad\/\",\"name\":\"Pol\u00edtica de privacidad - Valor Implant\",\"isPartOf\":{\"@id\":\"https:\/\/valorimplant.com\/es\/#website\"},\"datePublished\":\"2025-11-12T10:00:53+00:00\",\"dateModified\":\"2025-12-16T10:47:45+00:00\",\"breadcrumb\":{\"@id\":\"https:\/\/valorimplant.com\/es\/politica-privacidad\/#breadcrumb\"},\"inLanguage\":\"es\",\"potentialAction\":[{\"@type\":\"ReadAction\",\"target\":[\"https:\/\/valorimplant.com\/es\/politica-privacidad\/\"]}]},{\"@type\":\"BreadcrumbList\",\"@id\":\"https:\/\/valorimplant.com\/es\/politica-privacidad\/#breadcrumb\",\"itemListElement\":[{\"@type\":\"ListItem\",\"position\":1,\"name\":\"Home\",\"item\":\"https:\/\/valorimplant.com\/es\/\"},{\"@type\":\"ListItem\",\"position\":2,\"name\":\"Pol\u00edtica de privacidad\"}]},{\"@type\":\"WebSite\",\"@id\":\"https:\/\/valorimplant.com\/es\/#website\",\"url\":\"https:\/\/valorimplant.com\/es\/\",\"name\":\"Valor Implant\",\"description\":\"\",\"potentialAction\":[{\"@type\":\"SearchAction\",\"target\":{\"@type\":\"EntryPoint\",\"urlTemplate\":\"https:\/\/valorimplant.com\/es\/?s={search_term_string}\"},\"query-input\":{\"@type\":\"PropertyValueSpecification\",\"valueRequired\":true,\"valueName\":\"search_term_string\"}}],\"inLanguage\":\"es\"}]}<\/script>\n<!-- \/ Yoast SEO plugin. -->","yoast_head_json":{"title":"Pol\u00edtica de privacidad - Valor Implant","robots":{"index":"index","follow":"follow","max-snippet":"max-snippet:-1","max-image-preview":"max-image-preview:large","max-video-preview":"max-video-preview:-1"},"canonical":"https:\/\/valorimplant.com\/es\/politica-privacidad\/","og_locale":"es_ES","og_type":"article","og_title":"Pol\u00edtica de privacidad - Valor Implant","og_description":"La utilizaci\u00f3n de esta web, de las redes sociales de la empresa y de sus formularios requiere la aceptaci\u00f3n del tratamiento de los datos del usuario conforme a esta pol\u00edtica de privacidad, incluyendo la recopilaci\u00f3n de datos de acceso y el env\u00edo de informaci\u00f3n comercial por v\u00eda electr\u00f3nica. Responsable del tratamiento de los datos e [&hellip;]","og_url":"https:\/\/valorimplant.com\/es\/politica-privacidad\/","og_site_name":"Valor Implant","article_modified_time":"2025-12-16T10:47:45+00:00","twitter_card":"summary_large_image","twitter_misc":{"Tiempo de lectura":"10 minutos"},"schema":{"@context":"https:\/\/schema.org","@graph":[{"@type":"WebPage","@id":"https:\/\/valorimplant.com\/es\/politica-privacidad\/","url":"https:\/\/valorimplant.com\/es\/politica-privacidad\/","name":"Pol\u00edtica de privacidad - Valor Implant","isPartOf":{"@id":"https:\/\/valorimplant.com\/es\/#website"},"datePublished":"2025-11-12T10:00:53+00:00","dateModified":"2025-12-16T10:47:45+00:00","breadcrumb":{"@id":"https:\/\/valorimplant.com\/es\/politica-privacidad\/#breadcrumb"},"inLanguage":"es","potentialAction":[{"@type":"ReadAction","target":["https:\/\/valorimplant.com\/es\/politica-privacidad\/"]}]},{"@type":"BreadcrumbList","@id":"https:\/\/valorimplant.com\/es\/politica-privacidad\/#breadcrumb","itemListElement":[{"@type":"ListItem","position":1,"name":"Home","item":"https:\/\/valorimplant.com\/es\/"},{"@type":"ListItem","position":2,"name":"Pol\u00edtica de privacidad"}]},{"@type":"WebSite","@id":"https:\/\/valorimplant.com\/es\/#website","url":"https:\/\/valorimplant.com\/es\/","name":"Valor Implant","description":"","potentialAction":[{"@type":"SearchAction","target":{"@type":"EntryPoint","urlTemplate":"https:\/\/valorimplant.com\/es\/?s={search_term_string}"},"query-input":{"@type":"PropertyValueSpecification","valueRequired":true,"valueName":"search_term_string"}}],"inLanguage":"es"}]}},"_links":{"self":[{"href":"https:\/\/valorimplant.com\/es\/wp-json\/wp\/v2\/pages\/3","targetHints":{"allow":["GET"]}}],"collection":[{"href":"https:\/\/valorimplant.com\/es\/wp-json\/wp\/v2\/pages"}],"about":[{"href":"https:\/\/valorimplant.com\/es\/wp-json\/wp\/v2\/types\/page"}],"author":[{"embeddable":true,"href":"https:\/\/valorimplant.com\/es\/wp-json\/wp\/v2\/users\/1"}],"replies":[{"embeddable":true,"href":"https:\/\/valorimplant.com\/es\/wp-json\/wp\/v2\/comments?post=3"}],"version-history":[{"count":2,"href":"https:\/\/valorimplant.com\/es\/wp-json\/wp\/v2\/pages\/3\/revisions"}],"predecessor-version":[{"id":273,"href":"https:\/\/valorimplant.com\/es\/wp-json\/wp\/v2\/pages\/3\/revisions\/273"}],"wp:attachment":[{"href":"https:\/\/valorimplant.com\/es\/wp-json\/wp\/v2\/media?parent=3"}],"wp:term":[{"taxonomy":"dipi_cpt_category","embeddable":true,"href":"https:\/\/valorimplant.com\/es\/wp-json\/wp\/v2\/dipi_cpt_category?post=3"}],"curies":[{"name":"wp","href":"https:\/\/api.w.org\/{rel}","templated":true}]}}