{"id":215,"date":"2025-12-15T17:14:14","date_gmt":"2025-12-15T16:14:14","guid":{"rendered":"https:\/\/valorimplant.com\/?page_id=215"},"modified":"2026-02-05T12:35:30","modified_gmt":"2026-02-05T11:35:30","slug":"cadera","status":"publish","type":"page","link":"https:\/\/valorimplant.com\/es\/catalogo-de-implantes-ortopedicos-a-medida\/cadera\/","title":{"rendered":"Cadera"},"content":{"rendered":"<p>[et_pb_section fb_built=\u00bb1&#8243; module_class=\u00bbtheTitle\u00bb _builder_version=\u00bb4.27.4&#8243; _module_preset=\u00bbdefault\u00bb global_colors_info=\u00bb{}\u00bb][et_pb_row _builder_version=\u00bb4.27.4&#8243; _module_preset=\u00bbdefault\u00bb global_colors_info=\u00bb{}\u00bb][et_pb_column type=\u00bb4_4&#8243; _builder_version=\u00bb4.27.4&#8243; _module_preset=\u00bbdefault\u00bb global_colors_info=\u00bb{}\u00bb][et_pb_text module_class=\u00bbbreadcrumbs\u00bb _builder_version=\u00bb4.27.4&#8243; _module_preset=\u00bbdefault\u00bb global_colors_info=\u00bb{}\u00bb]<\/p>\n<span><span><a href=\"https:\/\/valorimplant.com\/es\/\">Home<\/a><\/span><\/span>\n<p>[\/et_pb_text][\/et_pb_column][\/et_pb_row][et_pb_row _builder_version=\u00bb4.27.4&#8243; _module_preset=\u00bbdefault\u00bb global_colors_info=\u00bb{}\u00bb][et_pb_column type=\u00bb4_4&#8243; _builder_version=\u00bb4.27.4&#8243; _module_preset=\u00bbdefault\u00bb global_colors_info=\u00bb{}\u00bb][et_pb_text _builder_version=\u00bb4.27.4&#8243; _module_preset=\u00bbdefault\u00bb global_colors_info=\u00bb{}\u00bb]<\/p>\n<h1 style=\"text-align: center;\">Cadera<\/h1>\n<p>[\/et_pb_text][\/et_pb_column][\/et_pb_row][\/et_pb_section][et_pb_section fb_built=\u00bb1&#8243; module_class=\u00bbproduct\u00bb _builder_version=\u00bb4.27.4&#8243; _module_preset=\u00bbdefault\u00bb global_colors_info=\u00bb{}\u00bb][et_pb_row column_structure=\u00bb1_2,1_2&#8243; module_class=\u00bbproduct\u00bb _builder_version=\u00bb4.27.4&#8243; _module_preset=\u00bbdefault\u00bb global_colors_info=\u00bb{}\u00bb][et_pb_column type=\u00bb1_2&#8243; _builder_version=\u00bb4.27.4&#8243; _module_preset=\u00bbdefault\u00bb global_colors_info=\u00bb{}\u00bb][et_pb_text _builder_version=\u00bb4.27.4&#8243; _module_preset=\u00bbdefault\u00bb global_colors_info=\u00bb{}\u00bb]<\/p>\n<h2>Kit de Reconstrucci\u00f3n Acetabular<\/h2>\n<p>[\/et_pb_text][et_pb_image src=\u00bbhttps:\/\/valorimplant.com\/wp-content\/uploads\/2026\/01\/1.jpg\u00bb title_text=\u00bb1&#8243; _builder_version=\u00bb4.27.4&#8243; _module_preset=\u00bbdefault\u00bb global_colors_info=\u00bb{}\u00bb][\/et_pb_image][\/et_pb_column][et_pb_column type=\u00bb1_2&#8243; _builder_version=\u00bb4.27.4&#8243; _module_preset=\u00bbdefault\u00bb global_colors_info=\u00bb{}\u00bb][et_pb_text _builder_version=\u00bb4.27.4&#8243; _module_preset=\u00bbdefault\u00bb global_colors_info=\u00bb{}\u00bb]<\/p>\n<h1>Indicaciones<\/h1>\n<p>[\/et_pb_text][et_pb_text _builder_version=\u00bb4.27.4&#8243; _module_preset=\u00bbdefault\u00bb global_colors_info=\u00bb{}\u00bb]<\/p>\n<ul>\n<li>Fracaso repetido de revisiones previas.<\/li>\n<li>P\u00e9rdida \u00f3sea acetabular severa (Paprosky tipo IIIA o IIIB).<\/li>\n<li>Discontinuidad p\u00e9lvica.<\/li>\n<\/ul>\n<p>[\/et_pb_text][et_pb_text _builder_version=\u00bb4.27.4&#8243; _module_preset=\u00bbdefault\u00bb width=\u00bb100%\u00bb global_colors_info=\u00bb{}\u00bb]<\/p>\n<h2>Beneficios<\/h2>\n<p>&nbsp;<\/p>\n<ul>\n<li>Cuantificaci\u00f3n y restauraci\u00f3n del centro de rotaci\u00f3n y de la cobertura acetabular.<\/li>\n<li>Perforaci\u00f3n guiada seg\u00fan la planificaci\u00f3n quir\u00fargica.<\/li>\n<li>Implante personalizado adaptado al defecto \u00f3seo.<\/li>\n<li>Trayectorias y longitudes de tornillos planificadas y optimizadas para maximizar el stock \u00f3seo.<\/li>\n<li>Compatibilidad con pr\u00f3tesis est\u00e1ndar.<\/li>\n<li>Di\u00e1metro de la copa planificado con offset controlado.<\/li>\n<li>Superficie porosa personalizada para mejorar la osteointegraci\u00f3n y la estabilidad primaria.<\/li>\n<\/ul>\n<p>[\/et_pb_text][\/et_pb_column][\/et_pb_row][et_pb_row _builder_version=\u00bb4.27.4&#8243; _module_preset=\u00bbdefault\u00bb custom_padding=\u00bb||0px||false|false\u00bb global_colors_info=\u00bb{}\u00bb][et_pb_column type=\u00bb4_4&#8243; _builder_version=\u00bb4.27.4&#8243; _module_preset=\u00bbdefault\u00bb global_colors_info=\u00bb{}\u00bb][et_pb_gallery gallery_ids=\u00bb593,592,591&#8243; show_title_and_caption=\u00bboff\u00bb _builder_version=\u00bb4.27.4&#8243; _module_preset=\u00bbdefault\u00bb global_colors_info=\u00bb{}\u00bb][\/et_pb_gallery][\/et_pb_column][\/et_pb_row][et_pb_row _builder_version=\u00bb4.27.4&#8243; _module_preset=\u00bbdefault\u00bb custom_padding=\u00bb0px||||false|false\u00bb global_colors_info=\u00bb{}\u00bb][et_pb_column type=\u00bb4_4&#8243; _builder_version=\u00bb4.27.4&#8243; _module_preset=\u00bbdefault\u00bb global_colors_info=\u00bb{}\u00bb][et_pb_button button_text=\u00bbQuiero m\u00e1s informaci\u00f3n\u00bb button_alignment=\u00bbcenter\u00bb _builder_version=\u00bb4.27.4&#8243; _module_preset=\u00bbdefault\u00bb global_colors_info=\u00bb{}\u00bb][\/et_pb_button][\/et_pb_column][\/et_pb_row][\/et_pb_section][et_pb_section fb_built=\u00bb1&#8243; _builder_version=\u00bb4.27.4&#8243; _module_preset=\u00bbdefault\u00bb hover_enabled=\u00bb0&#8243; global_colors_info=\u00bb{}\u00bb sticky_enabled=\u00bb0&#8243; locked=\u00bboff\u00bb][et_pb_row _builder_version=\u00bb4.27.4&#8243; _module_preset=\u00bbdefault\u00bb hover_enabled=\u00bb0&#8243; sticky_enabled=\u00bb0&#8243; column_structure=\u00bb1_6,1_6,1_6,1_6,1_6,1_6&#8243; min_height=\u00bb287.9px\u00bb][et_pb_column _builder_version=\u00bb4.27.4&#8243; _module_preset=\u00bbdefault\u00bb type=\u00bb1_6&#8243;][et_pb_image src=\u00bbhttps:\/\/valorimplant.com\/wp-content\/uploads\/2026\/02\/CIRCULOS-DE-PRODUCTOS-WEB-hombro-copia.jpg\u00bb title_text=\u00bbCIRCULOS DE PRODUCTOS WEB hombro copia\u00bb _builder_version=\u00bb4.27.4&#8243; _module_preset=\u00bbdefault\u00bb animation_style=\u00bbflip\u00bb hover_enabled=\u00bb0&#8243; global_colors_info=\u00bb{}\u00bb url=\u00bb@ET-DC@eyJkeW5hbWljIjp0cnVlLCJjb250ZW50IjoicG9zdF9saW5rX3VybF9wYWdlIiwic2V0dGluZ3MiOnsicG9zdF9pZCI6IjEwNjQifX0=@\u00bb sticky_enabled=\u00bb0&#8243; _dynamic_attributes=\u00bburl\u00bb][\/et_pb_image][et_pb_text _builder_version=\u00bb4.27.4&#8243; _module_preset=\u00bbdefault\u00bb hover_enabled=\u00bb0&#8243; global_colors_info=\u00bb{}\u00bb link_option_url=\u00bb@ET-DC@eyJkeW5hbWljIjp0cnVlLCJjb250ZW50IjoicG9zdF9saW5rX3VybF9wYWdlIiwic2V0dGluZ3MiOnsicG9zdF9pZCI6IjEwNjQifX0=@\u00bb sticky_enabled=\u00bb0&#8243; _dynamic_attributes=\u00bblink_option_url\u00bb]<\/p>\n<h2 style=\"text-align: center;\">Hombro<\/h2>\n<p>[\/et_pb_text][\/et_pb_column][et_pb_column _builder_version=\u00bb4.27.4&#8243; _module_preset=\u00bbdefault\u00bb type=\u00bb1_6&#8243;][et_pb_image src=\u00bbhttps:\/\/valorimplant.com\/wp-content\/uploads\/2026\/02\/antebrazo.jpg\u00bb alt=\u00bbCadera\u00bb title_text=\u00bbantebrazo\u00bb _builder_version=\u00bb4.27.4&#8243; _module_preset=\u00bbdefault\u00bb background_color=\u00bb#d8d8d8&#8243; animation_style=\u00bbflip\u00bb animation_delay=\u00bb250ms\u00bb hover_enabled=\u00bb0&#8243; global_colors_info=\u00bb{}\u00bb url=\u00bb@ET-DC@eyJkeW5hbWljIjp0cnVlLCJjb250ZW50IjoicG9zdF9saW5rX3VybF9wYWdlIiwic2V0dGluZ3MiOnsicG9zdF9pZCI6IjEwNTYifX0=@\u00bb sticky_enabled=\u00bb0&#8243; _dynamic_attributes=\u00bburl\u00bb][\/et_pb_image][et_pb_text _builder_version=\u00bb4.27.4&#8243; _module_preset=\u00bbdefault\u00bb hover_enabled=\u00bb0&#8243; global_colors_info=\u00bb{}\u00bb link_option_url=\u00bb@ET-DC@eyJkeW5hbWljIjp0cnVlLCJjb250ZW50IjoicG9zdF9saW5rX3VybF9wYWdlIiwic2V0dGluZ3MiOnsicG9zdF9pZCI6IjEwNTYifX0=@\u00bb sticky_enabled=\u00bb0&#8243; _dynamic_attributes=\u00bblink_option_url\u00bb]<\/p>\n<h2 style=\"text-align: center;\">Antebrazo y mano<\/h2>\n<p>[\/et_pb_text][\/et_pb_column][et_pb_column _builder_version=\u00bb4.27.4&#8243; _module_preset=\u00bbdefault\u00bb type=\u00bb1_6&#8243;][et_pb_image src=\u00bbhttps:\/\/valorimplant.com\/wp-content\/uploads\/2026\/02\/columna.jpg\u00bb alt=\u00bbColumna\u00bb title_text=\u00bbcolumna\u00bb _builder_version=\u00bb4.27.4&#8243; _module_preset=\u00bbdefault\u00bb animation_style=\u00bbflip\u00bb animation_delay=\u00bb500ms\u00bb hover_enabled=\u00bb0&#8243; global_colors_info=\u00bb{}\u00bb url=\u00bbhttps:\/\/valorimplant.com\/es\/catalogo-de-implantes-ortopedicos-a-medida\/columna\/\u00bb sticky_enabled=\u00bb0&#8243;][\/et_pb_image][et_pb_text _builder_version=\u00bb4.27.4&#8243; _module_preset=\u00bbdefault\u00bb hover_enabled=\u00bb0&#8243; global_colors_info=\u00bb{}\u00bb link_option_url=\u00bbhttps:\/\/valorimplant.com\/es\/catalogo-de-implantes-ortopedicos-a-medida\/columna\/\u00bb sticky_enabled=\u00bb0&#8243;]<\/p>\n<h2 style=\"text-align: center;\">Columna<\/h2>\n<p>[\/et_pb_text][\/et_pb_column][et_pb_column _builder_version=\u00bb4.27.4&#8243; _module_preset=\u00bbdefault\u00bb type=\u00bb1_6&#8243;][et_pb_image src=\u00bbhttps:\/\/valorimplant.com\/wp-content\/uploads\/2026\/02\/rodilla.jpg\u00bb alt=\u00bbRodilla\u00bb title_text=\u00bbrodilla\u00bb _builder_version=\u00bb4.27.4&#8243; _module_preset=\u00bbdefault\u00bb animation_style=\u00bbflip\u00bb animation_delay=\u00bb750ms\u00bb hover_enabled=\u00bb0&#8243; global_colors_info=\u00bb{}\u00bb url=\u00bb@ET-DC@eyJkeW5hbWljIjp0cnVlLCJjb250ZW50IjoicG9zdF9saW5rX3VybF9wYWdlIiwic2V0dGluZ3MiOnsicG9zdF9pZCI6IjM3MiJ9fQ==@\u00bb _dynamic_attributes=\u00bburl\u00bb sticky_enabled=\u00bb0&#8243;][\/et_pb_image][et_pb_text _builder_version=\u00bb4.27.4&#8243; _module_preset=\u00bbdefault\u00bb hover_enabled=\u00bb0&#8243; global_colors_info=\u00bb{}\u00bb link_option_url=\u00bb@ET-DC@eyJkeW5hbWljIjp0cnVlLCJjb250ZW50IjoicG9zdF9saW5rX3VybF9wYWdlIiwic2V0dGluZ3MiOnsicG9zdF9pZCI6IjM3MiJ9fQ==@\u00bb _dynamic_attributes=\u00bblink_option_url\u00bb sticky_enabled=\u00bb0&#8243;]<\/p>\n<h2 style=\"text-align: center;\">Rodilla<\/h2>\n<p>[\/et_pb_text][\/et_pb_column][et_pb_column _builder_version=\u00bb4.27.4&#8243; _module_preset=\u00bbdefault\u00bb type=\u00bb1_6&#8243;][et_pb_image src=\u00bbhttps:\/\/valorimplant.com\/wp-content\/uploads\/2026\/02\/pie-2.jpg\u00bb alt=\u00bbRodilla\u00bb title_text=\u00bbpie\u00bb _builder_version=\u00bb4.27.4&#8243; _module_preset=\u00bbdefault\u00bb animation_style=\u00bbflip\u00bb animation_delay=\u00bb750ms\u00bb hover_enabled=\u00bb0&#8243; global_colors_info=\u00bb{}\u00bb sticky_enabled=\u00bb0&#8243; url=\u00bb@ET-DC@eyJkeW5hbWljIjp0cnVlLCJjb250ZW50IjoicG9zdF9saW5rX3VybF9wYWdlIiwic2V0dGluZ3MiOnsicG9zdF9pZCI6IjM4MSJ9fQ==@\u00bb _dynamic_attributes=\u00bburl\u00bb][\/et_pb_image][et_pb_text _builder_version=\u00bb4.27.4&#8243; _module_preset=\u00bbdefault\u00bb hover_enabled=\u00bb0&#8243; global_colors_info=\u00bb{}\u00bb link_option_url=\u00bb@ET-DC@eyJkeW5hbWljIjp0cnVlLCJjb250ZW50IjoicG9zdF9saW5rX3VybF9wYWdlIiwic2V0dGluZ3MiOnsicG9zdF9pZCI6IjM4MSJ9fQ==@\u00bb _dynamic_attributes=\u00bblink_option_url\u00bb sticky_enabled=\u00bb0&#8243;]<\/p>\n<h2 style=\"text-align: center;\">Pie<\/h2>\n<p>[\/et_pb_text][\/et_pb_column][et_pb_column _builder_version=\u00bb4.27.4&#8243; _module_preset=\u00bbdefault\u00bb type=\u00bb1_6&#8243; link_option_url=\u00bb@ET-DC@eyJkeW5hbWljIjp0cnVlLCJjb250ZW50IjoicG9zdF9saW5rX3VybF9wYWdlIiwic2V0dGluZ3MiOnsicG9zdF9pZCI6IjkyIn19@\u00bb _dynamic_attributes=\u00bblink_option_url\u00bb hover_enabled=\u00bb0&#8243; sticky_enabled=\u00bb0&#8243;][et_pb_text _builder_version=\u00bb4.27.4&#8243; _module_preset=\u00bbdefault\u00bb text_font=\u00bb||||||||\u00bb text_text_color=\u00bb#000000&#8243; header_2_font=\u00bbInter||||||||\u00bb animation_style=\u00bbfade\u00bb animation_delay=\u00bb1000ms\u00bb global_colors_info=\u00bb{}\u00bb]<\/p>\n<h2><span style=\"color: #000000;\">\u00bfNo encuentras el producto que buscas?<\/span><\/h2>\n<p>Cont\u00e1ctanos para explorar una soluci\u00f3n personalizada.<\/p>\n<p>[\/et_pb_text][et_pb_button button_text=\u00bbCont\u00e1ctanos\u00bb _builder_version=\u00bb4.27.4&#8243; _module_preset=\u00bbdefault\u00bb hover_enabled=\u00bb0&#8243; sticky_enabled=\u00bb0&#8243; button_url=\u00bb@ET-DC@eyJkeW5hbWljIjp0cnVlLCJjb250ZW50IjoicG9zdF9saW5rX3VybF9wYWdlIiwic2V0dGluZ3MiOnsicG9zdF9pZCI6IjkyIn19@\u00bb _dynamic_attributes=\u00bbbutton_url\u00bb][\/et_pb_button][\/et_pb_column][\/et_pb_row][\/et_pb_section]<\/p>\n","protected":false},"excerpt":{"rendered":"<p><span><span><a href=\"https:\/\/valorimplant.com\/es\/\">Home<\/a><\/span><\/span>CaderaKit de Reconstrucci\u00f3n AcetabularIndicaciones Fracaso repetido de revisiones previas. P\u00e9rdida \u00f3sea acetabular severa (Paprosky tipo IIIA o IIIB). Discontinuidad p\u00e9lvica. Beneficios &nbsp; Cuantificaci\u00f3n y restauraci\u00f3n del centro de rotaci\u00f3n y de la cobertura acetabular. Perforaci\u00f3n guiada seg\u00fan la planificaci\u00f3n quir\u00fargica. Implante personalizado adaptado al defecto \u00f3seo. Trayectorias y longitudes de tornillos planificadas y optimizadas para [&hellip;]<\/p>\n","protected":false},"author":1,"featured_media":43,"parent":90,"menu_order":0,"comment_status":"closed","ping_status":"closed","template":"","meta":{"_et_pb_use_builder":"on","_et_pb_old_content":"","_et_gb_content_width":"","inline_featured_image":false,"footnotes":""},"dipi_cpt_category":[],"class_list":["post-215","page","type-page","status-publish","has-post-thumbnail","hentry"],"yoast_head":"<!-- This site is optimized with the Yoast SEO plugin v26.9 - https:\/\/yoast.com\/product\/yoast-seo-wordpress\/ -->\n<title>Cadera - Valor Implant<\/title>\n<meta name=\"robots\" content=\"index, follow, max-snippet:-1, max-image-preview:large, max-video-preview:-1\" \/>\n<link rel=\"canonical\" href=\"https:\/\/valorimplant.com\/es\/catalogo-de-implantes-ortopedicos-a-medida\/cadera\/\" \/>\n<meta property=\"og:locale\" content=\"es_ES\" \/>\n<meta property=\"og:type\" content=\"article\" \/>\n<meta property=\"og:title\" content=\"Cadera - Valor Implant\" \/>\n<meta property=\"og:description\" content=\"CaderaKit de Reconstrucci\u00f3n AcetabularIndicaciones Fracaso repetido de revisiones previas. P\u00e9rdida \u00f3sea acetabular severa (Paprosky tipo IIIA o IIIB). Discontinuidad p\u00e9lvica. Beneficios &nbsp; Cuantificaci\u00f3n y restauraci\u00f3n del centro de rotaci\u00f3n y de la cobertura acetabular. Perforaci\u00f3n guiada seg\u00fan la planificaci\u00f3n quir\u00fargica. Implante personalizado adaptado al defecto \u00f3seo. Trayectorias y longitudes de tornillos planificadas y optimizadas para [&hellip;]\" \/>\n<meta property=\"og:url\" content=\"https:\/\/valorimplant.com\/es\/catalogo-de-implantes-ortopedicos-a-medida\/cadera\/\" \/>\n<meta property=\"og:site_name\" content=\"Valor Implant\" \/>\n<meta property=\"article:modified_time\" content=\"2026-02-05T11:35:30+00:00\" \/>\n<meta name=\"twitter:card\" content=\"summary_large_image\" \/>\n<meta name=\"twitter:label1\" content=\"Tiempo de lectura\" \/>\n\t<meta name=\"twitter:data1\" content=\"2 minutos\" \/>\n<script type=\"application\/ld+json\" class=\"yoast-schema-graph\">{\"@context\":\"https:\/\/schema.org\",\"@graph\":[{\"@type\":\"WebPage\",\"@id\":\"https:\/\/valorimplant.com\/es\/catalogo-de-implantes-ortopedicos-a-medida\/cadera\/\",\"url\":\"https:\/\/valorimplant.com\/es\/catalogo-de-implantes-ortopedicos-a-medida\/cadera\/\",\"name\":\"Cadera - Valor Implant\",\"isPartOf\":{\"@id\":\"https:\/\/valorimplant.com\/es\/#website\"},\"primaryImageOfPage\":{\"@id\":\"https:\/\/valorimplant.com\/es\/catalogo-de-implantes-ortopedicos-a-medida\/cadera\/#primaryimage\"},\"image\":{\"@id\":\"https:\/\/valorimplant.com\/es\/catalogo-de-implantes-ortopedicos-a-medida\/cadera\/#primaryimage\"},\"thumbnailUrl\":\"https:\/\/valorimplant.com\/wp-content\/uploads\/2025\/12\/valor-implant-logo.svg\",\"datePublished\":\"2025-12-15T16:14:14+00:00\",\"dateModified\":\"2026-02-05T11:35:30+00:00\",\"breadcrumb\":{\"@id\":\"https:\/\/valorimplant.com\/es\/catalogo-de-implantes-ortopedicos-a-medida\/cadera\/#breadcrumb\"},\"inLanguage\":\"es\",\"potentialAction\":[{\"@type\":\"ReadAction\",\"target\":[\"https:\/\/valorimplant.com\/es\/catalogo-de-implantes-ortopedicos-a-medida\/cadera\/\"]}]},{\"@type\":\"ImageObject\",\"inLanguage\":\"es\",\"@id\":\"https:\/\/valorimplant.com\/es\/catalogo-de-implantes-ortopedicos-a-medida\/cadera\/#primaryimage\",\"url\":\"https:\/\/valorimplant.com\/wp-content\/uploads\/2025\/12\/valor-implant-logo.svg\",\"contentUrl\":\"https:\/\/valorimplant.com\/wp-content\/uploads\/2025\/12\/valor-implant-logo.svg\",\"caption\":\"Valor Implant\"},{\"@type\":\"BreadcrumbList\",\"@id\":\"https:\/\/valorimplant.com\/es\/catalogo-de-implantes-ortopedicos-a-medida\/cadera\/#breadcrumb\",\"itemListElement\":[{\"@type\":\"ListItem\",\"position\":1,\"name\":\"Home\",\"item\":\"https:\/\/valorimplant.com\/es\/\"},{\"@type\":\"ListItem\",\"position\":2,\"name\":\"Productos\",\"item\":\"https:\/\/valorimplant.com\/es\/catalogo-de-implantes-ortopedicos-a-medida\/\"},{\"@type\":\"ListItem\",\"position\":3,\"name\":\"Cadera\"}]},{\"@type\":\"WebSite\",\"@id\":\"https:\/\/valorimplant.com\/es\/#website\",\"url\":\"https:\/\/valorimplant.com\/es\/\",\"name\":\"Valor Implant\",\"description\":\"\",\"potentialAction\":[{\"@type\":\"SearchAction\",\"target\":{\"@type\":\"EntryPoint\",\"urlTemplate\":\"https:\/\/valorimplant.com\/es\/?s={search_term_string}\"},\"query-input\":{\"@type\":\"PropertyValueSpecification\",\"valueRequired\":true,\"valueName\":\"search_term_string\"}}],\"inLanguage\":\"es\"}]}<\/script>\n<!-- \/ Yoast SEO plugin. -->","yoast_head_json":{"title":"Cadera - Valor Implant","robots":{"index":"index","follow":"follow","max-snippet":"max-snippet:-1","max-image-preview":"max-image-preview:large","max-video-preview":"max-video-preview:-1"},"canonical":"https:\/\/valorimplant.com\/es\/catalogo-de-implantes-ortopedicos-a-medida\/cadera\/","og_locale":"es_ES","og_type":"article","og_title":"Cadera - Valor Implant","og_description":"CaderaKit de Reconstrucci\u00f3n AcetabularIndicaciones Fracaso repetido de revisiones previas. P\u00e9rdida \u00f3sea acetabular severa (Paprosky tipo IIIA o IIIB). Discontinuidad p\u00e9lvica. Beneficios &nbsp; Cuantificaci\u00f3n y restauraci\u00f3n del centro de rotaci\u00f3n y de la cobertura acetabular. Perforaci\u00f3n guiada seg\u00fan la planificaci\u00f3n quir\u00fargica. Implante personalizado adaptado al defecto \u00f3seo. Trayectorias y longitudes de tornillos planificadas y optimizadas para [&hellip;]","og_url":"https:\/\/valorimplant.com\/es\/catalogo-de-implantes-ortopedicos-a-medida\/cadera\/","og_site_name":"Valor Implant","article_modified_time":"2026-02-05T11:35:30+00:00","twitter_card":"summary_large_image","twitter_misc":{"Tiempo de lectura":"2 minutos"},"schema":{"@context":"https:\/\/schema.org","@graph":[{"@type":"WebPage","@id":"https:\/\/valorimplant.com\/es\/catalogo-de-implantes-ortopedicos-a-medida\/cadera\/","url":"https:\/\/valorimplant.com\/es\/catalogo-de-implantes-ortopedicos-a-medida\/cadera\/","name":"Cadera - Valor Implant","isPartOf":{"@id":"https:\/\/valorimplant.com\/es\/#website"},"primaryImageOfPage":{"@id":"https:\/\/valorimplant.com\/es\/catalogo-de-implantes-ortopedicos-a-medida\/cadera\/#primaryimage"},"image":{"@id":"https:\/\/valorimplant.com\/es\/catalogo-de-implantes-ortopedicos-a-medida\/cadera\/#primaryimage"},"thumbnailUrl":"https:\/\/valorimplant.com\/wp-content\/uploads\/2025\/12\/valor-implant-logo.svg","datePublished":"2025-12-15T16:14:14+00:00","dateModified":"2026-02-05T11:35:30+00:00","breadcrumb":{"@id":"https:\/\/valorimplant.com\/es\/catalogo-de-implantes-ortopedicos-a-medida\/cadera\/#breadcrumb"},"inLanguage":"es","potentialAction":[{"@type":"ReadAction","target":["https:\/\/valorimplant.com\/es\/catalogo-de-implantes-ortopedicos-a-medida\/cadera\/"]}]},{"@type":"ImageObject","inLanguage":"es","@id":"https:\/\/valorimplant.com\/es\/catalogo-de-implantes-ortopedicos-a-medida\/cadera\/#primaryimage","url":"https:\/\/valorimplant.com\/wp-content\/uploads\/2025\/12\/valor-implant-logo.svg","contentUrl":"https:\/\/valorimplant.com\/wp-content\/uploads\/2025\/12\/valor-implant-logo.svg","caption":"Valor Implant"},{"@type":"BreadcrumbList","@id":"https:\/\/valorimplant.com\/es\/catalogo-de-implantes-ortopedicos-a-medida\/cadera\/#breadcrumb","itemListElement":[{"@type":"ListItem","position":1,"name":"Home","item":"https:\/\/valorimplant.com\/es\/"},{"@type":"ListItem","position":2,"name":"Productos","item":"https:\/\/valorimplant.com\/es\/catalogo-de-implantes-ortopedicos-a-medida\/"},{"@type":"ListItem","position":3,"name":"Cadera"}]},{"@type":"WebSite","@id":"https:\/\/valorimplant.com\/es\/#website","url":"https:\/\/valorimplant.com\/es\/","name":"Valor Implant","description":"","potentialAction":[{"@type":"SearchAction","target":{"@type":"EntryPoint","urlTemplate":"https:\/\/valorimplant.com\/es\/?s={search_term_string}"},"query-input":{"@type":"PropertyValueSpecification","valueRequired":true,"valueName":"search_term_string"}}],"inLanguage":"es"}]}},"_links":{"self":[{"href":"https:\/\/valorimplant.com\/es\/wp-json\/wp\/v2\/pages\/215","targetHints":{"allow":["GET"]}}],"collection":[{"href":"https:\/\/valorimplant.com\/es\/wp-json\/wp\/v2\/pages"}],"about":[{"href":"https:\/\/valorimplant.com\/es\/wp-json\/wp\/v2\/types\/page"}],"author":[{"embeddable":true,"href":"https:\/\/valorimplant.com\/es\/wp-json\/wp\/v2\/users\/1"}],"replies":[{"embeddable":true,"href":"https:\/\/valorimplant.com\/es\/wp-json\/wp\/v2\/comments?post=215"}],"version-history":[{"count":21,"href":"https:\/\/valorimplant.com\/es\/wp-json\/wp\/v2\/pages\/215\/revisions"}],"predecessor-version":[{"id":1390,"href":"https:\/\/valorimplant.com\/es\/wp-json\/wp\/v2\/pages\/215\/revisions\/1390"}],"up":[{"embeddable":true,"href":"https:\/\/valorimplant.com\/es\/wp-json\/wp\/v2\/pages\/90"}],"wp:featuredmedia":[{"embeddable":true,"href":"https:\/\/valorimplant.com\/es\/wp-json\/wp\/v2\/media\/43"}],"wp:attachment":[{"href":"https:\/\/valorimplant.com\/es\/wp-json\/wp\/v2\/media?parent=215"}],"wp:term":[{"taxonomy":"dipi_cpt_category","embeddable":true,"href":"https:\/\/valorimplant.com\/es\/wp-json\/wp\/v2\/dipi_cpt_category?post=215"}],"curies":[{"name":"wp","href":"https:\/\/api.w.org\/{rel}","templated":true}]}}