{"id":16,"date":"2025-11-18T18:28:06","date_gmt":"2025-11-18T17:28:06","guid":{"rendered":"https:\/\/valorimplant.com\/?page_id=16"},"modified":"2025-12-16T11:14:36","modified_gmt":"2025-12-16T10:14:36","slug":"aviso-legal","status":"publish","type":"page","link":"https:\/\/valorimplant.com\/es\/aviso-legal\/","title":{"rendered":"Aviso legal"},"content":{"rendered":"\n<h2 class=\"wp-block-heading\">Titular de la web y datos de contacto<\/h2>\n\n\n\n<p>www.valorimplant.com &nbsp;es un dominio en Internet titularidad de VALOR IMPLANT SL con CIF\/NIF B56244619&nbsp;y domicilo en Barcelona, Espa\u00f1a. Inscrita en el Registro Mercantil de Barcelona, <\/p>\n\n\n\n<p>La finalidad de la web es mostrar los servicios y productos que ofrece, as\u00ed como su posici\u00f3n en los mercados burs\u00e1tiles.<\/p>\n\n\n\n<p>Puede ponerse en contacto con nosotros:<\/p>\n\n\n\n<ul class=\"wp-block-list\">\n<li>Por tel\u00e9fono, en el n\u00famero +34 674 289 322<\/li>\n\n\n\n<li>Por correo electr\u00f3nico, escribiendo a&nbsp;info@valorimplant.com<\/li>\n\n\n\n<li>Por escrito, dirigi\u00e9ndose a CALLE MENDEZ NU\u00d1EZ 5-3 B 17600 Figueres (Girona)<\/li>\n<\/ul>\n\n\n\n<p>Para cualquier aclaraci\u00f3n por favor no duden en contactar con Valor Implant SL<\/p>\n\n\n\n<h2 class=\"wp-block-heading\">Condiciones de uso de la web<\/h2>\n\n\n\n<p>Las presentes condiciones de uso regulan el acceso a esta web por parte de los clientes de Valor Implant SL y dem\u00e1s usuarios de Internet. Por el mero uso de esta web, el usuario manifiesta su aceptaci\u00f3n sin reservas de las presentes condiciones de uso.<\/p>\n\n\n\n<p>Valor Implant SL se reserva el derecho unilateral de modificar las presentes condiciones de acceso a la web, as\u00ed como los contenidos en ella incluidos.<\/p>\n\n\n\n<h3 class=\"wp-block-heading\">Limitaci\u00f3n y exclusi\u00f3n de responsabilidad<\/h3>\n\n\n\n<p>El contenido de esta web es de car\u00e1cter general y tiene una finalidad y efectos exclusivamente informativos. Valor Implant SL rechaza la responsabilidad sobre cualquier informaci\u00f3n no elaborada por ella o publicada en su nombre de forma no autorizada por ella, al igual que la responsabilidad que se derive de la mala utilizaci\u00f3n por terceros de los contenidos.<\/p>\n\n\n\n<p>El usuario exonera a  Valor Implant SL de cualquier responsabilidad que pudiera derivarse de las interrupciones de disponibilidad de la p\u00e1gina web, ya sea por mal funcionamiento del servidor web o de aplicaciones, de las infraestructuras de comunicaciones, o del software y hardware utilizados para la navegaci\u00f3n.<\/p>\n\n\n\n<p>En el caso de incluir enlaces a otras p\u00e1ginas web,  Valor Implant SL declina cualquier responsabilidad relacionada con el acceso y utilizaci\u00f3n de dichos enlaces.<\/p>\n\n\n\n<h3 class=\"wp-block-heading\">Propiedad intelectual e industrial<\/h3>\n\n\n\n<p>La totalidad de esta web se encuentra protegida por las leyes sobre propiedad Intelectual e Industrial. Salvo que se indique lo contrario, los derechos de propiedad intelectual sobre estos contenidos corresponden en exclusiva a  Valor Implant SL. El usuario reconoce que el uso de los contenidos queda estrictamente limitado a finalidades personales del propio usuario y que la reproducci\u00f3n, distribuci\u00f3n, comunicaci\u00f3n o transformaci\u00f3n no expresamente autorizada de tales obras constituye una infracci\u00f3n de los derechos de propiedad intelectual.<\/p>\n\n\n\n<p>Asimismo, el usuario se abstendr\u00e1 de emplear los contenidos y, en particular, la informaci\u00f3n de cualquier clase obtenida a trav\u00e9s de la web para remitir publicidad, comunicaciones con fines de venta directa o con cualquier otra clase de finalidad comercial, mensajes no solicitados dirigidos a una pluralidad de personas con independencia de su finalidad. Tambi\u00e9n se abstendr\u00e1 de comercializar o divulgar de cualquier modo dicha informaci\u00f3n.<\/p>\n\n\n\n<p>www.valorimplant.com&nbsp;es un dominio de Valor Implant SL No puede ser utilizado, salvo autorizaci\u00f3n expresa previa, en conexi\u00f3n con otros productos o servicios que no sean de  Valor Implant SL de ninguna manera que pueda causar confusi\u00f3n entre nuestros clientes o descr\u00e9dito de  Valor Implant SL.<\/p>\n\n\n\n<h3 class=\"wp-block-heading\">Pol\u00edtica para enlazar a esta web<\/h3>\n\n\n\n<p>Si cualquier usuario, entidad o p\u00e1gina web deseara establecer alg\u00fan tipo de enlace con destino a esta web deber\u00e1 solicitar autorizaci\u00f3n previa a la realizaci\u00f3n del enlace y por escrito.<\/p>\n\n\n\n<p>Adem\u00e1s, s\u00f3lo se permite enlazar a la p\u00e1gina de inicio de la web. El enlace debe ser absoluto y completo, es decir, debe llevar al usuario a la propia direcci\u00f3n de  Valor Implant SL abarcando completamente la extensi\u00f3n de la pantalla de la p\u00e1gina que contiene el enlace. En ning\u00fan caso, salvo autorizaci\u00f3n expresa y por escrito de  Valor Implant SL, la p\u00e1gina que realice el enlace podr\u00e1 reproducir de cualquier manera la web de  Valor Implant SL, incluirla como parte de su web o dentro de uno de sus marcos sobre cualquiera de las p\u00e1ginas o contenidos de la presente web.<\/p>\n\n\n\n<p>No se incluir\u00e1 ninguna manifestaci\u00f3n falsa, inexacta o incorrecta sobre las p\u00e1ginas de esta web o los servicios que en ella se ofrecen.<\/p>\n\n\n\n<p>El enlace no contendr\u00e1 ninguna marca, nombre comercial, r\u00f3tulo de establecimiento, denominaci\u00f3n, logotipo, eslogan u otros signos distintivos pertenecientes a  Valor Implant SL. Bajo ninguna circunstancia,  Valor Implant SL ser\u00e1 responsable de los contenidos o servicios puestos a disposici\u00f3n del p\u00fablico en la p\u00e1gina web desde la que se realice el hiperenlace ni de las informaciones o manifestaciones incluidas en las mismas.<\/p>\n\n\n\n<h3 class=\"wp-block-heading\">Protecci\u00f3n de datos personales<\/h3>\n\n\n\n<p>La utilizaci\u00f3n de esta web y de sus formularios requiere la aceptaci\u00f3n del tratamiento de los datos del usuario bajo la responsabilidad de  Valor Implant SL para finalidades que incluyen la provisi\u00f3n de la web, la recopilaci\u00f3n de datos de acceso y el env\u00edo de informaci\u00f3n comercial por v\u00eda electr\u00f3nica, en determinados casos.<\/p>\n\n\n\n<p>Lea detenidamente la Pol\u00edtica de Privacidad&nbsp;para informaci\u00f3n adicional y detallada, incluyendo c\u00f3mo utilizamos los datos de los usuarios y c\u00f3mo ejercer los derechos de acceso, rectificaci\u00f3n, supresi\u00f3n, oposici\u00f3n, y otros derechos de protecci\u00f3n de datos.<\/p>\n\n\n\n<h3 class=\"wp-block-heading\">Cookies<\/h3>\n\n\n\n<p>Esta web utiliza cookies propias y de terceros para diversas finalidades incluyendo anal\u00edticas y publicidad adaptada a los intereses del usuario. El mero uso de esta web con las cookies activadas en el navegador implica la aceptaci\u00f3n de su tratamiento conforme a nuestra Pol\u00edtica de Cookies.<\/p>\n\n\n\n<p>Lea detenidamente nuestra pol\u00edtica de cookies para conocer los tipos de cookies empleados, y c\u00f3mo bloquearlas y borrarlas en su navegador.<\/p>\n\n\n\n<h3 class=\"wp-block-heading\">Prevalencia de la versi\u00f3n espa\u00f1ola<\/h3>\n\n\n\n<p>En caso de que se traduzca este aviso legal a otros idiomas, cuando haya discrepancia, la versi\u00f3n espa\u00f1ola prevalecer\u00e1.<\/p>\n\n\n\n<h3 class=\"wp-block-heading\">Legislaci\u00f3n y Jurisdicci\u00f3n aplicable<\/h3>\n\n\n\n<p>El presente Aviso Legal, as\u00ed como las relaciones entre  Valor Implant SL y los usuarios, se regir\u00e1n por la normativa espa\u00f1ola vigente y cualquier controversia se someter\u00e1 a los Juzgados y Tribunales de BARCELONA, excepto en el caso de consumidores y usuarios que se aplicar\u00e1 el fuero imperativo de los juzgados que correspondan a su domicilio.<\/p>\n\n\n\n<p>\u00a9 2026 VALOR IMPLANT SL<\/p>\n","protected":false},"excerpt":{"rendered":"<p>Titular de la web y datos de contacto www.valorimplant.com &nbsp;es un dominio en Internet titularidad de VALOR IMPLANT SL con CIF\/NIF B56244619&nbsp;y domicilo en Barcelona, Espa\u00f1a. Inscrita en el Registro Mercantil de Barcelona, La finalidad de la web es mostrar los servicios y productos que ofrece, as\u00ed como su posici\u00f3n en los mercados burs\u00e1tiles. Puede [&hellip;]<\/p>\n","protected":false},"author":1,"featured_media":0,"parent":0,"menu_order":0,"comment_status":"closed","ping_status":"closed","template":"","meta":{"_et_pb_use_builder":"off","_et_pb_old_content":"","_et_gb_content_width":"","inline_featured_image":false,"footnotes":""},"dipi_cpt_category":[],"class_list":["post-16","page","type-page","status-publish","hentry"],"yoast_head":"<!-- This site is optimized with the Yoast SEO plugin v26.9 - https:\/\/yoast.com\/product\/yoast-seo-wordpress\/ -->\n<title>Aviso legal - Valor Implant<\/title>\n<meta name=\"robots\" content=\"index, follow, max-snippet:-1, max-image-preview:large, max-video-preview:-1\" \/>\n<link rel=\"canonical\" href=\"https:\/\/valorimplant.com\/es\/aviso-legal\/\" \/>\n<meta property=\"og:locale\" content=\"es_ES\" \/>\n<meta property=\"og:type\" content=\"article\" \/>\n<meta property=\"og:title\" content=\"Aviso legal - Valor Implant\" \/>\n<meta property=\"og:description\" content=\"Titular de la web y datos de contacto www.valorimplant.com &nbsp;es un dominio en Internet titularidad de VALOR IMPLANT SL con CIF\/NIF B56244619&nbsp;y domicilo en Barcelona, Espa\u00f1a. Inscrita en el Registro Mercantil de Barcelona, La finalidad de la web es mostrar los servicios y productos que ofrece, as\u00ed como su posici\u00f3n en los mercados burs\u00e1tiles. Puede [&hellip;]\" \/>\n<meta property=\"og:url\" content=\"https:\/\/valorimplant.com\/es\/aviso-legal\/\" \/>\n<meta property=\"og:site_name\" content=\"Valor Implant\" \/>\n<meta property=\"article:modified_time\" content=\"2025-12-16T10:14:36+00:00\" \/>\n<meta name=\"twitter:card\" content=\"summary_large_image\" \/>\n<meta name=\"twitter:label1\" content=\"Tiempo de lectura\" \/>\n\t<meta name=\"twitter:data1\" content=\"5 minutos\" \/>\n<script type=\"application\/ld+json\" class=\"yoast-schema-graph\">{\"@context\":\"https:\/\/schema.org\",\"@graph\":[{\"@type\":\"WebPage\",\"@id\":\"https:\/\/valorimplant.com\/es\/aviso-legal\/\",\"url\":\"https:\/\/valorimplant.com\/es\/aviso-legal\/\",\"name\":\"Aviso legal - Valor Implant\",\"isPartOf\":{\"@id\":\"https:\/\/valorimplant.com\/es\/#website\"},\"datePublished\":\"2025-11-18T17:28:06+00:00\",\"dateModified\":\"2025-12-16T10:14:36+00:00\",\"breadcrumb\":{\"@id\":\"https:\/\/valorimplant.com\/es\/aviso-legal\/#breadcrumb\"},\"inLanguage\":\"es\",\"potentialAction\":[{\"@type\":\"ReadAction\",\"target\":[\"https:\/\/valorimplant.com\/es\/aviso-legal\/\"]}]},{\"@type\":\"BreadcrumbList\",\"@id\":\"https:\/\/valorimplant.com\/es\/aviso-legal\/#breadcrumb\",\"itemListElement\":[{\"@type\":\"ListItem\",\"position\":1,\"name\":\"Home\",\"item\":\"https:\/\/valorimplant.com\/es\/\"},{\"@type\":\"ListItem\",\"position\":2,\"name\":\"Aviso legal\"}]},{\"@type\":\"WebSite\",\"@id\":\"https:\/\/valorimplant.com\/es\/#website\",\"url\":\"https:\/\/valorimplant.com\/es\/\",\"name\":\"Valor Implant\",\"description\":\"\",\"potentialAction\":[{\"@type\":\"SearchAction\",\"target\":{\"@type\":\"EntryPoint\",\"urlTemplate\":\"https:\/\/valorimplant.com\/es\/?s={search_term_string}\"},\"query-input\":{\"@type\":\"PropertyValueSpecification\",\"valueRequired\":true,\"valueName\":\"search_term_string\"}}],\"inLanguage\":\"es\"}]}<\/script>\n<!-- \/ Yoast SEO plugin. -->","yoast_head_json":{"title":"Aviso legal - Valor Implant","robots":{"index":"index","follow":"follow","max-snippet":"max-snippet:-1","max-image-preview":"max-image-preview:large","max-video-preview":"max-video-preview:-1"},"canonical":"https:\/\/valorimplant.com\/es\/aviso-legal\/","og_locale":"es_ES","og_type":"article","og_title":"Aviso legal - Valor Implant","og_description":"Titular de la web y datos de contacto www.valorimplant.com &nbsp;es un dominio en Internet titularidad de VALOR IMPLANT SL con CIF\/NIF B56244619&nbsp;y domicilo en Barcelona, Espa\u00f1a. Inscrita en el Registro Mercantil de Barcelona, La finalidad de la web es mostrar los servicios y productos que ofrece, as\u00ed como su posici\u00f3n en los mercados burs\u00e1tiles. Puede [&hellip;]","og_url":"https:\/\/valorimplant.com\/es\/aviso-legal\/","og_site_name":"Valor Implant","article_modified_time":"2025-12-16T10:14:36+00:00","twitter_card":"summary_large_image","twitter_misc":{"Tiempo de lectura":"5 minutos"},"schema":{"@context":"https:\/\/schema.org","@graph":[{"@type":"WebPage","@id":"https:\/\/valorimplant.com\/es\/aviso-legal\/","url":"https:\/\/valorimplant.com\/es\/aviso-legal\/","name":"Aviso legal - Valor Implant","isPartOf":{"@id":"https:\/\/valorimplant.com\/es\/#website"},"datePublished":"2025-11-18T17:28:06+00:00","dateModified":"2025-12-16T10:14:36+00:00","breadcrumb":{"@id":"https:\/\/valorimplant.com\/es\/aviso-legal\/#breadcrumb"},"inLanguage":"es","potentialAction":[{"@type":"ReadAction","target":["https:\/\/valorimplant.com\/es\/aviso-legal\/"]}]},{"@type":"BreadcrumbList","@id":"https:\/\/valorimplant.com\/es\/aviso-legal\/#breadcrumb","itemListElement":[{"@type":"ListItem","position":1,"name":"Home","item":"https:\/\/valorimplant.com\/es\/"},{"@type":"ListItem","position":2,"name":"Aviso legal"}]},{"@type":"WebSite","@id":"https:\/\/valorimplant.com\/es\/#website","url":"https:\/\/valorimplant.com\/es\/","name":"Valor Implant","description":"","potentialAction":[{"@type":"SearchAction","target":{"@type":"EntryPoint","urlTemplate":"https:\/\/valorimplant.com\/es\/?s={search_term_string}"},"query-input":{"@type":"PropertyValueSpecification","valueRequired":true,"valueName":"search_term_string"}}],"inLanguage":"es"}]}},"_links":{"self":[{"href":"https:\/\/valorimplant.com\/es\/wp-json\/wp\/v2\/pages\/16","targetHints":{"allow":["GET"]}}],"collection":[{"href":"https:\/\/valorimplant.com\/es\/wp-json\/wp\/v2\/pages"}],"about":[{"href":"https:\/\/valorimplant.com\/es\/wp-json\/wp\/v2\/types\/page"}],"author":[{"embeddable":true,"href":"https:\/\/valorimplant.com\/es\/wp-json\/wp\/v2\/users\/1"}],"replies":[{"embeddable":true,"href":"https:\/\/valorimplant.com\/es\/wp-json\/wp\/v2\/comments?post=16"}],"version-history":[{"count":2,"href":"https:\/\/valorimplant.com\/es\/wp-json\/wp\/v2\/pages\/16\/revisions"}],"predecessor-version":[{"id":269,"href":"https:\/\/valorimplant.com\/es\/wp-json\/wp\/v2\/pages\/16\/revisions\/269"}],"wp:attachment":[{"href":"https:\/\/valorimplant.com\/es\/wp-json\/wp\/v2\/media?parent=16"}],"wp:term":[{"taxonomy":"dipi_cpt_category","embeddable":true,"href":"https:\/\/valorimplant.com\/es\/wp-json\/wp\/v2\/dipi_cpt_category?post=16"}],"curies":[{"name":"wp","href":"https:\/\/api.w.org\/{rel}","templated":true}]}}